{"id":7005,"date":"2025-08-24T22:38:04","date_gmt":"2025-08-24T20:38:04","guid":{"rendered":"https:\/\/www.ngdcare.nl\/product\/Ikke%20kategoriseret\/kolloid-soelv-naesespray-kolloid-soelv-naesespray\/"},"modified":"2026-03-29T14:24:06","modified_gmt":"2026-03-29T12:24:06","slug":"kolloid-soelv-naesespray-kolloid-soelv-naesespray","status":"publish","type":"product","link":"https:\/\/www.ngdcare.nl\/da\/product\/naturligt-kaeledyrsapotek\/generel-vitalitet\/kolloid-soelv-naesespray-kolloid-soelv-naesespray\/","title":{"rendered":"Kolloid s\u00f8lv n\u00e6sespray \u2013 kolloid s\u00f8lv n\u00e6sespray"},"content":{"rendered":"<p class=\"p1\"><strong>Colloidal Silver Nasal Spray<\/strong> fra NGD Care giver naturlig st\u00f8tte til n\u00e6seproblemer hos b\u00e5de k\u00e6ledyr og mennesker. Denne spray indeholder rent kolloidt s\u00f8lv i en koncentration p\u00e5 10 PPM (parts per million), opl\u00f8st i renset destilleret vand. Takket v\u00e6re brugen af nanos\u00f8lvpartikler er n\u00e6sesprayen s\u00e6rligt velegnet til f\u00f8lsomme slimhinder.  <\/p>\n<p class=\"p1\">S\u00f8lvet har naturligt en rensende effekt og bidrager til et sundt mikroklima i n\u00e6sepassagerne uden irriterende tils\u00e6tningsstoffer. Sprayen indeholder ingen alkohol, konserveringsmidler eller dufte, hvilket g\u00f8r den ogs\u00e5 sikker for unge dyr eller f\u00f8lsomme personer. <\/p>\n<p class=\"p1\">Sprayflasken g\u00f8r administrationen nem og pr\u00e6cis: med en spray pr. n\u00e6sebor n\u00e5s n\u00e6seslimhinden direkte. Virkningen er lokal, mild og uden kendte bivirkninger eller interaktioner. <\/p>\n<p class=\"p1\">Denne n\u00e6sespray bruges hovedsageligt til:<\/p>\n<p class=\"p1\">\u2013 overdreven n\u00e6sefl\u00e5d<\/p>\n<p class=\"p1\">\u2013 tilstoppet n\u00e6se<\/p>\n<p class=\"p1\">\u2013 st\u00f8tte af bihuler og luftveje<\/p>\n<p class=\"p1\">\u2013 postoperativ pleje af n\u00e6sehulen<\/p>\n<p class=\"p1\">\u2013 s\u00e6sonbestemte irritationer (f.eks. pollen)<\/p>\n","protected":false},"excerpt":{"rendered":"<p class=\"p1\">Kolloid S\u00f8lv N\u00e6sespray fra NGD Care er en mild, naturlig spray med 10 PPM nanos\u00f8lv i destilleret vand. Underst\u00f8tter slimhinder og n\u00e6sesundhed hos mennesker og dyr. <\/p>\n","protected":false},"featured_media":11087,"comment_status":"open","ping_status":"closed","template":"","meta":{"wds_primary_product_brand":0,"wds_primary_product_cat":0,"wds_primary_merken":0},"product_brand":[],"product_cat":[2194,2193,3341],"product_tag":[3778,3425,3781,1952,3423,1954,3345,3424,3779,3422,3347,3782,3780],"merken":[],"class_list":{"0":"post-7005","1":"product","2":"type-product","3":"status-publish","4":"has-post-thumbnail","6":"product_cat-antiinflammatorisk-da","7":"product_cat-generel-vitalitet","8":"product_cat-kolloid","9":"product_tag-bihulebetaendelse","10":"product_tag-ekstern-brug","11":"product_tag-forreste-luftveje","12":"product_tag-hund-da","13":"product_tag-infektion-da","14":"product_tag-kat-da","15":"product_tag-kolloid","16":"product_tag-kolloidt-solv","17":"product_tag-naesespray","18":"product_tag-nano-solv-da","19":"product_tag-ngd-care-kolloid","20":"product_tag-rhinitis-da","21":"product_tag-solv-naesespray","22":"infinite-scroll-item","23":"sales-flash-overlay","24":"woocommerce-text-align-center","25":"woocommerce-image-align-center","26":"do-quantity-buttons","28":"first","29":"instock","30":"taxable","31":"shipping-taxable","32":"purchasable","33":"product-type-simple"},"_links":{"self":[{"href":"https:\/\/www.ngdcare.nl\/da\/wp-json\/wp\/v2\/product\/7005","targetHints":{"allow":["GET"]}}],"collection":[{"href":"https:\/\/www.ngdcare.nl\/da\/wp-json\/wp\/v2\/product"}],"about":[{"href":"https:\/\/www.ngdcare.nl\/da\/wp-json\/wp\/v2\/types\/product"}],"replies":[{"embeddable":true,"href":"https:\/\/www.ngdcare.nl\/da\/wp-json\/wp\/v2\/comments?post=7005"}],"wp:featuredmedia":[{"embeddable":true,"href":"https:\/\/www.ngdcare.nl\/da\/wp-json\/wp\/v2\/media\/11087"}],"wp:attachment":[{"href":"https:\/\/www.ngdcare.nl\/da\/wp-json\/wp\/v2\/media?parent=7005"}],"wp:term":[{"taxonomy":"product_brand","embeddable":true,"href":"https:\/\/www.ngdcare.nl\/da\/wp-json\/wp\/v2\/product_brand?post=7005"},{"taxonomy":"product_cat","embeddable":true,"href":"https:\/\/www.ngdcare.nl\/da\/wp-json\/wp\/v2\/product_cat?post=7005"},{"taxonomy":"product_tag","embeddable":true,"href":"https:\/\/www.ngdcare.nl\/da\/wp-json\/wp\/v2\/product_tag?post=7005"},{"taxonomy":"merken","embeddable":true,"href":"https:\/\/www.ngdcare.nl\/da\/wp-json\/wp\/v2\/merken?post=7005"}],"curies":[{"name":"wp","href":"https:\/\/api.w.org\/{rel}","templated":true}]}}