{"id":7023,"date":"2025-09-27T21:51:08","date_gmt":"2025-09-27T19:51:08","guid":{"rendered":"https:\/\/www.ngdcare.nl\/product\/Ikke kategoriseret\/stoette-til-kirurgi\/"},"modified":"2025-09-27T21:51:08","modified_gmt":"2025-09-27T19:51:08","slug":"stoette-til-kirurgi","status":"publish","type":"product","link":"https:\/\/www.ngdcare.nl\/da\/product\/blomster-retsmidler\/stoette-til-kirurgi\/","title":{"rendered":"St\u00f8tte til kirurgi"},"content":{"rendered":"<p><span style=\"font-size: inherit;\">Vores vejledning om hj\u00e6lp til NGD Care <\/span><strong><br \/>\n  <span style=\"font-size: inherit;\"><br \/>\n<\/span><strong style=\"font-weight: 400; font-size: inherit;\">\u2013 Kirurgisk st\u00f8tte<\/strong><\/strong><span style=\"font-weight: 400; font-size: inherit;\">  er et omhyggeligt sammensat blomstermiddel til mennesker og dyr, der er rettet mod st\u00f8tte under og efter operationer, an\u00e6stesi eller andre fysiske procedurer. Denne essens virker p\u00e5 et dybt energisk niveau: den hj\u00e6lper med at genbebo kroppen, beskytter mod energisk indtr\u00e6ngen og fremmer hvile, selvtillid og restitution. <\/span><\/p>\n<p style=\"font-weight: 400;\">Kombinationen af australske og Star Remedies blomster er rettet mod <strong>jordforbindelse, traumebehandling, energisk restitution<\/strong> og <strong>f\u00f8lelsesm\u00e6ssig beskyttelse<\/strong>. Dette middel er ideelt til: <\/p>\n<ul style=\"font-weight: 400;\">\n<li>Restitution efter an\u00e6stesi<\/li>\n<li>arv\u00e6v eller energiske &#8216;l\u00e6kager&#8217;<\/li>\n<li>chok, frygt eller f\u00f8lelse af at blive forladt<\/li>\n<li>dyb rastl\u00f8shed under helingsprocessen<\/li>\n<\/ul>\n<p style=\"font-weight: 400;\">Kan bruges til at underst\u00f8tte s\u00e5rheling, restitution efter sygdom og fysisk eller f\u00f8lelsesm\u00e6ssig stress hos dyr og mennesker. Kombiner gerne med sk\u00e5nsom pleje, hvile og et sikkert milj\u00f8. <\/p>\n<p style=\"font-weight: 400;\"><strong>Sammens\u00e6tning og virkning<\/strong><\/p>\n<ul style=\"font-weight: 400;\">\n<li><strong>Terra<\/strong> \u2013 Genopretning, jordforbindelse og opv\u00e5gning efter an\u00e6stesi.<\/li>\n<li><strong>Englesv\u00e6rd<\/strong> \u2013 Beskyttelse mod \u00e5ndelig\/energetisk invasion (s\u00e5som sk\u00e6ring eller sedation).<\/li>\n<li><strong>Frynset Viol<\/strong> \u2013 Genopretter aura og \u00e6terisk krop.<\/li>\n<li><strong>Rhodolit granat<\/strong> \u2013 Hj\u00e6lper med at genbebo kroppen; gendannelse af energisk web.<\/li>\n<li><strong>AnimalCare<\/strong> \u2013 F\u00f8rstehj\u00e6lp til chok, traumer eller forladthed.<\/li>\n<li><strong>K\u00e6rlighed og h\u00e5b<\/strong> \u2013 Tr\u00f8st, k\u00e6rlighed, mildhed og tillid.<\/li>\n<li><strong>Betlehemsstjernen<\/strong> \u2013 Traumerenser p\u00e5 celle- og sj\u00e6lsniveau.<\/li>\n<li><strong>Valmue<\/strong> \u2013 Underst\u00f8tter overgivelse, behandling og hvile under s\u00f8vn eller sedation.<\/li>\n<li><strong>Maskeblomst<\/strong> \u2013 Giv slip p\u00e5 frygten, \u00f8g f\u00f8lelsen af tryghed.<\/li>\n<li><strong>Grace urt (Scutellaria)<\/strong> \u2013 Beroliger nervesystemet, fremmer fysisk restitution.<\/li>\n<\/ul>\n<p>For fuld vejledning r\u00e5der vi dig til at k\u00f8be post-op-pakken. Udover blomsterne indeholder dette ogs\u00e5 vores liposomale curcumin og chlorella, spirulina og lucerne. <\/p>\n","protected":false},"excerpt":{"rendered":"<p>Denne kraftfulde blomsterformel st\u00f8tter dyr og mennesker f\u00f8r, under og efter operationer. Hj\u00e6lper med jordforbindelse, traumegenopretning, beskyttelse og genopretning af den energiske krop. Ideel til an\u00e6stesi, s\u00e5rheling, chok og f\u00f8lelsesm\u00e6ssig belastning.  <\/p>\n","protected":false},"featured_media":5488,"comment_status":"open","ping_status":"closed","template":"","meta":{"wds_primary_product_brand":0,"wds_primary_product_cat":0,"wds_primary_merken":0},"product_brand":[],"product_cat":[3319],"product_tag":[3788,3786,3787,3789,3673,3784,3783,3785],"merken":[],"class_list":{"0":"post-7023","1":"product","2":"type-product","3":"status-publish","4":"has-post-thumbnail","6":"product_cat-blomster-retsmidler","7":"product_tag-aura-recovery-da","8":"product_tag-blomster-til-dyr","9":"product_tag-blomstre-under-anaestesi","10":"product_tag-blossoms-ngd-pleje","11":"product_tag-energisk-restitution","12":"product_tag-kirurgi-med-blomstermedicin","13":"product_tag-postoperativ-restitution","14":"product_tag-traumehelende-blomster","15":"infinite-scroll-item","16":"sales-flash-overlay","17":"woocommerce-text-align-center","18":"woocommerce-image-align-center","19":"do-quantity-buttons","21":"first","22":"instock","23":"taxable","24":"shipping-taxable","25":"purchasable","26":"product-type-simple"},"_links":{"self":[{"href":"https:\/\/www.ngdcare.nl\/da\/wp-json\/wp\/v2\/product\/7023","targetHints":{"allow":["GET"]}}],"collection":[{"href":"https:\/\/www.ngdcare.nl\/da\/wp-json\/wp\/v2\/product"}],"about":[{"href":"https:\/\/www.ngdcare.nl\/da\/wp-json\/wp\/v2\/types\/product"}],"replies":[{"embeddable":true,"href":"https:\/\/www.ngdcare.nl\/da\/wp-json\/wp\/v2\/comments?post=7023"}],"wp:featuredmedia":[{"embeddable":true,"href":"https:\/\/www.ngdcare.nl\/da\/wp-json\/wp\/v2\/media\/5488"}],"wp:attachment":[{"href":"https:\/\/www.ngdcare.nl\/da\/wp-json\/wp\/v2\/media?parent=7023"}],"wp:term":[{"taxonomy":"product_brand","embeddable":true,"href":"https:\/\/www.ngdcare.nl\/da\/wp-json\/wp\/v2\/product_brand?post=7023"},{"taxonomy":"product_cat","embeddable":true,"href":"https:\/\/www.ngdcare.nl\/da\/wp-json\/wp\/v2\/product_cat?post=7023"},{"taxonomy":"product_tag","embeddable":true,"href":"https:\/\/www.ngdcare.nl\/da\/wp-json\/wp\/v2\/product_tag?post=7023"},{"taxonomy":"merken","embeddable":true,"href":"https:\/\/www.ngdcare.nl\/da\/wp-json\/wp\/v2\/merken?post=7023"}],"curies":[{"name":"wp","href":"https:\/\/api.w.org\/{rel}","templated":true}]}}