{"id":7066,"date":"2025-09-15T21:21:54","date_gmt":"2025-09-15T19:21:54","guid":{"rendered":"https:\/\/www.ngdcare.nl\/product\/Ikke%20kategoriseret\/ozone-jojoba-skin-balm-skin-balm\/"},"modified":"2026-03-29T14:18:34","modified_gmt":"2026-03-29T12:18:34","slug":"ozone-jojoba-skin-balm-skin-balm","status":"publish","type":"product","link":"https:\/\/www.ngdcare.nl\/da\/product\/hud-og-pels\/ozone-jojoba-skin-balm-skin-balm\/","title":{"rendered":"Ozone Jojoba Skin Balm \u2013 Skin Balm"},"content":{"rendered":"<p data-start=\"6539\" data-end=\"6718\"><strong data-start=\"6752\" data-end=\"6783\">Ozone Jojoba hudbalsam \u2013 Skin Balm<\/strong> bruger jojobaens naturlige <strong data-start=\"6809\" data-end=\"6825\">vokskarakter<\/strong> : med tungere ozonering dannes en <strong data-start=\"6878\" data-end=\"6897\">stabil balsam<\/strong> , der l\u00e6gger et tyndt, semi-okklusivt lag. Ideel til <strong data-start=\"6952\" data-end=\"6983\">lokale, t\u00f8rre eller ru omr\u00e5der<\/strong> (potepuder, n\u00e6se, hudfolder og hylder). Uden parfume.  <\/p>\n<p data-start=\"4084\" data-end=\"4651\">Ozonjojobaolie \u2013 <strong data-start=\"4158\" data-end=\"4171\">Skin Balm<\/strong> er en <strong data-start=\"4179\" data-end=\"4209\">halvfast, stabil balsam<\/strong> baseret p\u00e5 ozoneret <strong data-start=\"4237\" data-end=\"4252\">jojobaolie<\/strong>. P\u00e5 grund af jojobaens naturlige <strong data-start=\"4275\" data-end=\"4291\">vokskarakter<\/strong> skaber tungere ozonering et <strong data-start=\"4341\" data-end=\"4372\">tyndt, semi-okklusivt lag,<\/strong> der <strong data-start=\"4377\" data-end=\"4404\">forbliver p\u00e5 plads i lang tid<\/strong>. Balmen er <strong data-start=\"4419\" data-end=\"4437\">ikke-kl\u00e6brig<\/strong>, <strong data-start=\"4439\" data-end=\"4453\">parfumefri<\/strong> og ideel til <strong data-start=\"4469\" data-end=\"4500\">lokale, t\u00f8rre eller barske omr\u00e5der<\/strong>.  <\/p>\n<p data-start=\"4084\" data-end=\"4651\"><strong data-start=\"4653\" data-end=\"4701\">Anvendelsesomr\u00e5der<\/strong> er lokal pleje af t\u00f8rre\/ru pletter som hylder og andre liggeomr\u00e5der, tr\u00e6depuder, n\u00e6seoverflade og hudfolder. Balmen har en underst\u00f8ttende effekt p\u00e5 bakterie- og g\u00e6rinfektioner i huden og tr\u00e6nger godt ind i biofilmen. <\/p>\n","protected":false},"excerpt":{"rendered":"<p data-start=\"6539\" data-end=\"6718\">Rig, halvfast <strong data-start=\"6588\" data-end=\"6602\">hudbalsam<\/strong> baseret p\u00e5 ozoneret jojobaolie. Plejer og beskytter sm\u00e5 t\u00f8rre\/ru pletter og forbliver p\u00e5 plads i lang tid. <\/p>\n<p data-start=\"6720\" data-end=\"7093\">\n","protected":false},"featured_media":17404,"comment_status":"open","ping_status":"closed","template":"","meta":{"wds_primary_product_brand":0,"wds_primary_product_cat":0,"wds_primary_merken":0},"product_brand":[],"product_cat":[2470,3569],"product_tag":[3575,3571,3572,3573,3570],"merken":[],"class_list":{"0":"post-7066","1":"product","2":"type-product","3":"status-publish","4":"has-post-thumbnail","6":"product_cat-hud-og-pels","7":"product_cat-ozon-da","8":"product_tag-oredraber","9":"product_tag-ozoneret-jojoba","10":"product_tag-pleje-af-hundeore","11":"product_tag-pleje-af-katteore","12":"product_tag-uden-parfume","13":"infinite-scroll-item","14":"sales-flash-overlay","15":"woocommerce-text-align-center","16":"woocommerce-image-align-center","17":"do-quantity-buttons","19":"first","20":"instock","21":"taxable","22":"shipping-taxable","23":"purchasable","24":"product-type-simple"},"_links":{"self":[{"href":"https:\/\/www.ngdcare.nl\/da\/wp-json\/wp\/v2\/product\/7066","targetHints":{"allow":["GET"]}}],"collection":[{"href":"https:\/\/www.ngdcare.nl\/da\/wp-json\/wp\/v2\/product"}],"about":[{"href":"https:\/\/www.ngdcare.nl\/da\/wp-json\/wp\/v2\/types\/product"}],"replies":[{"embeddable":true,"href":"https:\/\/www.ngdcare.nl\/da\/wp-json\/wp\/v2\/comments?post=7066"}],"wp:featuredmedia":[{"embeddable":true,"href":"https:\/\/www.ngdcare.nl\/da\/wp-json\/wp\/v2\/media\/17404"}],"wp:attachment":[{"href":"https:\/\/www.ngdcare.nl\/da\/wp-json\/wp\/v2\/media?parent=7066"}],"wp:term":[{"taxonomy":"product_brand","embeddable":true,"href":"https:\/\/www.ngdcare.nl\/da\/wp-json\/wp\/v2\/product_brand?post=7066"},{"taxonomy":"product_cat","embeddable":true,"href":"https:\/\/www.ngdcare.nl\/da\/wp-json\/wp\/v2\/product_cat?post=7066"},{"taxonomy":"product_tag","embeddable":true,"href":"https:\/\/www.ngdcare.nl\/da\/wp-json\/wp\/v2\/product_tag?post=7066"},{"taxonomy":"merken","embeddable":true,"href":"https:\/\/www.ngdcare.nl\/da\/wp-json\/wp\/v2\/merken?post=7066"}],"curies":[{"name":"wp","href":"https:\/\/api.w.org\/{rel}","templated":true}]}}