{"id":7077,"date":"2025-09-15T21:48:30","date_gmt":"2025-09-15T19:48:30","guid":{"rendered":"https:\/\/www.ngdcare.nl\/product\/Ikke%20kategoriseret\/ozonglycerin-skin-gel-skin-gel\/"},"modified":"2026-04-15T16:30:32","modified_gmt":"2026-04-15T14:30:32","slug":"ozonglycerin-skin-gel-skin-gel","status":"publish","type":"product","link":"https:\/\/www.ngdcare.nl\/da\/product\/hud-og-pels\/ozonglycerin-skin-gel-skin-gel\/","title":{"rendered":"Ozonglycerin Skin Gel \u2013 Skin Gel"},"content":{"rendered":"<p data-start=\"4723\" data-end=\"5116\">Ozone Glycerin Skin<strong data-start=\"2941\" data-end=\"2962\"> Gel \u2013 Skin Gel<\/strong> er en <strong data-start=\"2970\" data-end=\"3001\">h\u00f8jvisk\u00f8s gel<\/strong> baseret p\u00e5 100 % premium ozoneret glycerin. Gelteksturen er designet <strong data-start=\"3071\" data-end=\"3114\">til at blive, hvor du p\u00e5f\u00f8rer<\/strong>, ideel til <strong data-start=\"3128\" data-end=\"3164\">sm\u00e5, lokaliserede hudomr\u00e5der (ru eller fortykkede omr\u00e5der).<\/strong> Den <strong data-start=\"3169\" data-end=\"3184\">parfumefri<\/strong> formel <strong data-start=\"3199\" data-end=\"3214\">f\u00f8les ikke fedtet<\/strong> og er nem at sprede tyndt, med en behagelig hudf\u00f8lelse og <strong data-start=\"3284\" data-end=\"3307\">l\u00e6ngere kontakttid<\/strong> end en vandig opl\u00f8sning. Duften er ogs\u00e5 behagelig i mods\u00e6tning til den ozonerede olivenolie, som kan tr\u00e6nge igennem.   <\/p>\n<p data-start=\"4723\" data-end=\"5116\">Denne gel har det h\u00f8jeste peroxidindeks af vores ozonprodukter. Som et resultat har det den st\u00e6rkeste underst\u00f8ttende effekt mod bakterier, vira, g\u00e6r, svampe og vortelignende strukturer. <\/p>\n<p data-start=\"4723\" data-end=\"5116\">\n","protected":false},"excerpt":{"rendered":"<p>M\u00e5lrettet, vandig <strong data-start=\"4608\" data-end=\"4619\">hudgel<\/strong> baseret p\u00e5 ozoneret glycerin. Ideel til lokal pleje af sm\u00e5 ru\/fortykkede pletter. <\/p>\n","protected":false},"featured_media":18242,"comment_status":"open","ping_status":"closed","template":"","meta":{"wds_primary_product_brand":0,"wds_primary_product_cat":0,"wds_primary_merken":0},"product_brand":[],"product_cat":[2470,3569],"product_tag":[1952,1954,3841,3842,3570],"merken":[],"class_list":{"0":"post-7077","1":"product","2":"type-product","3":"status-publish","4":"has-post-thumbnail","6":"product_cat-hud-og-pels","7":"product_cat-ozon-da","8":"product_tag-hund-da","9":"product_tag-kat-da","10":"product_tag-ozoneret-glycerin","11":"product_tag-skin-gel-da","12":"product_tag-uden-parfume","13":"infinite-scroll-item","14":"sales-flash-overlay","15":"woocommerce-text-align-center","16":"woocommerce-image-align-center","17":"do-quantity-buttons","19":"first","20":"outofstock","21":"taxable","22":"shipping-taxable","23":"purchasable","24":"product-type-variable"},"_links":{"self":[{"href":"https:\/\/www.ngdcare.nl\/da\/wp-json\/wp\/v2\/product\/7077","targetHints":{"allow":["GET"]}}],"collection":[{"href":"https:\/\/www.ngdcare.nl\/da\/wp-json\/wp\/v2\/product"}],"about":[{"href":"https:\/\/www.ngdcare.nl\/da\/wp-json\/wp\/v2\/types\/product"}],"replies":[{"embeddable":true,"href":"https:\/\/www.ngdcare.nl\/da\/wp-json\/wp\/v2\/comments?post=7077"}],"wp:featuredmedia":[{"embeddable":true,"href":"https:\/\/www.ngdcare.nl\/da\/wp-json\/wp\/v2\/media\/18242"}],"wp:attachment":[{"href":"https:\/\/www.ngdcare.nl\/da\/wp-json\/wp\/v2\/media?parent=7077"}],"wp:term":[{"taxonomy":"product_brand","embeddable":true,"href":"https:\/\/www.ngdcare.nl\/da\/wp-json\/wp\/v2\/product_brand?post=7077"},{"taxonomy":"product_cat","embeddable":true,"href":"https:\/\/www.ngdcare.nl\/da\/wp-json\/wp\/v2\/product_cat?post=7077"},{"taxonomy":"product_tag","embeddable":true,"href":"https:\/\/www.ngdcare.nl\/da\/wp-json\/wp\/v2\/product_tag?post=7077"},{"taxonomy":"merken","embeddable":true,"href":"https:\/\/www.ngdcare.nl\/da\/wp-json\/wp\/v2\/merken?post=7077"}],"curies":[{"name":"wp","href":"https:\/\/api.w.org\/{rel}","templated":true}]}}