{"id":7098,"date":"2025-09-15T21:10:30","date_gmt":"2025-09-15T19:10:30","guid":{"rendered":"https:\/\/www.ngdcare.nl\/product\/Ikke%20kategoriseret\/ozonglycerin-naesedraaber-naesespray\/"},"modified":"2026-04-15T16:28:24","modified_gmt":"2026-04-15T14:28:24","slug":"ozonglycerin-naesedraaber-naesespray","status":"publish","type":"product","link":"https:\/\/www.ngdcare.nl\/da\/product\/ozon-da\/ozonglycerin-naesedraaber-naesespray\/","title":{"rendered":"Ozonglycerin n\u00e6sedr\u00e5ber \u2013 N\u00e6sespray"},"content":{"rendered":"<p data-start=\"1627\" data-end=\"2267\">Ozonglycerin <strong data-start=\"1700\" data-end=\"1720\">n\u00e6sedr\u00e5ber \u2013 N\u00e6sespray<\/strong> er en <strong data-start=\"1728\" data-end=\"1757\">vandig, mild n\u00e6sespray<\/strong> med <strong data-start=\"1762\" data-end=\"1792\">5 % ozoneret glycerin<\/strong> i <strong data-start=\"1796\" data-end=\"1809\">0,9 % NaCl<\/strong>. Den fine t\u00e5ge er <strong data-start=\"1829\" data-end=\"1862\">behagelig for slimhinderne<\/strong> og hj\u00e6lper med at holde <strong data-start=\"1876\" data-end=\"1902\">n\u00e6semikroklimaet friskt<\/strong> . Takket v\u00e6re glycerinens <strong data-start=\"1925\" data-end=\"1939\">fugtighedsbevarende <\/strong>egenskaber forbliver overfladen behagelig at r\u00f8re ved uden at kl\u00e6be eller t\u00f8rre ud. Formlen er <strong data-start=\"2057\" data-end=\"2071\">parfumefri<\/strong> og minimalistisk, velegnet til <strong data-start=\"2105\" data-end=\"2126\">daglig brug<\/strong> p\u00e5 hund og kat.   <\/p>\n<p data-start=\"2269\" data-end=\"2319\"><strong data-start=\"2269\" data-end=\"2317\">Indikationer<\/strong> for brug af n\u00e6sespray er en underst\u00f8ttende effekt p\u00e5 rhinitis, fork\u00f8lelse og tilstoppet n\u00e6se. Desuden kan det bidrage til daglig pleje af n\u00e6sen og underst\u00f8tte et t\u00f8rt st\u00f8vet milj\u00f8. <\/p>\n","protected":false},"excerpt":{"rendered":"<p>Mild n\u00e6sespray med 5% ozoneret glycerin i 0,9% NaCl. Det holder det nasale mikroklima frisk og f\u00f8les behageligt for slimhinderne.<\/p>\n","protected":false},"featured_media":18262,"comment_status":"open","ping_status":"closed","template":"","meta":{"wds_primary_product_brand":0,"wds_primary_product_cat":0,"wds_primary_merken":0},"product_brand":[],"product_cat":[3569],"product_tag":[1952,1954,3875,3779,3841],"merken":[],"class_list":{"0":"post-7098","1":"product","2":"type-product","3":"status-publish","4":"has-post-thumbnail","6":"product_cat-ozon-da","7":"product_tag-hund-da","8":"product_tag-kat-da","9":"product_tag-naesepleje","10":"product_tag-naesespray","11":"product_tag-ozoneret-glycerin","12":"infinite-scroll-item","13":"sales-flash-overlay","14":"woocommerce-text-align-center","15":"woocommerce-image-align-center","16":"do-quantity-buttons","18":"first","19":"outofstock","20":"taxable","21":"shipping-taxable","22":"purchasable","23":"product-type-simple"},"_links":{"self":[{"href":"https:\/\/www.ngdcare.nl\/da\/wp-json\/wp\/v2\/product\/7098","targetHints":{"allow":["GET"]}}],"collection":[{"href":"https:\/\/www.ngdcare.nl\/da\/wp-json\/wp\/v2\/product"}],"about":[{"href":"https:\/\/www.ngdcare.nl\/da\/wp-json\/wp\/v2\/types\/product"}],"replies":[{"embeddable":true,"href":"https:\/\/www.ngdcare.nl\/da\/wp-json\/wp\/v2\/comments?post=7098"}],"wp:featuredmedia":[{"embeddable":true,"href":"https:\/\/www.ngdcare.nl\/da\/wp-json\/wp\/v2\/media\/18262"}],"wp:attachment":[{"href":"https:\/\/www.ngdcare.nl\/da\/wp-json\/wp\/v2\/media?parent=7098"}],"wp:term":[{"taxonomy":"product_brand","embeddable":true,"href":"https:\/\/www.ngdcare.nl\/da\/wp-json\/wp\/v2\/product_brand?post=7098"},{"taxonomy":"product_cat","embeddable":true,"href":"https:\/\/www.ngdcare.nl\/da\/wp-json\/wp\/v2\/product_cat?post=7098"},{"taxonomy":"product_tag","embeddable":true,"href":"https:\/\/www.ngdcare.nl\/da\/wp-json\/wp\/v2\/product_tag?post=7098"},{"taxonomy":"merken","embeddable":true,"href":"https:\/\/www.ngdcare.nl\/da\/wp-json\/wp\/v2\/merken?post=7098"}],"curies":[{"name":"wp","href":"https:\/\/api.w.org\/{rel}","templated":true}]}}