{"id":7221,"date":"2024-10-01T23:53:00","date_gmt":"2024-10-01T21:53:00","guid":{"rendered":"https:\/\/www.ngdcare.nl\/product\/Ikke%20kategoriseret\/alderdomsprotokol\/"},"modified":"2026-01-30T00:14:05","modified_gmt":"2026-01-29T23:14:05","slug":"alderdomsprotokol","status":"publish","type":"product","link":"https:\/\/www.ngdcare.nl\/da\/product\/veterinary-health\/protokoller\/alderdomsprotokol\/","title":{"rendered":"Alderdomsprotokol"},"content":{"rendered":"<p data-start=\"484\" data-end=\"832\">NGD Care Aging Protocol er specielt udviklet til at underst\u00f8tte aldringsprocesser hos hunde og katte <strong data-start=\"584\" data-end=\"601\">indefra og ud <\/strong>.<br data-start=\"618\" data-end=\"621\">Aldring ledsages af \u00e6ndringer p\u00e5 celle- og v\u00e6vsniveau<\/p>\n<ul>\n<li data-start=\"1150\" data-end=\"1194\">Nedgang i mitokondrieenergiproduktion<\/li>\n<li data-start=\"1197\" data-end=\"1241\">Stigning i oxidativt stress og celleskader<\/li>\n<li data-start=\"1244\" data-end=\"1297\">Kronisk, lavgradig inflammation (&#8220;inflammaging&#8221;)<\/li>\n<li data-start=\"1300\" data-end=\"1341\">Reduceret kollagen- og v\u00e6vsopbygning<\/li>\n<li data-start=\"1344\" data-end=\"1391\">Fald i mikrobiomdiversitet og ford\u00f8jelse<\/li>\n<\/ul>\n<p data-start=\"834\" data-end=\"1046\">Vi ser aldring som et samspil mellem biologiske systemer, der kontinuerligt p\u00e5virker hinanden. Denne protokol fokuserer ikke p\u00e5 symptomkontrol, men p\u00e5 <strong data-start=\"899\" data-end=\"970\">at bremse forv\u00e6rring og st\u00f8tte restitutionsevnen<\/strong>, s\u00e5 dyrene forbliver vitale, komfortable og livsfulde s\u00e5 l\u00e6nge som muligt. <\/p>\n<p data-start=\"834\" data-end=\"1046\">NGD Care Old Age Protocol underst\u00f8tter disse systemer samtidig og sammen, s\u00e5 kroppen kan forts\u00e6tte med at tilpasse sig, komme sig og \u00e6ldes i balance s\u00e5 godt som muligt.<\/p>\n<h2 data-start=\"1434\" data-end=\"1469\">Indholdet af Alderdommens Protokol<\/h2>\n<ul>\n<li data-start=\"1471\" data-end=\"1508\"><strong>Liposomalt levetidskompleks<\/strong>\n<ul>\n<li data-start=\"1509\" data-end=\"1645\">Underst\u00f8tter cellul\u00e6r energimetabolisme, DNA-reparation og antioxidantbeskyttelse. Bidrager til sund aldring p\u00e5 celleniveau. <\/li>\n<\/ul>\n<\/li>\n<li data-start=\"1647\" data-end=\"1679\"><strong>Liposomalt koenzym Q10<\/strong>\n<ul>\n<li data-start=\"1680\" data-end=\"1830\">Essentiel for mitokondrieel energiproduktion. St\u00f8tter hjerte, muskler og udholdenhed og hj\u00e6lper med at reducere tr\u00e6thed hos \u00e6ldre dyr. <\/li>\n<\/ul>\n<\/li>\n<li data-start=\"1832\" data-end=\"1862\"><strong>Liposomal Glutathion<\/strong>\n<ul>\n<li data-start=\"1863\" data-end=\"1986\">En kraftfuld kroppens egen antioxidant, der beskytter cellerne mod oxidativ skade og underst\u00f8tter afgiftningssystemet.<\/li>\n<\/ul>\n<\/li>\n<li data-start=\"1988\" data-end=\"2024\"><strong>Liposomal histaminbalance<\/strong>\n<ul>\n<li data-start=\"2025\" data-end=\"2201\">MSM leverer biotilg\u00e6ngeligt svovl til opbygning af kollagen og bindev\u00e6v.<\/li>\n<li data-start=\"2025\" data-end=\"2201\">Quercetin beskytter cellerne mod frie radikaler og underst\u00f8tter aldring af v\u00e6v og organer.<\/li>\n<\/ul>\n<\/li>\n<li><strong>Liposomal curcuminekstrakt  <\/strong>\n<ul>\n<li data-start=\"2025\" data-end=\"2201\">St\u00e6rk naturlig antiinflammatorisk og antioxidant. Curcumin underst\u00f8tter reguleringen af lavgradig inflammation. <\/li>\n<\/ul>\n<\/li>\n<li data-start=\"2203\" data-end=\"2232\"><strong data-start=\"2210\" data-end=\"2230\">Mobilitetsst\u00f8tte<\/strong>\n<ul>\n<li data-start=\"2233\" data-end=\"2413\">Med det form\u00e5l at opretholde glidende bev\u00e6gelser, ledkomfort og muskelfunktion. Underst\u00f8tter det muskuloskeletale system i tilf\u00e6lde af aldersrelateret stivhed og nedsat belastningskapacitet. <\/li>\n<\/ul>\n<\/li>\n<li data-start=\"2415\" data-end=\"2479\"><strong data-start=\"2422\" data-end=\"2477\">Liposomalt myco-immunkompleks<\/strong>\n<ul>\n<li data-start=\"2480\" data-end=\"2643\">Indeholder fire medicinske svampe til at st\u00f8tte immunsystemet, tumorundertrykkelse og tarmens sundhed. Beta-glukanerne fungerer ogs\u00e5 som pr\u00e6biotika. <\/li>\n<\/ul>\n<\/li>\n<li data-start=\"2645\" data-end=\"2712\"><strong data-start=\"2652\" data-end=\"2710\">Liposomalt Myco Adaptogenkompleks<\/strong>\n<ul>\n<li data-start=\"2713\" data-end=\"2837\">Adaptogene svampe underst\u00f8tter stressregulering, modstandsdygtighed, energi og adf\u00e6rd hos \u00e6ldre dyr.<\/li>\n<\/ul>\n<\/li>\n<li data-start=\"2878\" data-end=\"3014\"><strong>. Omega-blanding<\/strong>\n<ul>\n<li data-start=\"3037\" data-end=\"3214\">Meget ren omega-3-kilde med antiinflammatoriske egenskaber. St\u00f8tter led, hjerne og immunsystem. Inden for kinesisk ern\u00e6ring forbundet med nyre-yin.  <\/li>\n<\/ul>\n<\/li>\n<li data-start=\"3216\" data-end=\"3235\"><strong>Prebiotisk fiber<\/strong>\n<ul>\n<li data-start=\"3236\" data-end=\"3373\">St\u00f8t mikrobiomet, hj\u00e6lp med at forebygge dysbiose og bidrog til bedre n\u00e6ringsoptagelse \u2013 hvilket er essentielt i alderdommen.<\/li>\n<\/ul>\n<\/li>\n<\/ul>\n<h4 data-start=\"3306\" data-end=\"3342\">Hvorn\u00e5r er denne protokol egnet?<\/h4>\n<ul>\n<li data-start=\"3343\" data-end=\"3570\">For \u00e6ldre hunde og katte<\/li>\n<li data-start=\"3343\" data-end=\"3570\">At st\u00f8tte immunsystemets og cellernes sundhed<\/li>\n<li data-start=\"3343\" data-end=\"3570\">Forebyggelse fra middelalderen<\/li>\n<\/ul>\n","protected":false},"excerpt":{"rendered":"<p class=\"p1\">St\u00f8tte til aldring med NAD, \u00e6ggeskalsmembran, svampe og omega 3. For fleksible led, et st\u00e6rkt immunforsvar og et langt, sundt liv. <\/p>\n","protected":false},"featured_media":13272,"comment_status":"open","ping_status":"closed","template":"","meta":{"wds_primary_product_brand":0,"wds_primary_product_cat":15,"wds_primary_merken":0},"product_brand":[],"product_cat":[2526],"product_tag":[4031,4028,2206,2354,4030,1952,1954,2207,2929,4029],"merken":[],"class_list":{"0":"post-7221","1":"product","2":"type-product","3":"status-publish","4":"has-post-thumbnail","6":"product_cat-protokoller","7":"product_tag-aldring","8":"product_tag-aldringsprotokol","9":"product_tag-anaemisk","10":"product_tag-energi-da","11":"product_tag-foryngelse-da","12":"product_tag-hund-da","13":"product_tag-kat-da","14":"product_tag-levetid","15":"product_tag-ngd-care-protokol","16":"product_tag-senior-da","17":"infinite-scroll-item","18":"sales-flash-overlay","19":"woocommerce-text-align-center","20":"woocommerce-image-align-center","21":"do-quantity-buttons","23":"first","24":"instock","25":"sale","26":"taxable","27":"shipping-taxable","28":"purchasable","29":"product-type-simple"},"_links":{"self":[{"href":"https:\/\/www.ngdcare.nl\/da\/wp-json\/wp\/v2\/product\/7221","targetHints":{"allow":["GET"]}}],"collection":[{"href":"https:\/\/www.ngdcare.nl\/da\/wp-json\/wp\/v2\/product"}],"about":[{"href":"https:\/\/www.ngdcare.nl\/da\/wp-json\/wp\/v2\/types\/product"}],"replies":[{"embeddable":true,"href":"https:\/\/www.ngdcare.nl\/da\/wp-json\/wp\/v2\/comments?post=7221"}],"wp:featuredmedia":[{"embeddable":true,"href":"https:\/\/www.ngdcare.nl\/da\/wp-json\/wp\/v2\/media\/13272"}],"wp:attachment":[{"href":"https:\/\/www.ngdcare.nl\/da\/wp-json\/wp\/v2\/media?parent=7221"}],"wp:term":[{"taxonomy":"product_brand","embeddable":true,"href":"https:\/\/www.ngdcare.nl\/da\/wp-json\/wp\/v2\/product_brand?post=7221"},{"taxonomy":"product_cat","embeddable":true,"href":"https:\/\/www.ngdcare.nl\/da\/wp-json\/wp\/v2\/product_cat?post=7221"},{"taxonomy":"product_tag","embeddable":true,"href":"https:\/\/www.ngdcare.nl\/da\/wp-json\/wp\/v2\/product_tag?post=7221"},{"taxonomy":"merken","embeddable":true,"href":"https:\/\/www.ngdcare.nl\/da\/wp-json\/wp\/v2\/merken?post=7221"}],"curies":[{"name":"wp","href":"https:\/\/api.w.org\/{rel}","templated":true}]}}