{"id":7262,"date":"2024-09-30T23:05:57","date_gmt":"2024-09-30T21:05:57","guid":{"rendered":"https:\/\/www.ngdcare.nl\/product\/Ikke%20kategoriseret\/affoering-protokol\/"},"modified":"2026-04-09T13:47:12","modified_gmt":"2026-04-09T11:47:12","slug":"affoering-protokol","status":"publish","type":"product","link":"https:\/\/www.ngdcare.nl\/da\/product\/protokoller\/affoering-protokol\/","title":{"rendered":"Aff\u00f8ring protokol"},"content":{"rendered":"<p><strong>Vores tarmprotokol best\u00e5r af 2 faser.<\/strong><\/p>\n<p><strong>Fase 1<\/strong> har til form\u00e5l at fjerne den patogene biofilm fra tarmene og at afgifte og behandle kroppen mod den lavgradige inflammation.<\/p>\n<p><strong>Fase 2<\/strong> er n\u00f8dvendig for at fremme yderligere opbygning og stabilitet af mikrobiomet og for at st\u00f8tte tarmv\u00e6ggen.<\/p>\n<p>Et sundt mikrobiom sikrer blandt andet produktionen af enzymer, vitaminer, neurotransmittere, kortk\u00e6dede fedtsyrer og antioxidanter. Hvis mikrobiomet ikke l\u00e6ngere er i balance p\u00e5 grund af en bestemt \u00e5rsag (f.eks. ern\u00e6ring, stress, smerte), skabes en biofilm. Det er et st\u00f8rre antal mikroorganismer, der danner et t\u00e6t samment\u00f8mret slimet samfund. Biofilmen danner en uigennemtr\u00e6ngelig barriere og kan blive st\u00f8rre, hvilket producerer virulente faktorer og toksiner. Dette kaldes en patogen biofilm. Denne patogene biofilm er roden til bet\u00e6ndelse i alle slimhindelag i kroppen, s\u00e5som hud, bl\u00e6re, \u00f8rer og \u00f8jne. Men er ogs\u00e5 involveret i allergiske reaktioner, immunsygdomme, adf\u00e6rdsproblemer og kr\u00e6ft.      <\/p>\n<div><strong>Terapiplan<\/strong>.<\/div>\n<div><strong>Fase 1a:<\/strong><\/div>\n<ul>\n<li>Ern\u00e6ringsm\u00e6ssig intervention. St\u00f8rst mulig variation i 80% KVV eller d\u00e5se med 20% malede gr\u00f8ntsager. <\/li>\n<li>Dette er en meget v\u00e6sentlig del af tarmprotokollen. Hvis du ikke er motiveret til at give variation i maden, er effekten af denne behandling meget mindre, og sygdommen kan lettere komme tilbage. <\/li>\n<\/ul>\n<div><strong>Fase 1b:<\/strong><\/div>\n<ul>\n<li>Enzym blanding 2. Indeholder ford\u00f8jelsesenzymer og NAC. Denne enzymblanding er i stand til at nedbryde bakterie- og g\u00e6rbiofilmen.  <\/li>\n<li>Chlorella, spirulina og lucerne. Har en st\u00e6rk afgiftende virkning til at rense tarmene og organerne for toksiner og tungmetaller. Indeholder mange vitaminer, mineraler, enzymer og aminosyrer til at st\u00f8tte kroppen.  <\/li>\n<li>Liposomal Curcumin. Er et st\u00e6rkt antiinflammatorisk middel, der er n\u00f8dvendigt for at f\u00e5 den lavgradige bet\u00e6ndelse for\u00e5rsaget af den patogene biofilm ud af kroppen. P\u00e5 grund af den liposomale behandling ender Curcumin overalt i kroppen.  <\/li>\n<li>Liposomalt C-vitamin. Er en st\u00e6rk antioxidant. P\u00e5 grund af den kroniske bet\u00e6ndelse er der en stor produktion af frie radikaler, som kan fjerne C-vitamin. <\/li>\n<li>Pr\u00e6biotika. Et meget varieret tilskud med flere typer fibre, der kan stimulere mikrobiomet meget bredt. <\/li>\n<\/ul>\n<p><strong>Fase 2:<\/strong><\/p>\n<ul>\n<li>Vand kefir. Vandkefiren indeholder 50 forskellige stammer af bakterier og g\u00e6r og s\u00f8rger for, at tarmmikrobiomet stimuleres yderligere. <\/li>\n<li>Liposomal fulvinsyre og humussyre. Denne kombination er meget velegnet til yderligere afgiftning af kroppen. Det er en god kilde til vitaminer, mineraler, metaller og sporstoffer. Humus forst\u00f8rrer tarmvilli, beskytter tarmslimhinden og gendanner de t\u00e6tte forbindelser. Den hyperpermeable tarm eller ut\u00e6t tarmsyndrom behandles med dette.    <\/li>\n<li>Liposomalt vitamin B-kompleks. Fordi mikrobiomet har en v\u00e6sentlig funktion i produktionen af B-vitaminer, tils\u00e6ttes dette tilskud ekstra, s\u00e5 kroppen kan restituere hurtigere. B-vitaminer sikrer dannelsen af r\u00f8de blodlegemer og giver energi, sikrer normal funktion af nervesystemet, koncentrationsevne og mental modstandsdygtighed.  <\/li>\n<\/ul>\n<p>Tarmprotokollen kan bruges som et kort 2-m\u00e5neders forl\u00f8b (4 uger fase 1, 4 uger fase 2), hvis der n\u00e6sten ikke er nogen symptomer eller til at give kroppen en god udrensning hvert \u00e5r.<\/p>\n<p>For kroniske klager anbefaler vi at f\u00f8lge et samlet forl\u00f8b p\u00e5 4 m\u00e5neder (2 m\u00e5neder fase 1, 2 m\u00e5neder fase 2).<\/p>\n<p>Sm\u00e5 hunde og katte har brug for 1 pakke i en varighed p\u00e5 8 uger fase 1 og 8 uger fase 2. Denne pakke best\u00e5r af 1 pakke Enzym mix 2, chlorella\/spirulina\/lucerne, C-vitamin, curcumin, prebotica, fulvic og humussyre, kefir og vit B-kompleks. <\/p>\n<p>Mellemstore hunde med en legemsv\u00e6gt p\u00e5 10-30 kg har 2 pakker af hver i en behandlingsvarighed p\u00e5 8 uger fase 1 og 8 uger fase 2. Denne pakke best\u00e5r af 2 pakker Enzym mix 2, chlorella\/spirulina\/lucerne, C-vitamin, curcumin, pr\u00e6biotika, fulvin- og humussyre, kefir og 1 pakke vit B-kompleks. <\/p>\n<p>Meget store hunde over 30 kg har brug for 4 pakker af hver i en behandlingsvarighed p\u00e5 8 uger fase 1 og 8 uger fase 2. Denne pakke best\u00e5r af 4 pakker Enzym Mix 2, chlorella\/spirulina\/lucerne, C-vitamin, curcumin, pr\u00e6biotika, fulvin- og humussyre, kefir og 2 pakker vit B-kompleks. <\/p>\n<div>Vi anbefaler, at du f\u00e5r tarmprotokollen overv\u00e5get af vores dyrl\u00e6ge eller en dyrl\u00e6ge eller terapeut, der er uddannet af os.<\/div>\n","protected":false},"excerpt":{"rendered":"<p data-start=\"505\" data-end=\"809\">NGD Care Bowel Protocol underst\u00f8tter en sund tarmfunktion ved plager som diarr\u00e9, forstoppelse, IBS, IBD, leaky gut syndrom, flatulens, maveproblemer, d\u00e5rlig ford\u00f8jelse og f\u00f8devareintolerancer. Den fokuserer p\u00e5 at genoprette mikrobiomet, styrke tarmv\u00e6ggen og forbedre ford\u00f8jelsen i en gennemt\u00e6nkt 4-m\u00e5neders tilgang. Tarmprotokollen er grundlaget for alle kroniske sygdomme.  <\/p>\n","protected":false},"featured_media":12129,"comment_status":"open","ping_status":"closed","template":"","meta":{"wds_primary_product_brand":0,"wds_primary_product_cat":15,"wds_primary_merken":0},"product_brand":[],"product_cat":[2526],"product_tag":[2927,1895,4125,2536,2542,1952,4124,1954,1963,2929,2939,1964,2512,2120,1899],"merken":[],"class_list":{"0":"post-7262","1":"product","2":"type-product","3":"status-publish","4":"has-post-thumbnail","6":"product_cat-protokoller","7":"product_tag-biofilm-da","8":"product_tag-detox-da","9":"product_tag-dysbiose-da","10":"product_tag-enzymer","11":"product_tag-fordojelse","12":"product_tag-hund-da","13":"product_tag-intestinal-protokol","14":"product_tag-kat-da","15":"product_tag-mikrobiom-da","16":"product_tag-ngd-care-protokol","17":"product_tag-praebiotika","18":"product_tag-probiotika-da","19":"product_tag-reparere","20":"product_tag-tarm","21":"product_tag-tarm-sundhed","22":"infinite-scroll-item","23":"sales-flash-overlay","24":"woocommerce-text-align-center","25":"woocommerce-image-align-center","26":"do-quantity-buttons","28":"first","29":"instock","30":"sale","31":"taxable","32":"shipping-taxable","33":"purchasable","34":"product-type-variable"},"_links":{"self":[{"href":"https:\/\/www.ngdcare.nl\/da\/wp-json\/wp\/v2\/product\/7262","targetHints":{"allow":["GET"]}}],"collection":[{"href":"https:\/\/www.ngdcare.nl\/da\/wp-json\/wp\/v2\/product"}],"about":[{"href":"https:\/\/www.ngdcare.nl\/da\/wp-json\/wp\/v2\/types\/product"}],"replies":[{"embeddable":true,"href":"https:\/\/www.ngdcare.nl\/da\/wp-json\/wp\/v2\/comments?post=7262"}],"wp:featuredmedia":[{"embeddable":true,"href":"https:\/\/www.ngdcare.nl\/da\/wp-json\/wp\/v2\/media\/12129"}],"wp:attachment":[{"href":"https:\/\/www.ngdcare.nl\/da\/wp-json\/wp\/v2\/media?parent=7262"}],"wp:term":[{"taxonomy":"product_brand","embeddable":true,"href":"https:\/\/www.ngdcare.nl\/da\/wp-json\/wp\/v2\/product_brand?post=7262"},{"taxonomy":"product_cat","embeddable":true,"href":"https:\/\/www.ngdcare.nl\/da\/wp-json\/wp\/v2\/product_cat?post=7262"},{"taxonomy":"product_tag","embeddable":true,"href":"https:\/\/www.ngdcare.nl\/da\/wp-json\/wp\/v2\/product_tag?post=7262"},{"taxonomy":"merken","embeddable":true,"href":"https:\/\/www.ngdcare.nl\/da\/wp-json\/wp\/v2\/merken?post=7262"}],"curies":[{"name":"wp","href":"https:\/\/api.w.org\/{rel}","templated":true}]}}