{"id":7275,"date":"2024-03-02T21:37:21","date_gmt":"2024-03-02T21:37:21","guid":{"rendered":"https:\/\/www.ngdcare.nl\/product\/Ikke kategoriseret\/aroma-sprayflaske\/"},"modified":"2024-03-02T21:37:21","modified_gmt":"2024-03-02T20:37:21","slug":"aroma-sprayflaske","status":"publish","type":"product","link":"https:\/\/www.ngdcare.nl\/da\/product\/aromaterapi-da\/aroma-sprayflaske\/","title":{"rendered":"Aroma sprayflaske"},"content":{"rendered":"<p>Sprayflasken er velegnet til selv at lave en fortynding af en \u00e6terisk olieblanding. Du kan blande 1 ml \u00e6terisk olie med 100-200 ml vand. <\/p>\n<p>Sprayflasken kan bruges sammen med NGD Care \u00e6teriske olieblandinger Loppe- og fl\u00e5tst\u00f8tte, jordforbindelsesst\u00f8tte, stressst\u00f8tte og angstst\u00f8tte.<\/p>\n","protected":false},"excerpt":{"rendered":"<p>Sprayflasken er velegnet til selv at lave en fortynding af en \u00e6terisk olieblanding. Du kan blande 1 ml \u00e6terisk olie med 100-200 ml vand. Sprayflasken kan bruges sammen med NGD Care \u00e6teriske olieblandinger Loppe- og fl\u00e5tst\u00f8tte, jordforbindelsesst\u00f8tte, stressst\u00f8tte og angstst\u00f8tte.<\/p>\n","protected":false},"featured_media":12586,"comment_status":"open","ping_status":"closed","template":"","meta":[],"product_brand":[],"product_cat":[3218],"product_tag":[],"merken":[],"class_list":{"0":"post-7275","1":"product","2":"type-product","3":"status-publish","4":"has-post-thumbnail","6":"product_cat-aromaterapi-da","7":"infinite-scroll-item","8":"sales-flash-overlay","9":"woocommerce-text-align-center","10":"woocommerce-image-align-center","11":"do-quantity-buttons","13":"first","14":"instock","15":"taxable","16":"shipping-taxable","17":"purchasable","18":"product-type-simple"},"_links":{"self":[{"href":"https:\/\/www.ngdcare.nl\/da\/wp-json\/wp\/v2\/product\/7275","targetHints":{"allow":["GET"]}}],"collection":[{"href":"https:\/\/www.ngdcare.nl\/da\/wp-json\/wp\/v2\/product"}],"about":[{"href":"https:\/\/www.ngdcare.nl\/da\/wp-json\/wp\/v2\/types\/product"}],"replies":[{"embeddable":true,"href":"https:\/\/www.ngdcare.nl\/da\/wp-json\/wp\/v2\/comments?post=7275"}],"wp:featuredmedia":[{"embeddable":true,"href":"https:\/\/www.ngdcare.nl\/da\/wp-json\/wp\/v2\/media\/12586"}],"wp:attachment":[{"href":"https:\/\/www.ngdcare.nl\/da\/wp-json\/wp\/v2\/media?parent=7275"}],"wp:term":[{"taxonomy":"product_brand","embeddable":true,"href":"https:\/\/www.ngdcare.nl\/da\/wp-json\/wp\/v2\/product_brand?post=7275"},{"taxonomy":"product_cat","embeddable":true,"href":"https:\/\/www.ngdcare.nl\/da\/wp-json\/wp\/v2\/product_cat?post=7275"},{"taxonomy":"product_tag","embeddable":true,"href":"https:\/\/www.ngdcare.nl\/da\/wp-json\/wp\/v2\/product_tag?post=7275"},{"taxonomy":"merken","embeddable":true,"href":"https:\/\/www.ngdcare.nl\/da\/wp-json\/wp\/v2\/merken?post=7275"}],"curies":[{"name":"wp","href":"https:\/\/api.w.org\/{rel}","templated":true}]}}