{"id":7325,"date":"2024-02-27T22:22:58","date_gmt":"2024-02-27T22:22:58","guid":{"rendered":"https:\/\/www.ngdcare.nl\/product\/Ikke%20kategoriseret\/stoette-til-aromaangst\/"},"modified":"2026-01-25T21:27:22","modified_gmt":"2026-01-25T20:27:22","slug":"stoette-til-aromaangst","status":"publish","type":"product","link":"https:\/\/www.ngdcare.nl\/da\/product\/veterinary-health\/aromaterapi-da\/stoette-til-aromaangst\/","title":{"rendered":"Angstst\u00f8tte"},"content":{"rendered":"<p class=\"p1\"><span class=\"s1\"><b>NGD Care \u2013 Anxiety Support<\/b><\/span> er en naturlig aromaterapiblanding specielt udviklet til hunde og katte med angstproblemer. T\u00e6nk p\u00e5 separationsangst, fyrv\u00e6rkeristress, tordenvejr, dyrl\u00e6gebes\u00f8g eller andre sp\u00e6ndende situationer. Angstst\u00f8tte er designet til at st\u00f8tte <strong data-start=\"901\" data-end=\"962\">nervesystemet p\u00e5 en blid, naturlig m\u00e5de<\/strong>, uden bed\u00f8velse eller undertrykkelse.  <\/p>\n<p data-start=\"1233\" data-end=\"1386\">Denne formel er velegnet til <strong data-start=\"1263\" data-end=\"1308\">dyr og til brug i levende omgivelser<\/strong>, s\u00e5 husstanden ogs\u00e5 kan nyde godt af en beroligende atmosf\u00e6re.<\/p>\n<h4 data-start=\"1393\" data-end=\"1423\"><strong data-start=\"1396\" data-end=\"1423\">Sammens\u00e6tning og effekt<\/strong><\/h4>\n<ul>\n<li data-start=\"1426\" data-end=\"1500\"><strong data-start=\"1426\" data-end=\"1443\">Romersk kamille<\/strong> \u2013 beroligende og beroligende for sp\u00e6nding og nerv\u00f8sitet<\/li>\n<li data-start=\"1503\" data-end=\"1590\"><strong data-start=\"1503\" data-end=\"1516\">Cedarwood<\/strong> \u2013 underst\u00f8tter indre fred, stabilitet og en f\u00f8lelse af tryghed<\/li>\n<li data-start=\"1593\" data-end=\"1665\"><strong data-start=\"1593\" data-end=\"1604\">Copaiba<\/strong> \u2013 jordforbindelse og afslappende, hj\u00e6lper med f\u00f8lelsesm\u00e6ssig dysregulering<\/li>\n<li data-start=\"1668\" data-end=\"1738\"><strong data-start=\"1668\" data-end=\"1680\">Bergamot<\/strong> \u2013 opl\u00f8ftende og balancerende i stress og overstimulering<\/li>\n<li data-start=\"1741\" data-end=\"1826\"><strong data-start=\"1741\" data-end=\"1767\">R\u00f8gelse<\/strong> \u2013 uddyber og regulerer, underst\u00f8tter nervesystemet<\/li>\n<\/ul>\n<p>Kombinationen har en harmoniserende effekt p\u00e5 b\u00e5de det f\u00f8lelsesm\u00e6ssige og fysiske stresssystem. Olierne forst\u00e6rker hinanden og danner sammen en balanceret, beroligende blanding. <\/p>\n<h4 data-start=\"1935\" data-end=\"1963\"><strong data-start=\"1938\" data-end=\"1963\">Tilg\u00e6ngelige varianter<\/strong><\/h4>\n<ul>\n<li><strong>Rulle<\/strong>\n<ul>\n<li data-start=\"1980\" data-end=\"2017\">Fortyndet blanding til direkte topisk p\u00e5f\u00f8rsel af dyret<\/li>\n<li data-start=\"2020\" data-end=\"2053\">Ideelt til akutte stressmomenter<\/li>\n<li data-start=\"2056\" data-end=\"2108\">Praktisk til p\u00e5 farten eller i sp\u00e6ndende situationer<\/li>\n<\/ul>\n<\/li>\n<li data-start=\"2056\" data-end=\"2108\"><strong>Ren olie  <\/strong>\n<ul>\n<li data-start=\"2129\" data-end=\"2168\">Velegnet til brug i en diffuser<\/li>\n<li data-start=\"2240\" data-end=\"2281\">St\u00f8tter ogs\u00e5 fred i boligmilj\u00f8et<\/li>\n<\/ul>\n<\/li>\n<\/ul>\n","protected":false},"excerpt":{"rendered":"<p class=\"p1\">NGD Care \u2013 Anxiety Support er en omhyggeligt sammensat aromaterapiblanding til hunde og katte, der kunne have brug for st\u00f8tte til angst, stress og indre uro.<br data-start=\"572\" data-end=\"575\">Blandingen bruges til separationsangst, fyrv\u00e6rkeri, tordenvejr, dyrl\u00e6gebes\u00f8g og andre sp\u00e6ndende situationer.<\/p>\n","protected":false},"featured_media":12745,"comment_status":"open","ping_status":"closed","template":"","meta":{"wds_primary_product_brand":0,"wds_primary_product_cat":88,"wds_primary_merken":0},"product_brand":[],"product_cat":[3218],"product_tag":[7052,3155,7045,7047,3159,7054,3325,2637,7050],"merken":[],"class_list":{"0":"post-7325","1":"product","2":"type-product","3":"status-publish","4":"has-post-thumbnail","6":"product_cat-aromaterapi-da","7":"product_tag-aromaterapidyr","8":"product_tag-frygt","9":"product_tag-frygthund","10":"product_tag-frygtkat","11":"product_tag-fyrvaerkeri","12":"product_tag-hundeaeterisk-olie-2","13":"product_tag-naturlig-ro-da","14":"product_tag-ngd-pleje","15":"product_tag-stresshund","16":"infinite-scroll-item","17":"sales-flash-overlay","18":"woocommerce-text-align-center","19":"woocommerce-image-align-center","20":"do-quantity-buttons","22":"first","23":"instock","24":"taxable","25":"shipping-taxable","26":"purchasable","27":"product-type-variable"},"_links":{"self":[{"href":"https:\/\/www.ngdcare.nl\/da\/wp-json\/wp\/v2\/product\/7325","targetHints":{"allow":["GET"]}}],"collection":[{"href":"https:\/\/www.ngdcare.nl\/da\/wp-json\/wp\/v2\/product"}],"about":[{"href":"https:\/\/www.ngdcare.nl\/da\/wp-json\/wp\/v2\/types\/product"}],"replies":[{"embeddable":true,"href":"https:\/\/www.ngdcare.nl\/da\/wp-json\/wp\/v2\/comments?post=7325"}],"wp:featuredmedia":[{"embeddable":true,"href":"https:\/\/www.ngdcare.nl\/da\/wp-json\/wp\/v2\/media\/12745"}],"wp:attachment":[{"href":"https:\/\/www.ngdcare.nl\/da\/wp-json\/wp\/v2\/media?parent=7325"}],"wp:term":[{"taxonomy":"product_brand","embeddable":true,"href":"https:\/\/www.ngdcare.nl\/da\/wp-json\/wp\/v2\/product_brand?post=7325"},{"taxonomy":"product_cat","embeddable":true,"href":"https:\/\/www.ngdcare.nl\/da\/wp-json\/wp\/v2\/product_cat?post=7325"},{"taxonomy":"product_tag","embeddable":true,"href":"https:\/\/www.ngdcare.nl\/da\/wp-json\/wp\/v2\/product_tag?post=7325"},{"taxonomy":"merken","embeddable":true,"href":"https:\/\/www.ngdcare.nl\/da\/wp-json\/wp\/v2\/merken?post=7325"}],"curies":[{"name":"wp","href":"https:\/\/api.w.org\/{rel}","templated":true}]}}