{"id":7346,"date":"2024-02-27T22:17:45","date_gmt":"2024-02-27T22:17:45","guid":{"rendered":"https:\/\/www.ngdcare.nl\/product\/Ikke%20kategoriseret\/understoettelse-af-aromajordforbindelse\/"},"modified":"2026-01-25T21:54:36","modified_gmt":"2026-01-25T20:54:36","slug":"understoettelse-af-aromajordforbindelse","status":"publish","type":"product","link":"https:\/\/www.ngdcare.nl\/da\/product\/aromaterapi-da\/understoettelse-af-aromajordforbindelse\/","title":{"rendered":"Jordingsst\u00f8tte"},"content":{"rendered":"<p data-start=\"762\" data-end=\"1068\">Nogle dyr er let rastl\u00f8se, nerv\u00f8se eller virker &#8220;ikke rigtige i deres kroppe&#8221;. Dette kan vise sig i v\u00e5gen adf\u00e6rd, rastl\u00f8s bev\u00e6gelse, d\u00e5rlig afslapning eller vanskeligheder med at komme sig efter stimuli. <span class=\"s1\"><b>NGD Care Grounding Support<\/b><\/span> er en omhyggeligt sammensat blanding, der hj\u00e6lper dyret med at forankre og slappe af.<br data-start=\"971\" data-end=\"974\">Grounding Support er designet <strong data-start=\"1018\" data-end=\"1038\">til at hj\u00e6lpe<\/strong> dyret med at lande, b\u00e5de fysisk og f\u00f8lelsesm\u00e6ssigt. <\/p>\n<p data-start=\"1070\" data-end=\"1227\">Kombinationen af jordn\u00e6rende og beroligende \u00e6teriske olier underst\u00f8tter <strong data-start=\"1146\" data-end=\"1193\">f\u00f8lelsen af tryghed og kropsbevidsthed<\/strong> uden at undertrykke dyret.<\/p>\n<h4><strong data-start=\"688\" data-end=\"705\">Sammens\u00e6tning<\/strong><\/h4>\n<ul>\n<li data-start=\"797\" data-end=\"872\"><strong data-start=\"797\" data-end=\"811\">Sandeltr\u00e6<\/strong> \u2013 dybere og stabiliserende, underst\u00f8tter indre fred<\/li>\n<li data-start=\"875\" data-end=\"951\"><strong data-start=\"875\" data-end=\"888\">Cedertr\u00e6<\/strong> \u2013 jordn\u00e6rt og beskyttende, fremmer sikkerhed og robusthed<\/li>\n<li data-start=\"954\" data-end=\"1032\"><strong data-start=\"954\" data-end=\"967\">Patchouli<\/strong> \u2013 st\u00e6rk jordforbindelse, hj\u00e6lper mod rastl\u00f8shed og f\u00f8lelsesm\u00e6ssig fragmentering<\/li>\n<li data-start=\"1035\" data-end=\"1108\"><strong data-start=\"1035\" data-end=\"1046\">Vetiver<\/strong> \u2013 dyb jordforbindelse, underst\u00f8tter regulering af nervesystemet<\/li>\n<li data-start=\"1111\" data-end=\"1176\"><strong data-start=\"1111\" data-end=\"1122\">Cypres<\/strong> \u2013 hj\u00e6lper med at l\u00f8sne sp\u00e6ndinger og fremmer flowet<\/li>\n<li data-start=\"1179\" data-end=\"1257\"><strong data-start=\"1179\" data-end=\"1188\">Myrra<\/strong> \u2013 beroligende og genoprettende, underst\u00f8tter f\u00f8lelsesm\u00e6ssig belastning<\/li>\n<li data-start=\"1260\" data-end=\"1337\"><strong data-start=\"1260\" data-end=\"1276\">R\u00f8gelse<\/strong> \u2013 regulerende og harmoniserende, underst\u00f8tter fokus og balance<\/li>\n<\/ul>\n<h4><strong data-start=\"1990\" data-end=\"2015\">Tilg\u00e6ngelige varianter<\/strong><\/h4>\n<ul>\n<li><strong>Rulle<\/strong>\n<ul>\n<li data-start=\"2032\" data-end=\"2069\">Til direkte p\u00e5f\u00f8ring p\u00e5 dyret<\/li>\n<li data-start=\"2072\" data-end=\"2114\">Ideelt til akut rastl\u00f8shed eller ustabilitet<\/li>\n<li data-start=\"2117\" data-end=\"2150\">Egnet til daglig brug<\/li>\n<\/ul>\n<\/li>\n<li data-start=\"2117\" data-end=\"2150\"><strong>Ren olie<\/strong>\n<ul>\n<li data-start=\"2171\" data-end=\"2201\">Til brug i en diffuser<\/li>\n<li data-start=\"2204\" data-end=\"2242\">Kan fortyndes med en b\u00e6rerolie<\/li>\n<li data-start=\"2245\" data-end=\"2282\">St\u00f8tter fred i boligmilj\u00f8et<\/li>\n<\/ul>\n<\/li>\n<\/ul>\n","protected":false},"excerpt":{"rendered":"<p class=\"p1\">NGD Care \u2013 Grounding Support er en naturlig aromaterapiblanding til hunde og katte, der har sv\u00e6rt ved at jorde, f\u00f8ler sig utrygge eller let kommer ud af balance. Denne blanding underst\u00f8tter en f\u00f8lelse af stabilitet, ro og fysisk tilstedev\u00e6relse. <\/p>\n","protected":false},"featured_media":12765,"comment_status":"open","ping_status":"closed","template":"","meta":[],"product_brand":[],"product_cat":[3218],"product_tag":[7052,7089,7054,7091,3325,7097,7092,7095],"merken":[],"class_list":{"0":"post-7346","1":"product","2":"type-product","3":"status-publish","4":"has-post-thumbnail","6":"product_cat-aromaterapi-da","7":"product_tag-aromaterapidyr","8":"product_tag-grounding-hund","9":"product_tag-hundeaeterisk-olie-2","10":"product_tag-jordforbindelse-af-kat","11":"product_tag-naturlig-ro-da","12":"product_tag-ngd-care-aeterisk-olie","13":"product_tag-rastloshedshund","14":"product_tag-stimulusfolsomt-dyr","15":"infinite-scroll-item","16":"sales-flash-overlay","17":"woocommerce-text-align-center","18":"woocommerce-image-align-center","19":"do-quantity-buttons","21":"first","22":"instock","23":"taxable","24":"shipping-taxable","25":"purchasable","26":"product-type-variable"},"_links":{"self":[{"href":"https:\/\/www.ngdcare.nl\/da\/wp-json\/wp\/v2\/product\/7346","targetHints":{"allow":["GET"]}}],"collection":[{"href":"https:\/\/www.ngdcare.nl\/da\/wp-json\/wp\/v2\/product"}],"about":[{"href":"https:\/\/www.ngdcare.nl\/da\/wp-json\/wp\/v2\/types\/product"}],"replies":[{"embeddable":true,"href":"https:\/\/www.ngdcare.nl\/da\/wp-json\/wp\/v2\/comments?post=7346"}],"wp:featuredmedia":[{"embeddable":true,"href":"https:\/\/www.ngdcare.nl\/da\/wp-json\/wp\/v2\/media\/12765"}],"wp:attachment":[{"href":"https:\/\/www.ngdcare.nl\/da\/wp-json\/wp\/v2\/media?parent=7346"}],"wp:term":[{"taxonomy":"product_brand","embeddable":true,"href":"https:\/\/www.ngdcare.nl\/da\/wp-json\/wp\/v2\/product_brand?post=7346"},{"taxonomy":"product_cat","embeddable":true,"href":"https:\/\/www.ngdcare.nl\/da\/wp-json\/wp\/v2\/product_cat?post=7346"},{"taxonomy":"product_tag","embeddable":true,"href":"https:\/\/www.ngdcare.nl\/da\/wp-json\/wp\/v2\/product_tag?post=7346"},{"taxonomy":"merken","embeddable":true,"href":"https:\/\/www.ngdcare.nl\/da\/wp-json\/wp\/v2\/merken?post=7346"}],"curies":[{"name":"wp","href":"https:\/\/api.w.org\/{rel}","templated":true}]}}