{"id":7449,"date":"2024-01-24T21:53:54","date_gmt":"2024-01-24T21:53:54","guid":{"rendered":"https:\/\/www.ngdcare.nl\/product\/Ikke%20kategoriseret\/aroma-stress-stoette\/"},"modified":"2026-01-26T20:50:05","modified_gmt":"2026-01-26T19:50:05","slug":"aroma-stress-stoette","status":"publish","type":"product","link":"https:\/\/www.ngdcare.nl\/da\/product\/veterinary-health\/aromaterapi-da\/aroma-stress-stoette\/","title":{"rendered":"Stressst\u00f8tte"},"content":{"rendered":"<p data-start=\"340\" data-end=\"664\"><strong>NGD-pleje \u2013 Stress Support<\/strong> er en omhyggeligt sammensat aromaterapiblanding, der st\u00f8tter nervesystemet ved <strong>kronisk stress<\/strong> og <span class=\"s1\"><b>f\u00f8lelsesm\u00e6ssig stabilitet<\/b><\/span> hos dyr. Denne olie er udviklet til situationer, hvor et dyr har sv\u00e6rt ved at slappe af, bevarer sp\u00e6ndinger eller reagerer f\u00f8lsomt p\u00e5 stimuli fra omgivelserne. <\/p>\n<p data-start=\"666\" data-end=\"834\">Kombinationen af jordn\u00e6rende, beroligende og regulerende \u00e6teriske olier underst\u00f8tter afslapning, sikkerhed og genoprettelse af balancen uden at bed\u00f8ve eller undertrykke.<\/p>\n<h4 data-start=\"841\" data-end=\"871\"><strong>Sammens\u00e6tning<\/strong><\/h4>\n<ul>\n<li data-start=\"874\" data-end=\"998\"><strong data-start=\"874\" data-end=\"897\">Lavendel<\/strong> \u2013 underst\u00f8tter afslapning af nervesystemet og hj\u00e6lper med stress, sp\u00e6ndinger og indre uro.<\/li>\n<li data-start=\"1001\" data-end=\"1106\"><strong data-start=\"1001\" data-end=\"1026\">Cedertr\u00e6<\/strong> \u2013 jordn\u00e6rt og stabiliserende, bidrager til en f\u00f8lelse af tryghed og ro.<\/li>\n<li data-start=\"1109\" data-end=\"1215\"><strong data-start=\"1109\" data-end=\"1120\">Vetiver<\/strong> \u2013 dybt jordbindende og regulerende, traditionelt brugt til overstimulering og langvarig stress.<\/li>\n<li data-start=\"1218\" data-end=\"1326\"><strong data-start=\"1218\" data-end=\"1229\">Copaiba<\/strong> \u2013 beroligende og st\u00f8ttende for nervesystemet, hj\u00e6lper mod sp\u00e6ndinger og f\u00f8lelsesm\u00e6ssig uro.<\/li>\n<li data-start=\"1329\" data-end=\"1451\"><strong data-start=\"1329\" data-end=\"1355\">R\u00f8gelse <\/strong> \u2013 underst\u00f8tter balance, vejrtr\u00e6kning og afslapning og bruges ofte til f\u00f8lelsesm\u00e6ssig belastning.<\/li>\n<\/ul>\n<p data-start=\"1453\" data-end=\"1592\">Sammen danner disse olier en harmonisk synergi, der hj\u00e6lper med at berolige kroppen og nervesystemet og lindre stressreaktioner.<\/p>\n<h4 data-start=\"1599\" data-end=\"1632\"><strong>Indikationer<\/strong><\/h4>\n<ul>\n<li data-start=\"1635\" data-end=\"1655\">Stress og sp\u00e6nding<\/li>\n<li data-start=\"1658\" data-end=\"1674\">Overstimulering<\/li>\n<li data-start=\"1677\" data-end=\"1705\">Rastl\u00f8s eller nerv\u00f8s adf\u00e6rd<\/li>\n<li data-start=\"1708\" data-end=\"1746\">\u00c6ndringer i milj\u00f8 eller rutine<\/li>\n<li data-start=\"1749\" data-end=\"1779\">Genopretning efter langvarig stress<\/li>\n<\/ul>\n<h4 data-start=\"53\" data-end=\"78\"><strong>Tilg\u00e6ngelige former<\/strong><\/h4>\n<ul>\n<li data-start=\"81\" data-end=\"136\">Rulle \u2013 til direkte, udend\u00f8rs brug. M\u00e5lrettet, lav dosis og ideel til daglig brug eller p\u00e5 farten.<br data-start=\"371\" data-end=\"374\">P\u00e5f\u00f8r p\u00e5 \u00f8rer eller potepuder. <\/li>\n<li data-start=\"139\" data-end=\"214\">Diffuserolie \u2013 egnet til diffusor- og fortyndet udend\u00f8rs brug. Til duftst\u00f8tte via diffuseren (berolige omgivelserne) eller fortyndet til massage\/topisk brug. <\/li>\n<\/ul>\n","protected":false},"excerpt":{"rendered":"<p class=\"p1\"><strong>NGD Care Stress Support<\/strong> er en beroligende blanding af \u00e6teriske olier til hunde og katte. Beroliger i tilf\u00e6lde af stress, overstimulering eller sp\u00e6nding. F\u00e5s som spray-, rulle- eller diffuserolie.  <\/p>\n","protected":false},"featured_media":12869,"comment_status":"open","ping_status":"closed","template":"","meta":{"wds_primary_product_brand":0,"wds_primary_product_cat":88,"wds_primary_merken":0},"product_brand":[],"product_cat":[3218],"product_tag":[],"merken":[],"class_list":{"0":"post-7449","1":"product","2":"type-product","3":"status-publish","4":"has-post-thumbnail","6":"product_cat-aromaterapi-da","7":"infinite-scroll-item","8":"sales-flash-overlay","9":"woocommerce-text-align-center","10":"woocommerce-image-align-center","11":"do-quantity-buttons","13":"first","14":"instock","15":"taxable","16":"shipping-taxable","17":"purchasable","18":"product-type-variable"},"_links":{"self":[{"href":"https:\/\/www.ngdcare.nl\/da\/wp-json\/wp\/v2\/product\/7449","targetHints":{"allow":["GET"]}}],"collection":[{"href":"https:\/\/www.ngdcare.nl\/da\/wp-json\/wp\/v2\/product"}],"about":[{"href":"https:\/\/www.ngdcare.nl\/da\/wp-json\/wp\/v2\/types\/product"}],"replies":[{"embeddable":true,"href":"https:\/\/www.ngdcare.nl\/da\/wp-json\/wp\/v2\/comments?post=7449"}],"wp:featuredmedia":[{"embeddable":true,"href":"https:\/\/www.ngdcare.nl\/da\/wp-json\/wp\/v2\/media\/12869"}],"wp:attachment":[{"href":"https:\/\/www.ngdcare.nl\/da\/wp-json\/wp\/v2\/media?parent=7449"}],"wp:term":[{"taxonomy":"product_brand","embeddable":true,"href":"https:\/\/www.ngdcare.nl\/da\/wp-json\/wp\/v2\/product_brand?post=7449"},{"taxonomy":"product_cat","embeddable":true,"href":"https:\/\/www.ngdcare.nl\/da\/wp-json\/wp\/v2\/product_cat?post=7449"},{"taxonomy":"product_tag","embeddable":true,"href":"https:\/\/www.ngdcare.nl\/da\/wp-json\/wp\/v2\/product_tag?post=7449"},{"taxonomy":"merken","embeddable":true,"href":"https:\/\/www.ngdcare.nl\/da\/wp-json\/wp\/v2\/merken?post=7449"}],"curies":[{"name":"wp","href":"https:\/\/api.w.org\/{rel}","templated":true}]}}