{"id":7519,"date":"2024-01-23T13:57:04","date_gmt":"2024-01-23T13:57:04","guid":{"rendered":"https:\/\/www.ngdcare.nl\/product\/Ikke%20kategoriseret\/ozonsalve-ozoncare\/"},"modified":"2026-03-29T14:21:15","modified_gmt":"2026-03-29T12:21:15","slug":"ozonsalve-ozoncare","status":"publish","type":"product","link":"https:\/\/www.ngdcare.nl\/da\/product\/veterinary-health\/ozon-da\/ozonsalve-ozoncare\/","title":{"rendered":"Ozonsalve \u2013 OzonCare"},"content":{"rendered":"<p style=\"font-weight: 400;\"><strong>NGD Care Ozone Salve \u2013 OzonCare<\/strong> er en kraftfuld, naturlig salve baseret p\u00e5 <strong>ozoneret \u00f8kologisk ekstra jomfru olivenolie<\/strong>. Denne olie er beriget med <strong>ozongas (O\u2083)<\/strong> p\u00e5 en kontrolleret m\u00e5de i 36 timer og m\u00e6tter den med ozonforbindelser. Dette skaber <strong>stabile ozonider<\/strong> , der langsomt frigiver ozon ved kontakt med huden og ud\u00f8ver deres virkning lokalt.  <\/p>\n<p style=\"font-weight: 400;\">Ozonsalve er bredt anvendelig til <strong>hudproblemer, s\u00e5rpleje, eksem, hudsvamp, bet\u00e6ndt tandk\u00f8d<\/strong> og endda sm\u00e5 tumorer eller forbr\u00e6ndinger. Takket v\u00e6re dets antibakterielle, svampedr\u00e6bende og antivirale virkninger er det et kraftfuldt naturligt alternativ til syntetiske cremer. Salven er velegnet til <strong>dyr og mennesker<\/strong> og er godkendt til kosmetisk brug i den menneskelige sektor.  <\/p>\n<p style=\"font-weight: 400;\">Den \u00f8kologiske olivenolie fungerer som et b\u00e6rerstof og er naturligt rig p\u00e5 antioxidanter og fedtsyrer, der n\u00e6rer og beskytter huden. Tils\u00e6tningen af ozon stimulerer <strong>blodgennemstr\u00f8mningen, cellefornyelse og dybere rensning <\/strong>af v\u00e6vet. <\/p>\n","protected":false},"excerpt":{"rendered":"<p style=\"font-weight: 400;\">Ozonsalve baseret p\u00e5 ozoneret \u00f8kologisk olivenolie. Underst\u00f8tter hudreparation i tilf\u00e6lde af infektioner, eksem, svamp og tandk\u00f8dsproblemer hos mennesker og dyr. <\/p>\n","protected":false},"featured_media":10757,"comment_status":"open","ping_status":"closed","template":"","meta":{"wds_primary_product_brand":0,"wds_primary_product_cat":15,"wds_primary_merken":0},"product_brand":[],"product_cat":[2194,2470,3569,3217],"product_tag":[4345,3946,2302,4353,3462,3460,3464,4350,4351,4354,4347,4348,4349,4352,4346],"merken":[],"class_list":{"0":"post-7519","1":"product","2":"type-product","3":"status-publish","4":"has-post-thumbnail","6":"product_cat-antiinflammatorisk-da","7":"product_cat-hud-og-pels","8":"product_cat-ozon-da","9":"product_cat-taender","10":"product_tag-anti-gaer","11":"product_tag-antibakteriel","12":"product_tag-antiinflammatorisk-da","13":"product_tag-betaendelse-mellem-taeerne","14":"product_tag-eksem-da","15":"product_tag-hotspot-da","16":"product_tag-hudirritation-da","17":"product_tag-ip-400-da","18":"product_tag-ip1200-da","19":"product_tag-ngd-care-ozon-da","20":"product_tag-ozon-salve-da","21":"product_tag-ozoneret-olivenolie","22":"product_tag-ozoneret-solsikkeolie","23":"product_tag-reparation-af-huden-da","24":"product_tag-svampedraebende","25":"infinite-scroll-item","26":"sales-flash-overlay","27":"woocommerce-text-align-center","28":"woocommerce-image-align-center","29":"do-quantity-buttons","31":"first","32":"instock","33":"taxable","34":"shipping-taxable","35":"purchasable","36":"product-type-variable"},"_links":{"self":[{"href":"https:\/\/www.ngdcare.nl\/da\/wp-json\/wp\/v2\/product\/7519","targetHints":{"allow":["GET"]}}],"collection":[{"href":"https:\/\/www.ngdcare.nl\/da\/wp-json\/wp\/v2\/product"}],"about":[{"href":"https:\/\/www.ngdcare.nl\/da\/wp-json\/wp\/v2\/types\/product"}],"replies":[{"embeddable":true,"href":"https:\/\/www.ngdcare.nl\/da\/wp-json\/wp\/v2\/comments?post=7519"}],"wp:featuredmedia":[{"embeddable":true,"href":"https:\/\/www.ngdcare.nl\/da\/wp-json\/wp\/v2\/media\/10757"}],"wp:attachment":[{"href":"https:\/\/www.ngdcare.nl\/da\/wp-json\/wp\/v2\/media?parent=7519"}],"wp:term":[{"taxonomy":"product_brand","embeddable":true,"href":"https:\/\/www.ngdcare.nl\/da\/wp-json\/wp\/v2\/product_brand?post=7519"},{"taxonomy":"product_cat","embeddable":true,"href":"https:\/\/www.ngdcare.nl\/da\/wp-json\/wp\/v2\/product_cat?post=7519"},{"taxonomy":"product_tag","embeddable":true,"href":"https:\/\/www.ngdcare.nl\/da\/wp-json\/wp\/v2\/product_tag?post=7519"},{"taxonomy":"merken","embeddable":true,"href":"https:\/\/www.ngdcare.nl\/da\/wp-json\/wp\/v2\/merken?post=7519"}],"curies":[{"name":"wp","href":"https:\/\/api.w.org\/{rel}","templated":true}]}}