{"id":7536,"date":"2024-01-22T22:32:03","date_gmt":"2024-01-22T22:32:03","guid":{"rendered":"https:\/\/www.ngdcare.nl\/product\/Ikke%20kategoriseret\/enzymblanding-1-fordoejelsesenzymer\/"},"modified":"2026-04-07T16:05:31","modified_gmt":"2026-04-07T14:05:31","slug":"enzymblanding-1-fordoejelsesenzymer","status":"publish","type":"product","link":"https:\/\/www.ngdcare.nl\/da\/product\/fordojelse\/enzymblanding-1-fordoejelsesenzymer\/","title":{"rendered":"Enzymblanding 1 \u2013 Ford\u00f8jelsesenzymer"},"content":{"rendered":"<p style=\"font-weight: 400;\"><strong>NGD Care \u2013 Digestive Enzymes <\/strong>er en omhyggeligt formuleret kombination af ford\u00f8jelsesenzymer til at st\u00f8tte ford\u00f8jelsen hos hunde og katte. Denne formel hj\u00e6lper med at nedbryde proteiner, fedtstoffer, kulhydrater, laktose og fibre og underst\u00f8tter b\u00e5de mavefunktionen (pepsin, betain) og bugspytkirtelfunktionen (amylase, lipase, protease). Tilskuddet er s\u00e6rligt velegnet til nedsat enzymproduktion p\u00e5 grund af stress, lavgradig inflammation, kroniske mave-tarm-sygdomme eller tilstande som bugspytkirtelinsufficiens.  <\/p>\n<p style=\"font-weight: 400;\">Enzymerne i denne formel er bredt anvendelige:<\/p>\n<ul>\n<li><strong>Amylase<\/strong> \u2013 nedbryder stivelse til simple sukkerarter<\/li>\n<li><strong>Lipase<\/strong> \u2013 hj\u00e6lper med ford\u00f8jelsen af fedt<\/li>\n<li><strong>Protease, Papain og Pepsin<\/strong> \u2013 ford\u00f8jer proteiner<\/li>\n<li><strong>Bromelain<\/strong> \u2013 proteinspaltende og antiinflammatorisk, virker ogs\u00e5 mod allergi<\/li>\n<li><strong>Cellulase<\/strong> \u2013 nedbryder plantefibre<\/li>\n<li><strong>Laktase<\/strong> \u2013 letter laktoseford\u00f8jelsen<\/li>\n<li><strong>Betain<\/strong> \u2013 aktiverer pepsin i maven<\/li>\n<\/ul>\n<p style=\"font-weight: 400;\">P\u00e5 grund af sammens\u00e6tningen i en mavesyreresistent kapsel bliver enzymerne kun aktive i tarmene, hvor de kan underst\u00f8tte ford\u00f8jelsen optimalt.<\/p>\n","protected":false},"excerpt":{"rendered":"<div>\n<p class=\"p3\">Komplet blanding af ford\u00f8jelsesenzymer til at underst\u00f8tte mave- og bugspytkirtelfunktionen hos hunde og katte. Hj\u00e6lper med ford\u00f8jelsen af proteiner, fedtstoffer, kulhydrater og fibre. <\/p>\n<\/div>\n","protected":false},"featured_media":17797,"comment_status":"open","ping_status":"closed","template":"","meta":[],"product_brand":[],"product_cat":[1883,1885],"product_tag":[4396,4397,1886,4400,2536,4399,2546,2548,2542,4394,1887,1889,2547,1911,4398,2545,4395],"merken":[],"class_list":{"0":"post-7536","1":"product","2":"type-product","3":"status-publish","4":"has-post-thumbnail","6":"product_cat-fordojelse","7":"product_cat-orthomolekylaere-kosttilskud","8":"product_tag-betain-hcl-da","9":"product_tag-bugspytkirtel","10":"product_tag-dyr-da","11":"product_tag-eksokrin-bugspytkirtelinsufficiens","12":"product_tag-enzymer","13":"product_tag-epi-da","14":"product_tag-fedt-fordojelse","15":"product_tag-fordojelse-da","16":"product_tag-fordojelse","17":"product_tag-fordojelsesenzymer-da","18":"product_tag-hunde-da","19":"product_tag-katte","20":"product_tag-kulhydrat-fordojelse","21":"product_tag-ngd-care-kosttilskud","22":"product_tag-pancreatitis-da","23":"product_tag-protein-fordojelse","24":"product_tag-stivelse-fordojelse","25":"infinite-scroll-item","26":"sales-flash-overlay","27":"woocommerce-text-align-center","28":"woocommerce-image-align-center","29":"do-quantity-buttons","31":"first","32":"instock","33":"taxable","34":"shipping-taxable","35":"purchasable","36":"product-type-simple"},"_links":{"self":[{"href":"https:\/\/www.ngdcare.nl\/da\/wp-json\/wp\/v2\/product\/7536","targetHints":{"allow":["GET"]}}],"collection":[{"href":"https:\/\/www.ngdcare.nl\/da\/wp-json\/wp\/v2\/product"}],"about":[{"href":"https:\/\/www.ngdcare.nl\/da\/wp-json\/wp\/v2\/types\/product"}],"replies":[{"embeddable":true,"href":"https:\/\/www.ngdcare.nl\/da\/wp-json\/wp\/v2\/comments?post=7536"}],"wp:featuredmedia":[{"embeddable":true,"href":"https:\/\/www.ngdcare.nl\/da\/wp-json\/wp\/v2\/media\/17797"}],"wp:attachment":[{"href":"https:\/\/www.ngdcare.nl\/da\/wp-json\/wp\/v2\/media?parent=7536"}],"wp:term":[{"taxonomy":"product_brand","embeddable":true,"href":"https:\/\/www.ngdcare.nl\/da\/wp-json\/wp\/v2\/product_brand?post=7536"},{"taxonomy":"product_cat","embeddable":true,"href":"https:\/\/www.ngdcare.nl\/da\/wp-json\/wp\/v2\/product_cat?post=7536"},{"taxonomy":"product_tag","embeddable":true,"href":"https:\/\/www.ngdcare.nl\/da\/wp-json\/wp\/v2\/product_tag?post=7536"},{"taxonomy":"merken","embeddable":true,"href":"https:\/\/www.ngdcare.nl\/da\/wp-json\/wp\/v2\/merken?post=7536"}],"curies":[{"name":"wp","href":"https:\/\/api.w.org\/{rel}","templated":true}]}}