{"id":7575,"date":"2024-01-22T22:38:34","date_gmt":"2024-01-22T22:38:34","guid":{"rendered":"https:\/\/www.ngdcare.nl\/product\/Ikke%20kategoriseret\/nad-resveratrol-og-ergotioneine-liposomal-levetidsstoette\/"},"modified":"2026-04-07T16:03:19","modified_gmt":"2026-04-07T14:03:19","slug":"nad-resveratrol-og-ergotioneine-liposomal-levetidsstoette","status":"publish","type":"product","link":"https:\/\/www.ngdcare.nl\/da\/product\/naturligt-kaeledyrsapotek\/generel-vitalitet\/nad-resveratrol-og-ergotioneine-liposomal-levetidsstoette\/","title":{"rendered":"Liposomal NAD, resveratrol og ergotionein \u2013 st\u00f8tte til lang levetid"},"content":{"rendered":"<p style=\"font-weight: 400;\"><strong>NGD-pleje \u2013 Longevity Support<\/strong> er en avanceret formel, der hj\u00e6lper med at bremse cellealdring hos dyr ved at st\u00f8tte energiproduktion, DNA-reparation, inflammationsh\u00e6mning og neurobeskyttelse. Kombinationen af NAD, resveratrol og ergothionein er specielt udviklet til hunde og katte og giver en synergistisk effekt p\u00e5 celleniveau. Takket v\u00e6re liposomal doseringsform optages stofferne optimalt, beskyttes mod mavesyre og frigives j\u00e6vnt.  <\/p>\n<p style=\"font-weight: 400;\"><strong>NAD <\/strong>(nicotinamidadenin-dinukleotid) er et coenzym, der er involveret i mere end 400 biokemiske processer, herunder energimetabolisme, DNA-reparation, celledeling og aktivering af sirtuin. Den naturlige produktion af NAD falder markant fra ung voksenalder (s\u00e5 tidligt som 3-4 \u00e5r hos hunde), hvilket bidrager til accelereret cellealdring. <\/p>\n<p style=\"font-weight: 400;\"><strong>Resveratrol<\/strong> fungerer som en katalysator for NAD og aktiverer enzymet <strong>sirtuin-1<\/strong>, som er involveret i mitokondriel sundhed, celleoms\u00e6tning og levetidsforl\u00e6ngelse. Resveratrol er en kraftig antioxidant med antivirale, antibakterielle og antiinflammatoriske egenskaber. <\/p>\n<p style=\"font-weight: 400;\"><strong>Ergothionein<\/strong>, en svovlholdig aminosyre fra svampe (inklusive Maitake og \u00f8stershatte), krydser blod-hjerne-barrieren og beskytter celler mod oxidativ skade. Det unders\u00f8ges i forhold til neurodegenerative lidelser som Alzheimers og Parkinsons hos mennesker, samt har dokumenterede kardiovaskul\u00e6re og metaboliske fordele. <\/p>\n<p style=\"font-weight: 400;\">Denne kombination underst\u00f8tter kroppen p\u00e5 flere niveauer \u2014 fra hjerne til hjerte og tarm \u2014 og bidrager til en langsommere aldringsproces, \u00f8get vitalitet og forbedret langsigtet sundhed.<\/p>\n","protected":false},"excerpt":{"rendered":"<p style=\"font-weight: 400;\">Liposomal kombination af NAD, resveratrol og ergothionein. Underst\u00f8tter energi, cellefornyelse og aldringsprocesser hos hunde og katte. Anti-aging p\u00e5 celleniveau.  <\/p>\n<p style=\"font-weight: 400;\">\n","protected":false},"featured_media":17786,"comment_status":"open","ping_status":"closed","template":"","meta":[],"product_brand":[],"product_cat":[2194,2193,1950,1885,2118],"product_tag":[1893,4469,4468,4467,1886,4466,4030,4463,1887,1960,1889,2207,2119,4464,1911,4465],"merken":[],"class_list":{"0":"post-7575","1":"product","2":"type-product","3":"status-publish","4":"has-post-thumbnail","6":"product_cat-antiinflammatorisk-da","7":"product_cat-generel-vitalitet","8":"product_cat-immunsystem-da","9":"product_cat-orthomolekylaere-kosttilskud","10":"product_cat-liposomal-da","11":"product_tag-antioxidant-da","12":"product_tag-celle-sundhed","13":"product_tag-cellefornyelse","14":"product_tag-dna-reparation-da","15":"product_tag-dyr-da","16":"product_tag-ergotioneine-da","17":"product_tag-foryngelse-da","18":"product_tag-generel-vitalitet","19":"product_tag-hunde-da","20":"product_tag-immunsystem-da","21":"product_tag-katte","22":"product_tag-levetid","23":"product_tag-liposomal-da","24":"product_tag-nad-da","25":"product_tag-ngd-care-kosttilskud","26":"product_tag-resveratrol-da","27":"infinite-scroll-item","28":"sales-flash-overlay","29":"woocommerce-text-align-center","30":"woocommerce-image-align-center","31":"do-quantity-buttons","33":"first","34":"instock","35":"taxable","36":"shipping-taxable","37":"purchasable","38":"product-type-simple"},"_links":{"self":[{"href":"https:\/\/www.ngdcare.nl\/da\/wp-json\/wp\/v2\/product\/7575","targetHints":{"allow":["GET"]}}],"collection":[{"href":"https:\/\/www.ngdcare.nl\/da\/wp-json\/wp\/v2\/product"}],"about":[{"href":"https:\/\/www.ngdcare.nl\/da\/wp-json\/wp\/v2\/types\/product"}],"replies":[{"embeddable":true,"href":"https:\/\/www.ngdcare.nl\/da\/wp-json\/wp\/v2\/comments?post=7575"}],"wp:featuredmedia":[{"embeddable":true,"href":"https:\/\/www.ngdcare.nl\/da\/wp-json\/wp\/v2\/media\/17786"}],"wp:attachment":[{"href":"https:\/\/www.ngdcare.nl\/da\/wp-json\/wp\/v2\/media?parent=7575"}],"wp:term":[{"taxonomy":"product_brand","embeddable":true,"href":"https:\/\/www.ngdcare.nl\/da\/wp-json\/wp\/v2\/product_brand?post=7575"},{"taxonomy":"product_cat","embeddable":true,"href":"https:\/\/www.ngdcare.nl\/da\/wp-json\/wp\/v2\/product_cat?post=7575"},{"taxonomy":"product_tag","embeddable":true,"href":"https:\/\/www.ngdcare.nl\/da\/wp-json\/wp\/v2\/product_tag?post=7575"},{"taxonomy":"merken","embeddable":true,"href":"https:\/\/www.ngdcare.nl\/da\/wp-json\/wp\/v2\/merken?post=7575"}],"curies":[{"name":"wp","href":"https:\/\/api.w.org\/{rel}","templated":true}]}}