{"id":7582,"date":"2024-01-22T22:20:14","date_gmt":"2024-01-22T22:20:14","guid":{"rendered":"https:\/\/www.ngdcare.nl\/product\/Ikke%20kategoriseret\/liposomal-cbd-olie-liposomal-cbd-olie\/"},"modified":"2026-05-09T22:59:48","modified_gmt":"2026-05-09T20:59:48","slug":"liposomal-cbd-olie-liposomal-cbd-olie","status":"publish","type":"product","link":"https:\/\/www.ngdcare.nl\/da\/veterinary-health\/supplementen-dier\/liposomal-cbd-olie-liposomal-cbd-olie\/liposomal-cbd-olie-liposomal-cbd-olie\/","title":{"rendered":"Liposomal CBD-olie"},"content":{"rendered":"<p style=\"font-weight: 400;\"><strong>Liposomal CBD-olie<\/strong> fra NGD Care er en unik fuldspektret hampolie i liposomal form, specielt udviklet til hunde og katte. Brugen af liposomer forbedrer i h\u00f8j grad optagelsen af cannabidiol (CBD) og andre fytocannabinoider, hvilket sikrer hurtigere og mere potent virkning, selv hos dyr med f\u00f8lsom ford\u00f8jelse eller nedsat optagelse. <\/p>\n<p style=\"font-weight: 400;\">Denne olie indeholder alle de aktive forbindelser i Cannabis sativa-planten, inklusive over 100 forskellige fytocannabinoider. CBD er det vigtigste og mest unders\u00f8gte stof blandt disse. Takket v\u00e6re dyrs endocannabinoide system \u2013 som er endnu mere aktivt end hos mennesker \u2013 reagerer hunde og katte ofte st\u00e6rkt p\u00e5 virkningerne af CBD. Dette system er involveret i mange funktioner s\u00e5som smerteregulering, hum\u00f8r, appetit, s\u00f8vn og immunsystemet.   <\/p>\n<p style=\"font-weight: 400;\">NGD Cares liposomale teknologi sikrer en meget h\u00f8j biotilg\u00e6ngelighed af CBD og andre cannabinoider og er den eneste liposomale CBD-olie til dyr p\u00e5 markedet af sin slags.<\/p>\n","protected":false},"excerpt":{"rendered":"<p class=\"p3\">Smerte, angst, hudproblemer eller epilepsi hos din hund eller kat? CBD fungerer gennem et reguleringssystem, der findes hos alle pattedyr og hj\u00e6lper med smerteh\u00e5ndtering, afslapning og h\u00e6mning af inflammation. Vores fuldspektrum liposomale olie absorberes betydeligt bedre end almindelig CBD-olie.  <\/p>\n","protected":false},"featured_media":10641,"comment_status":"open","ping_status":"closed","template":"","meta":{"wds_primary_product_brand":0,"wds_primary_product_cat":187,"wds_primary_merken":0},"product_brand":[],"product_cat":[22,232,187,20,87],"product_tag":[4513,2349,4515,2302,3151,1886,4517,4512,1887,1889,2204,4518,2119,4516,4514],"merken":[],"class_list":{"0":"post-7582","1":"product","2":"type-product","3":"status-publish","4":"has-post-thumbnail","6":"product_cat-gedrag","7":"product_cat-ontstekingsremmend","8":"product_cat-supplementen-dier","9":"product_cat-gewrichten","10":"product_cat-liposomaal","11":"product_tag-4-cbd-olie-da","12":"product_tag-analgetikum-da","13":"product_tag-angst-reducerende","14":"product_tag-antiinflammatorisk-da","15":"product_tag-cbd-olie-da","16":"product_tag-dyr-da","17":"product_tag-forbedrer-sovnen-da","18":"product_tag-fuldspektret-cbd-olie","19":"product_tag-hunde-da","20":"product_tag-katte","21":"product_tag-kraeft","22":"product_tag-lindrende","23":"product_tag-liposomal-da","24":"product_tag-reducerer-angst","25":"product_tag-reduktion-af-stress-da","26":"infinite-scroll-item","27":"sales-flash-overlay","28":"woocommerce-text-align-center","29":"woocommerce-image-align-center","30":"do-quantity-buttons","32":"first","33":"instock","34":"featured","35":"taxable","36":"shipping-taxable","37":"purchasable","38":"product-type-variable"},"_links":{"self":[{"href":"https:\/\/www.ngdcare.nl\/da\/wp-json\/wp\/v2\/product\/7582","targetHints":{"allow":["GET"]}}],"collection":[{"href":"https:\/\/www.ngdcare.nl\/da\/wp-json\/wp\/v2\/product"}],"about":[{"href":"https:\/\/www.ngdcare.nl\/da\/wp-json\/wp\/v2\/types\/product"}],"replies":[{"embeddable":true,"href":"https:\/\/www.ngdcare.nl\/da\/wp-json\/wp\/v2\/comments?post=7582"}],"wp:featuredmedia":[{"embeddable":true,"href":"https:\/\/www.ngdcare.nl\/da\/wp-json\/wp\/v2\/media\/10641"}],"wp:attachment":[{"href":"https:\/\/www.ngdcare.nl\/da\/wp-json\/wp\/v2\/media?parent=7582"}],"wp:term":[{"taxonomy":"product_brand","embeddable":true,"href":"https:\/\/www.ngdcare.nl\/da\/wp-json\/wp\/v2\/product_brand?post=7582"},{"taxonomy":"product_cat","embeddable":true,"href":"https:\/\/www.ngdcare.nl\/da\/wp-json\/wp\/v2\/product_cat?post=7582"},{"taxonomy":"product_tag","embeddable":true,"href":"https:\/\/www.ngdcare.nl\/da\/wp-json\/wp\/v2\/product_tag?post=7582"},{"taxonomy":"merken","embeddable":true,"href":"https:\/\/www.ngdcare.nl\/da\/wp-json\/wp\/v2\/merken?post=7582"}],"curies":[{"name":"wp","href":"https:\/\/api.w.org\/{rel}","templated":true}]}}