{"id":7591,"date":"2024-01-22T21:48:11","date_gmt":"2024-01-22T21:48:11","guid":{"rendered":"https:\/\/www.ngdcare.nl\/product\/Ikke%20kategoriseret\/liposomal-aeggeskalsmembran-liposomal-mobilitetsstoette\/"},"modified":"2026-03-26T10:49:18","modified_gmt":"2026-03-26T09:49:18","slug":"liposomal-aeggeskalsmembran-liposomal-mobilitetsstoette","status":"publish","type":"product","link":"https:\/\/www.ngdcare.nl\/da\/product\/naturligt-kaeledyrsapotek\/liposomal-da\/liposomal-aeggeskalsmembran-liposomal-mobilitetsstoette\/","title":{"rendered":"Liposomal \u00e6ggeskalsmembran \u2013 Liposomal mobilitetsst\u00f8tte"},"content":{"rendered":"<p data-start=\"189\" data-end=\"554\"><strong data-start=\"189\" data-end=\"232\">Liposomal mobilitetsst\u00f8tte fra NGD Care<\/strong> er et ekstra supplement til at st\u00f8tte led, brusk og bindev\u00e6vsstrukturer hos hunde og katte. Formlen er udviklet til dyr, der kan bruge ekstra st\u00f8tte ved stivhed, belastning p\u00e5 leddene eller aldersrelateret slid, men ogs\u00e5 til unge dyr i v\u00e6kst. Den liposomale form er valgt for at underst\u00f8tte optagelsen s\u00e5 godt som muligt. Dette g\u00f8r dette tilskud ogs\u00e5 velegnet til dyr med f\u00f8lsom ford\u00f8jelse eller nedsat optagelseskapacitet.   <\/p>\n<p data-start=\"756\" data-end=\"854\">Sammens\u00e6tningen indeholder en kombination af fire vigtige byggesten for muskuloskeletsystemet:<\/p>\n<ul>\n<li><strong data-start=\"856\" data-end=\"878\">\u00c6ggeskalsmembran<\/strong><br data-start=\"878\" data-end=\"881\">\u00c6ggeskalsmembranen er naturligt rig p\u00e5 kollagen type I, V og X, hyaluronsyre, glucosamin, chondroitinsulfat og elastin. Denne naturlige matrix underst\u00f8tter opbygning og vedligeholdelse af brusk, bindev\u00e6v og ledstrukturer. <\/li>\n<li><strong data-start=\"1121\" data-end=\"1142\">Kollagen type II<\/strong><br data-start=\"1142\" data-end=\"1145\">Type II-kollagen er en vigtig strukturel byggesten i ledbrusk. Denne tilf\u00f8jelse g\u00f8r formlen endnu mere m\u00e5lrettet mod dyr med ledbelastning, slidgigt eller andre degenerative \u00e6ndringer i brusken. <\/li>\n<li><strong data-start=\"1375\" data-end=\"1390\">Glucosamin<\/strong><br data-start=\"1390\" data-end=\"1393\">Glucosamin underst\u00f8tter opbygningen af brusk, sener og bindev\u00e6v. Det bruges bredt som n\u00e6ringsstof for muskuloskeletsystemet hos dyr, der har brug for ekstra st\u00f8tte for at bev\u00e6ge sig smidigt. <\/li>\n<li><strong data-start=\"1601\" data-end=\"1624\">Chondroitinsulfat<\/strong><br data-start=\"1624\" data-end=\"1627\">Chondroitinsulfat underst\u00f8tter bruskens struktur, modstandsdygtighed og fugtbinding. Det er en velkendt byggesten i ledmedicintilskud. <\/li>\n<\/ul>\n<p data-start=\"1795\" data-end=\"2161\"><strong data-start=\"1795\" data-end=\"1853\">Hvorn\u00e5r bruges Liposomal Mobility Support ofte?<\/strong><br data-start=\"1853\" data-end=\"1856\">Dette tilskud bruges ofte til at st\u00f8tte hunde og katte med slidgigt, gigt, stivhed eller andre ledproblemer. Derudover passer det ogs\u00e5 godt til \u00e6ldre, aktive dyr, store racer og unge voksende dyr, n\u00e5r ekstra st\u00f8tte af brusk, bindev\u00e6v og kollagenopbygning er \u00f8nsket. <\/p>\n","protected":false},"excerpt":{"rendered":"<p style=\"font-weight: 400;\">Liposomal \u00e6ggeskalsmembran med kollagen type II til ledreparation, bruskst\u00f8tte og reduceret smerte ved slidgigt og gigt. For hunde og katte <\/p>\n","protected":false},"featured_media":17859,"comment_status":"open","ping_status":"closed","template":"","meta":[],"product_brand":[],"product_cat":[1885,2346,2118],"product_tag":[],"merken":[],"class_list":{"0":"post-7591","1":"product","2":"type-product","3":"status-publish","4":"has-post-thumbnail","6":"product_cat-orthomolekylaere-kosttilskud","7":"product_cat-led","8":"product_cat-liposomal-da","9":"infinite-scroll-item","10":"sales-flash-overlay","11":"woocommerce-text-align-center","12":"woocommerce-image-align-center","13":"do-quantity-buttons","15":"first","16":"instock","17":"taxable","18":"shipping-taxable","19":"purchasable","20":"product-type-simple"},"_links":{"self":[{"href":"https:\/\/www.ngdcare.nl\/da\/wp-json\/wp\/v2\/product\/7591","targetHints":{"allow":["GET"]}}],"collection":[{"href":"https:\/\/www.ngdcare.nl\/da\/wp-json\/wp\/v2\/product"}],"about":[{"href":"https:\/\/www.ngdcare.nl\/da\/wp-json\/wp\/v2\/types\/product"}],"replies":[{"embeddable":true,"href":"https:\/\/www.ngdcare.nl\/da\/wp-json\/wp\/v2\/comments?post=7591"}],"wp:featuredmedia":[{"embeddable":true,"href":"https:\/\/www.ngdcare.nl\/da\/wp-json\/wp\/v2\/media\/17859"}],"wp:attachment":[{"href":"https:\/\/www.ngdcare.nl\/da\/wp-json\/wp\/v2\/media?parent=7591"}],"wp:term":[{"taxonomy":"product_brand","embeddable":true,"href":"https:\/\/www.ngdcare.nl\/da\/wp-json\/wp\/v2\/product_brand?post=7591"},{"taxonomy":"product_cat","embeddable":true,"href":"https:\/\/www.ngdcare.nl\/da\/wp-json\/wp\/v2\/product_cat?post=7591"},{"taxonomy":"product_tag","embeddable":true,"href":"https:\/\/www.ngdcare.nl\/da\/wp-json\/wp\/v2\/product_tag?post=7591"},{"taxonomy":"merken","embeddable":true,"href":"https:\/\/www.ngdcare.nl\/da\/wp-json\/wp\/v2\/merken?post=7591"}],"curies":[{"name":"wp","href":"https:\/\/api.w.org\/{rel}","templated":true}]}}