{"id":8784,"date":"2025-10-02T20:07:09","date_gmt":"2025-10-02T18:07:09","guid":{"rendered":"https:\/\/www.ngdcare.nl\/?post_type=product&#038;p=8784"},"modified":"2025-10-02T22:06:21","modified_gmt":"2025-10-02T20:06:21","slug":"indre-justeringsessens-chakra-1-4-og-7-kopie","status":"publish","type":"product","link":"https:\/\/www.ngdcare.nl\/da\/product\/human-health\/blomster-retsmidler-da\/indre-justeringsessens-chakra-1-4-og-7-kopie\/","title":{"rendered":"Indre Justeringsessens \u2013 Chakra 1, 4 og 7"},"content":{"rendered":"<p data-start=\"437\" data-end=\"757\"><strong data-start=\"437\" data-end=\"456\">Inner Alignment<\/strong> er en omhyggeligt sammensat blomsteressens baseret p\u00e5 aksen i <strong data-start=\"531\" data-end=\"572\">det 1. chakra (legemligg\u00f8relse og sikkerhed),<\/strong> det <strong data-start=\"578\" data-end=\"614\">4. chakra (k\u00e6rlighed og forbindelse)<\/strong> og det <strong data-start=\"622\" data-end=\"660\">7. chakra (bevidsthed og intuition).<\/strong> Denne indre treenighed danner grundlaget for balance, selvk\u00e6rlighed og \u00e5ndelig afstemthed. <\/p>\n<p data-start=\"759\" data-end=\"1014\">Midlet er s\u00e6rligt velegnet til <strong data-start=\"797\" data-end=\"833\">s\u00e6rligt sensitive mennesker og b\u00f8rn<\/strong> , der har sv\u00e6rt ved at lande fast i deres kroppe eller let bliver overstimuleret. Inner Alignment kan ogs\u00e5 tilbyde st\u00f8tte til f\u00f8lelser af ensomhed, sorg eller fremmedg\u00f8relse. <\/p>\n<p data-start=\"1016\" data-end=\"1103\">Ved at kombinere 12 n\u00f8je udvalgte blomster hj\u00e6lper Inner Alignment med at:<\/p>\n<ul data-start=\"1104\" data-end=\"1276\">\n<li data-start=\"1104\" data-end=\"1166\">\n<p data-start=\"1106\" data-end=\"1166\"><strong data-start=\"1116\" data-end=\"1127\">At jorde<\/strong> dybere og f\u00f8le sig tryg i din krop<\/p>\n<\/li>\n<li data-start=\"1167\" data-end=\"1221\">\n<p data-start=\"1169\" data-end=\"1221\"><strong data-start=\"1173\" data-end=\"1191\">\u00c5bning af hjertet<\/strong> for k\u00e6rlig forbindelse<\/p>\n<\/li>\n<li data-start=\"1222\" data-end=\"1276\">\n<p data-start=\"1224\" data-end=\"1276\"><strong data-start=\"1230\" data-end=\"1262\">Forbindelse med dit h\u00f8jere selv og din intuition<\/strong><\/p>\n<\/li>\n<\/ul>\n<p data-start=\"1278\" data-end=\"1401\">Denne essens inviterer dig til ikke l\u00e6ngere at overleve, men til at leve livet fuldt ud \u2013 fra indre fred, k\u00e6rlighed og tillid.<\/p>\n<p data-start=\"1403\" data-end=\"1448\"><strong data-start=\"1403\" data-end=\"1446\">Anvendelse hos voksne og b\u00f8rn:<\/strong><\/p>\n<ul data-start=\"1449\" data-end=\"1676\">\n<li data-start=\"1449\" data-end=\"1490\">\n<p data-start=\"1451\" data-end=\"1490\">I sorg, ensomhed eller fremmedg\u00f8relse<\/p>\n<\/li>\n<li data-start=\"1491\" data-end=\"1567\">\n<p data-start=\"1493\" data-end=\"1567\">Til s\u00e6rligt sensitive b\u00f8rn, der har sv\u00e6rt ved stimuli eller sikkerhed<\/p>\n<\/li>\n<li data-start=\"1568\" data-end=\"1611\">\n<p data-start=\"1570\" data-end=\"1611\">N\u00e5r du k\u00e6mper med selvk\u00e6rlighed og forbindelse<\/p>\n<\/li>\n<li data-start=\"1612\" data-end=\"1676\">\n<p data-start=\"1614\" data-end=\"1676\">Som st\u00f8tte i perioder med \u00e5ndelig eller f\u00f8lelsesm\u00e6ssig ubalance<\/p>\n<\/li>\n<\/ul>\n<p data-start=\"1678\" data-end=\"1711\"><strong data-start=\"1678\" data-end=\"1709\">Indeholder f\u00f8lgende blomster:<\/strong><\/p>\n<ul data-start=\"1712\" data-end=\"2454\">\n<li data-start=\"1712\" data-end=\"1785\">\n<p data-start=\"1714\" data-end=\"1785\"><strong data-start=\"1714\" data-end=\"1729\">Maskeblomst<\/strong> \u2013 frigivelse af beskyttelsesmekanismer, dyb jordforbindelse<\/p>\n<\/li>\n<li data-start=\"1786\" data-end=\"1836\">\n<p data-start=\"1788\" data-end=\"1836\"><strong data-start=\"1788\" data-end=\"1806\">Hjulkrone<\/strong> \u2013 mod, komfort og blidhed<\/p>\n<\/li>\n<li data-start=\"1837\" data-end=\"1900\">\n<p data-start=\"1839\" data-end=\"1900\"><strong data-start=\"1839\" data-end=\"1853\">\u00c5kande<\/strong> \u2013 forbinder \u00e6terisk krop med det fysiske<\/p>\n<\/li>\n<li data-start=\"1901\" data-end=\"1962\">\n<p data-start=\"1903\" data-end=\"1962\"><strong data-start=\"1903\" data-end=\"1917\">Immortelle<\/strong> \u2013 karmisk healing, styrker sj\u00e6lens jordforbindelse<\/p>\n<\/li>\n<li data-start=\"1963\" data-end=\"2019\">\n<p data-start=\"1965\" data-end=\"2019\"><strong data-start=\"1965\" data-end=\"1975\">Balance<\/strong> \u2013 harmoniserer f\u00f8lelse, t\u00e6nkning og handling<\/p>\n<\/li>\n<li data-start=\"2020\" data-end=\"2075\">\n<p data-start=\"2022\" data-end=\"2075\"><strong data-start=\"2022\" data-end=\"2042\">Dagg\u00f8geblomst<\/strong> \u2013 mod til at \u00e5bne op<\/p>\n<\/li>\n<li data-start=\"2076\" data-end=\"2142\">\n<p data-start=\"2078\" data-end=\"2142\"><strong data-start=\"2078\" data-end=\"2104\">Kysternes Dronning<\/strong> \u2013 \u00e5bner hjerte og krone fra k\u00e6rlighed<\/p>\n<\/li>\n<li data-start=\"2143\" data-end=\"2216\">\n<p data-start=\"2145\" data-end=\"2216\"><strong data-start=\"2145\" data-end=\"2166\">Betlehemsstjernen<\/strong> \u2013 helbredelse af dybe traumer, sj\u00e6lelinjegendannelse<\/p>\n<\/li>\n<li data-start=\"2217\" data-end=\"2275\">\n<p data-start=\"2219\" data-end=\"2275\"><strong data-start=\"2219\" data-end=\"2235\">Knotweed<\/strong> \u2013 styrker forbindelsen jordkosmos \u2194<\/p>\n<\/li>\n<li data-start=\"2276\" data-end=\"2338\">\n<p data-start=\"2278\" data-end=\"2338\"><strong data-start=\"2278\" data-end=\"2295\">Gul majblomst<\/strong> \u2013 bl\u00f8d og ren \u00e5bning af kronen<\/p>\n<\/li>\n<li data-start=\"2339\" data-end=\"2390\">\n<p data-start=\"2341\" data-end=\"2390\"><strong data-start=\"2341\" data-end=\"2354\">3-Unity<\/strong> \u2013 forbinder krop, sj\u00e6l og \u00e5nd<\/p>\n<\/li>\n<li data-start=\"2391\" data-end=\"2454\">\n<p data-start=\"2393\" data-end=\"2454\"><strong data-start=\"2393\" data-end=\"2417\">Kruidje Roerje Me Niet<\/strong> \u2013 beskyttelse mod overstimulering<\/p>\n<\/li>\n<\/ul>\n","protected":false},"excerpt":{"rendered":"<p>Blomsteressens til dyb jordforbindelse, hjerte\u00e5bning og indre forbindelse. St\u00f8tter voksne og b\u00f8rn med h\u00f8j f\u00f8lsomhed, overstimulering og f\u00f8lelsesm\u00e6ssig restitution. <\/p>\n","protected":false},"featured_media":5497,"comment_status":"open","ping_status":"closed","template":"","meta":{"wds_primary_product_brand":0,"wds_primary_product_cat":0,"wds_primary_merken":0},"product_brand":[],"product_cat":[4712],"product_tag":[3320,3553,3564,3567,3554,3562,3566,3321,3559,3556],"merken":[],"class_list":{"0":"post-8784","1":"product","2":"type-product","3":"status-publish","4":"has-post-thumbnail","6":"product_cat-blomster-retsmidler-da","7":"product_tag-blomst-essens-da","8":"product_tag-chakra-1-4-7-da","9":"product_tag-hjerte-abner","10":"product_tag-hoj-folsomhed","11":"product_tag-indvendig-justering","12":"product_tag-jordforbindelse","13":"product_tag-kronechakra","14":"product_tag-ngd-care-blossoms-da","15":"product_tag-spirituel-forbindelse","16":"product_tag-stjerne-retsmidler","17":"infinite-scroll-item","18":"sales-flash-overlay","19":"woocommerce-text-align-center","20":"woocommerce-image-align-center","21":"do-quantity-buttons","23":"first","24":"instock","25":"taxable","26":"shipping-taxable","27":"purchasable","28":"product-type-simple"},"_links":{"self":[{"href":"https:\/\/www.ngdcare.nl\/da\/wp-json\/wp\/v2\/product\/8784","targetHints":{"allow":["GET"]}}],"collection":[{"href":"https:\/\/www.ngdcare.nl\/da\/wp-json\/wp\/v2\/product"}],"about":[{"href":"https:\/\/www.ngdcare.nl\/da\/wp-json\/wp\/v2\/types\/product"}],"replies":[{"embeddable":true,"href":"https:\/\/www.ngdcare.nl\/da\/wp-json\/wp\/v2\/comments?post=8784"}],"wp:featuredmedia":[{"embeddable":true,"href":"https:\/\/www.ngdcare.nl\/da\/wp-json\/wp\/v2\/media\/5497"}],"wp:attachment":[{"href":"https:\/\/www.ngdcare.nl\/da\/wp-json\/wp\/v2\/media?parent=8784"}],"wp:term":[{"taxonomy":"product_brand","embeddable":true,"href":"https:\/\/www.ngdcare.nl\/da\/wp-json\/wp\/v2\/product_brand?post=8784"},{"taxonomy":"product_cat","embeddable":true,"href":"https:\/\/www.ngdcare.nl\/da\/wp-json\/wp\/v2\/product_cat?post=8784"},{"taxonomy":"product_tag","embeddable":true,"href":"https:\/\/www.ngdcare.nl\/da\/wp-json\/wp\/v2\/product_tag?post=8784"},{"taxonomy":"merken","embeddable":true,"href":"https:\/\/www.ngdcare.nl\/da\/wp-json\/wp\/v2\/merken?post=8784"}],"curies":[{"name":"wp","href":"https:\/\/api.w.org\/{rel}","templated":true}]}}