{"id":8796,"date":"2025-10-02T21:50:46","date_gmt":"2025-10-02T19:50:46","guid":{"rendered":"https:\/\/www.ngdcare.nl\/?post_type=product&#038;p=8796"},"modified":"2025-10-02T22:03:39","modified_gmt":"2025-10-02T20:03:39","slug":"essens-af-tarmfolelse-chakra-3-og-6-kopie-2","status":"publish","type":"product","link":"https:\/\/www.ngdcare.nl\/da\/product\/blomster-retsmidler-da\/essens-af-tarmfolelse-chakra-3-og-6-kopie-2\/","title":{"rendered":"Essens af tarmf\u00f8lelse \u2013 Chakra 3 og 6"},"content":{"rendered":"<p data-start=\"458\" data-end=\"660\"><strong data-start=\"458\" data-end=\"473\">Gut Feeling<\/strong> er en omhyggeligt sammensat blomsteressens, der forbinder det <strong data-start=\"529\" data-end=\"591\">tredje chakra (personlig styrke, beslutsomhed og retning)<\/strong> og det <strong data-start=\"599\" data-end=\"637\">sjette chakra (intuition og indsigt).<\/strong><\/p>\n<p data-start=\"662\" data-end=\"1040\">Dette middel er beregnet til mennesker, der har sv\u00e6rt ved at tr\u00e6ffe valg, er usikre eller er for meget &#8220;i hovedet&#8221;. Det tredje chakra repr\u00e6senterer viljestyrke og retning, mens det sjette chakra er forbundet med intuitiv opfattelse og indre viden. N\u00e5r disse centre bliver ubalancerede, kan det f\u00f8re til forvirring, ubeslutsomhed eller overdreven kontrol.  <\/p>\n<p data-start=\"1042\" data-end=\"1187\">Gut Feeling er med til at harmonisere t\u00e6nkning, f\u00f8lelse og handling med hinanden \u2013 s\u00e5 valg kan tr\u00e6ffes ud fra et rent indre kompas.<\/p>\n<p data-start=\"1189\" data-end=\"1477\"><strong data-start=\"1189\" data-end=\"1206\">For b\u00f8rn<\/strong><br data-start=\"1206\" data-end=\"1209\">B\u00f8rn, der er f\u00f8lsomme over for stimuli eller har sv\u00e6rt ved selvtillid, kan drage fordel af dette middel. Det hj\u00e6lper dem til at stole bedre p\u00e5 deres egne f\u00f8lelser, til at v\u00e6re mindre styret af frygt eller frygt for fiasko og til at f\u00f8lge deres intuition p\u00e5 en legende m\u00e5de. <\/p>\n<p data-start=\"1479\" data-end=\"1524\"><strong data-start=\"1479\" data-end=\"1522\">Anvendelse hos voksne og b\u00f8rn:<\/strong><\/p>\n<ul data-start=\"1525\" data-end=\"1732\">\n<li data-start=\"1525\" data-end=\"1551\">\n<p data-start=\"1527\" data-end=\"1551\">I tilf\u00e6lde af stress og bekymring<\/p>\n<\/li>\n<li data-start=\"1552\" data-end=\"1589\">\n<p data-start=\"1554\" data-end=\"1589\">I tilf\u00e6lde af frygt for fiasko eller ubeslutsomhed<\/p>\n<\/li>\n<li data-start=\"1590\" data-end=\"1637\">\n<p data-start=\"1592\" data-end=\"1637\">I tilf\u00e6lde af blokeringer i selvtillid eller intuition<\/p>\n<\/li>\n<li data-start=\"1638\" data-end=\"1680\">\n<p data-start=\"1640\" data-end=\"1680\">I tilf\u00e6lde af overstimulering og h\u00f8j f\u00f8lsomhed<\/p>\n<\/li>\n<li data-start=\"1681\" data-end=\"1732\">\n<p data-start=\"1683\" data-end=\"1732\">Som st\u00f8tte til udbr\u00e6ndthed og f\u00f8lelsesm\u00e6ssig udmattelse<\/p>\n<\/li>\n<\/ul>\n<p data-start=\"1734\" data-end=\"1767\"><strong data-start=\"1734\" data-end=\"1765\">Indeholder f\u00f8lgende blomster:<\/strong><\/p>\n<ul data-start=\"1768\" data-end=\"2441\">\n<li data-start=\"1768\" data-end=\"1816\">\n<p data-start=\"1770\" data-end=\"1816\"><strong data-start=\"1770\" data-end=\"1783\">Leadwort<\/strong> \u2013 intuitiv handling og retning<\/p>\n<\/li>\n<li data-start=\"1817\" data-end=\"1864\">\n<p data-start=\"1819\" data-end=\"1864\"><strong data-start=\"1819\" data-end=\"1835\">Kopersille<\/strong> \u2013 afslappet selvudfoldelse<\/p>\n<\/li>\n<li data-start=\"1865\" data-end=\"1939\">\n<p data-start=\"1867\" data-end=\"1939\"><strong data-start=\"1867\" data-end=\"1884\">Sommerfuglebusk<\/strong> \u2013 indre styrke, der bryder fri af gamle overbevisninger<\/p>\n<\/li>\n<li data-start=\"1940\" data-end=\"1995\">\n<p data-start=\"1942\" data-end=\"1995\"><strong data-start=\"1942\" data-end=\"1957\">Wild Apple<\/strong> \u2013 udrensning af begr\u00e6nsende selvbillede<\/p>\n<\/li>\n<li data-start=\"1996\" data-end=\"2060\">\n<p data-start=\"1998\" data-end=\"2060\"><strong data-start=\"1998\" data-end=\"2019\">Betlehemsstjernen<\/strong> \u2013 genopretning efter chok, traumer eller udbr\u00e6ndthed<\/p>\n<\/li>\n<li data-start=\"2061\" data-end=\"2110\">\n<p data-start=\"2063\" data-end=\"2110\"><strong data-start=\"2063\" data-end=\"2078\">Sumpmorgenfrue<\/strong> \u2013 aktivering af det tredje \u00f8je<\/p>\n<\/li>\n<li data-start=\"2111\" data-end=\"2163\">\n<p data-start=\"2113\" data-end=\"2163\"><strong data-start=\"2113\" data-end=\"2125\">Barnet<\/strong> \u2013 tillid til intuitive impulser<\/p>\n<\/li>\n<li data-start=\"2164\" data-end=\"2214\">\n<p data-start=\"2166\" data-end=\"2214\"><strong data-start=\"2166\" data-end=\"2176\">Ismene<\/strong> \u2013 sensitivitet, indre viden<\/p>\n<\/li>\n<li data-start=\"2215\" data-end=\"2264\">\n<p data-start=\"2217\" data-end=\"2264\"><strong data-start=\"2217\" data-end=\"2230\">Hortensia<\/strong> \u2013 balance mellem hoved og f\u00f8lelse<\/p>\n<\/li>\n<li data-start=\"2265\" data-end=\"2325\">\n<p data-start=\"2267\" data-end=\"2325\"><strong data-start=\"2267\" data-end=\"2281\">Immortelle<\/strong> \u2013 sj\u00e6lens hukommelse, \u00e5ndelig fordybelse<\/p>\n<\/li>\n<li data-start=\"2326\" data-end=\"2377\">\n<p data-start=\"2328\" data-end=\"2377\"><strong data-start=\"2328\" data-end=\"2338\">Balance<\/strong> \u2013 harmoniserer vilje, t\u00e6nkning og f\u00f8lelse<\/p>\n<\/li>\n<li data-start=\"2378\" data-end=\"2441\">\n<p data-start=\"2380\" data-end=\"2441\"><strong data-start=\"2380\" data-end=\"2404\">Kruidje Roerje Me Niet<\/strong> \u2013 beskyttelse mod overstimulering<\/p>\n<\/li>\n<\/ul>\n","protected":false},"excerpt":{"rendered":"<p>Blomsteressens, der balancerer personlig kraft og intuition. St\u00f8tter voksne og b\u00f8rn med stress, ubeslutsomhed og overstimulering. <\/p>\n","protected":false},"featured_media":5501,"comment_status":"open","ping_status":"closed","template":"","meta":[],"product_brand":[],"product_cat":[4712],"product_tag":[3706,3704,3705,3700,3701,3707,2637,3708,3702,3556,3703],"merken":[],"class_list":{"0":"post-8796","1":"product","2":"type-product","3":"status-publish","4":"has-post-thumbnail","6":"product_cat-blomster-retsmidler-da","7":"product_tag-andelig-stotte","8":"product_tag-blomst-essens-selvtillid","9":"product_tag-blossom-intuition-da","10":"product_tag-chakra-3-da","11":"product_tag-chakra-6-da","12":"product_tag-indre-styrke","13":"product_tag-ngd-pleje","14":"product_tag-overstimulering-da","15":"product_tag-sollys","16":"product_tag-stjerne-retsmidler","17":"product_tag-tredje-oje","18":"infinite-scroll-item","19":"sales-flash-overlay","20":"woocommerce-text-align-center","21":"woocommerce-image-align-center","22":"do-quantity-buttons","24":"first","25":"instock","26":"taxable","27":"shipping-taxable","28":"purchasable","29":"product-type-simple"},"_links":{"self":[{"href":"https:\/\/www.ngdcare.nl\/da\/wp-json\/wp\/v2\/product\/8796","targetHints":{"allow":["GET"]}}],"collection":[{"href":"https:\/\/www.ngdcare.nl\/da\/wp-json\/wp\/v2\/product"}],"about":[{"href":"https:\/\/www.ngdcare.nl\/da\/wp-json\/wp\/v2\/types\/product"}],"replies":[{"embeddable":true,"href":"https:\/\/www.ngdcare.nl\/da\/wp-json\/wp\/v2\/comments?post=8796"}],"wp:featuredmedia":[{"embeddable":true,"href":"https:\/\/www.ngdcare.nl\/da\/wp-json\/wp\/v2\/media\/5501"}],"wp:attachment":[{"href":"https:\/\/www.ngdcare.nl\/da\/wp-json\/wp\/v2\/media?parent=8796"}],"wp:term":[{"taxonomy":"product_brand","embeddable":true,"href":"https:\/\/www.ngdcare.nl\/da\/wp-json\/wp\/v2\/product_brand?post=8796"},{"taxonomy":"product_cat","embeddable":true,"href":"https:\/\/www.ngdcare.nl\/da\/wp-json\/wp\/v2\/product_cat?post=8796"},{"taxonomy":"product_tag","embeddable":true,"href":"https:\/\/www.ngdcare.nl\/da\/wp-json\/wp\/v2\/product_tag?post=8796"},{"taxonomy":"merken","embeddable":true,"href":"https:\/\/www.ngdcare.nl\/da\/wp-json\/wp\/v2\/merken?post=8796"}],"curies":[{"name":"wp","href":"https:\/\/api.w.org\/{rel}","templated":true}]}}