{"id":8807,"date":"2025-10-02T22:06:35","date_gmt":"2025-10-02T20:06:35","guid":{"rendered":"https:\/\/www.ngdcare.nl\/?post_type=product&#038;p=8807"},"modified":"2025-10-02T22:14:38","modified_gmt":"2025-10-02T20:14:38","slug":"udtryk-essens-chakra-2-og-5-kopie","status":"publish","type":"product","link":"https:\/\/www.ngdcare.nl\/da\/product\/blomster-retsmidler-da\/udtryk-essens-chakra-2-og-5-kopie\/","title":{"rendered":"Udtryk essens \u2013 Chakra 2 og 5"},"content":{"rendered":"<p data-start=\"507\" data-end=\"767\"><strong data-start=\"507\" data-end=\"536\">Udtryk \u2013 Chakra 2 &amp; 5<\/strong> er en n\u00f8je sammensat blomsteressens, der underst\u00f8tter forbindelsen mellem det <strong data-start=\"625\" data-end=\"696\">andet chakra (sakral \u2013 livsenergi, kreativitet, sensualitet)<\/strong> og det <strong data-start=\"704\" data-end=\"764\">femte chakra (hals \u2013 kommunikation, udtryk, sandhed).<\/strong><\/p>\n<p data-start=\"769\" data-end=\"1072\">Denne kombination hj\u00e6lper dig med at forbinde dig med dit indre flow, din kreative energi og din evne til at udtrykke dig blidt og autentisk. Mange mennesker oplever blokeringer p\u00e5 denne akse: vanskeligheder med at udtrykke f\u00f8lelser, kreativ stagnation, frygt for at v\u00e6re synlig eller overdreven f\u00f8lelsesm\u00e6ssig f\u00f8lsomhed. <\/p>\n<p data-start=\"1074\" data-end=\"1204\">Udtryk giver bl\u00f8dg\u00f8ring, beskyttelse og plads, s\u00e5 f\u00f8lelser og ord kommer tilbage i balance med, hvem du virkelig er.<\/p>\n<p data-start=\"1206\" data-end=\"1451\"><strong data-start=\"1206\" data-end=\"1223\">For b\u00f8rn<\/strong><br data-start=\"1223\" data-end=\"1226\">B\u00f8rn, der har sv\u00e6rt ved at udtrykke sig eller ofte blokerer f\u00f8lelser, kan drage fordel af dette middel. Det hj\u00e6lper dem til at kommunikere mere bl\u00f8dt, til at v\u00e6re kreative p\u00e5 en legende m\u00e5de og til at vise deres f\u00f8lelser p\u00e5 en sikker m\u00e5de. <\/p>\n<p data-start=\"1453\" data-end=\"1498\"><strong data-start=\"1453\" data-end=\"1496\">Anvendelse hos voksne og b\u00f8rn:<\/strong><\/p>\n<ul data-start=\"1499\" data-end=\"1845\">\n<li data-start=\"1499\" data-end=\"1562\">\n<p data-start=\"1501\" data-end=\"1562\">Til f\u00f8lelsesm\u00e6ssige blokeringer som tristhed, skam eller skyld<\/p>\n<\/li>\n<li data-start=\"1563\" data-end=\"1611\">\n<p data-start=\"1565\" data-end=\"1611\">N\u00e5r det er sv\u00e6rt at udtrykke eller kommunikere<\/p>\n<\/li>\n<li data-start=\"1612\" data-end=\"1665\">\n<p data-start=\"1614\" data-end=\"1665\">I tilf\u00e6lde af kreativ stagnation eller relationelle sp\u00e6ndinger<\/p>\n<\/li>\n<li data-start=\"1666\" data-end=\"1730\">\n<p data-start=\"1668\" data-end=\"1730\">Ved h\u00f8j f\u00f8lsomhed eller f\u00f8lsomhed over for stimuli omkring hals\/tale<\/p>\n<\/li>\n<li data-start=\"1731\" data-end=\"1792\">\n<p data-start=\"1733\" data-end=\"1792\">Underst\u00f8tter hormonel ubalance eller halslidelser<\/p>\n<\/li>\n<li data-start=\"1793\" data-end=\"1845\">\n<p data-start=\"1795\" data-end=\"1845\">I overgangsperioder eller kreative processer<\/p>\n<\/li>\n<\/ul>\n<p data-start=\"1847\" data-end=\"1880\"><strong data-start=\"1847\" data-end=\"1878\">Indeholder f\u00f8lgende blomster:<\/strong><\/p>\n<ul data-start=\"1881\" data-end=\"2529\">\n<li data-start=\"1881\" data-end=\"1943\">\n<p data-start=\"1883\" data-end=\"1943\"><strong data-start=\"1883\" data-end=\"1896\">Tilgivelse<\/strong> \u2013 at give slip, \u00e5bner hjerte og f\u00f8lelsesm\u00e6ssigt senget\u00f8j<\/p>\n<\/li>\n<li data-start=\"1944\" data-end=\"2004\">\n<p data-start=\"1946\" data-end=\"2004\"><strong data-start=\"1946\" data-end=\"1962\">Kopersille<\/strong> \u2013 legesyge, kreativitet og lethed<\/p>\n<\/li>\n<li data-start=\"2005\" data-end=\"2067\">\n<p data-start=\"2007\" data-end=\"2067\"><strong data-start=\"2007\" data-end=\"2023\">Koralkaktus<\/strong> \u2013 bl\u00f8dt feminint flow, sensualitet<\/p>\n<\/li>\n<li data-start=\"2068\" data-end=\"2122\">\n<p data-start=\"2070\" data-end=\"2122\"><strong data-start=\"2070\" data-end=\"2090\">Dagg\u00f8geblomst<\/strong> \u2013 at turde v\u00e6re dig selv og udtrykke dig selv<\/p>\n<\/li>\n<li data-start=\"2123\" data-end=\"2179\">\n<p data-start=\"2125\" data-end=\"2179\"><strong data-start=\"2125\" data-end=\"2146\">Betlehemsstjernen<\/strong> \u2013 helbredelse af f\u00f8lelsesm\u00e6ssige traumer<\/p>\n<\/li>\n<li data-start=\"2180\" data-end=\"2235\">\n<p data-start=\"2182\" data-end=\"2235\"><strong data-start=\"2182\" data-end=\"2202\">Indisk mandel<\/strong> \u2013 beskyttelse mod f\u00f8lsomhed<\/p>\n<\/li>\n<li data-start=\"2236\" data-end=\"2292\">\n<p data-start=\"2238\" data-end=\"2292\"><strong data-start=\"2238\" data-end=\"2255\">K\u00e6rlighed &amp; H\u00e5b<\/strong> \u2013 bl\u00f8dg\u00f8ring og indre styrke<\/p>\n<\/li>\n<li data-start=\"2293\" data-end=\"2342\">\n<p data-start=\"2295\" data-end=\"2342\"><strong data-start=\"2295\" data-end=\"2303\">Rose<\/strong> \u2013 bl\u00f8d hjerteenergi i kommunikation<\/p>\n<\/li>\n<li data-start=\"2343\" data-end=\"2396\">\n<p data-start=\"2345\" data-end=\"2396\"><strong data-start=\"2345\" data-end=\"2358\">3-Enhed<\/strong> \u2013 tilpasning af krop, sj\u00e6l og \u00e5nd<\/p>\n<\/li>\n<li data-start=\"2397\" data-end=\"2465\">\n<p data-start=\"2399\" data-end=\"2465\"><strong data-start=\"2399\" data-end=\"2416\">Sommerfuglebusk<\/strong> \u2013 transformation og selvtillid i udtrykket<\/p>\n<\/li>\n<li data-start=\"2466\" data-end=\"2529\">\n<p data-start=\"2468\" data-end=\"2529\"><strong data-start=\"2468\" data-end=\"2480\">Turkis<\/strong> \u2013 styrker forbindelsen mellem f\u00f8lelse og udtryk<\/p>\n<\/li>\n<\/ul>\n","protected":false},"excerpt":{"rendered":"<p>Blomsteressens, der underst\u00f8tter kreativitet og selvudfoldelse. For voksne og b\u00f8rn med f\u00f8lelsesm\u00e6ssige blokeringer, h\u00f8j f\u00f8lsomhed og kommunikationsproblemer. <\/p>\n","protected":false},"featured_media":5493,"comment_status":"open","ping_status":"closed","template":"","meta":[],"product_brand":[],"product_cat":[4712],"product_tag":[3320,3653,3654,3322,3657,3658,3567,3655,3321,3656],"merken":[],"class_list":{"0":"post-8807","1":"product","2":"type-product","3":"status-publish","4":"has-post-thumbnail","6":"product_cat-blomster-retsmidler-da","7":"product_tag-blomst-essens-da","8":"product_tag-chakra-2-da","9":"product_tag-chakra-5-da","10":"product_tag-energisk-beskyttelse-da","11":"product_tag-folelsesmaessig-helbredelse","12":"product_tag-folsomme-dyr-da","13":"product_tag-hoj-folsomhed","14":"product_tag-kreativitet-da","15":"product_tag-ngd-care-blossoms-da","16":"product_tag-selvudfoldelse","17":"infinite-scroll-item","18":"sales-flash-overlay","19":"woocommerce-text-align-center","20":"woocommerce-image-align-center","21":"do-quantity-buttons","23":"first","24":"instock","25":"taxable","26":"shipping-taxable","27":"purchasable","28":"product-type-simple"},"_links":{"self":[{"href":"https:\/\/www.ngdcare.nl\/da\/wp-json\/wp\/v2\/product\/8807","targetHints":{"allow":["GET"]}}],"collection":[{"href":"https:\/\/www.ngdcare.nl\/da\/wp-json\/wp\/v2\/product"}],"about":[{"href":"https:\/\/www.ngdcare.nl\/da\/wp-json\/wp\/v2\/types\/product"}],"replies":[{"embeddable":true,"href":"https:\/\/www.ngdcare.nl\/da\/wp-json\/wp\/v2\/comments?post=8807"}],"wp:featuredmedia":[{"embeddable":true,"href":"https:\/\/www.ngdcare.nl\/da\/wp-json\/wp\/v2\/media\/5493"}],"wp:attachment":[{"href":"https:\/\/www.ngdcare.nl\/da\/wp-json\/wp\/v2\/media?parent=8807"}],"wp:term":[{"taxonomy":"product_brand","embeddable":true,"href":"https:\/\/www.ngdcare.nl\/da\/wp-json\/wp\/v2\/product_brand?post=8807"},{"taxonomy":"product_cat","embeddable":true,"href":"https:\/\/www.ngdcare.nl\/da\/wp-json\/wp\/v2\/product_cat?post=8807"},{"taxonomy":"product_tag","embeddable":true,"href":"https:\/\/www.ngdcare.nl\/da\/wp-json\/wp\/v2\/product_tag?post=8807"},{"taxonomy":"merken","embeddable":true,"href":"https:\/\/www.ngdcare.nl\/da\/wp-json\/wp\/v2\/merken?post=8807"}],"curies":[{"name":"wp","href":"https:\/\/api.w.org\/{rel}","templated":true}]}}