{"id":8829,"date":"2025-10-02T22:38:44","date_gmt":"2025-10-02T20:38:44","guid":{"rendered":"https:\/\/www.ngdcare.nl\/?post_type=product&#038;p=8829"},"modified":"2025-10-02T22:47:40","modified_gmt":"2025-10-02T20:47:40","slug":"ozone-jojoba-skin-balm-skin-balm-kopie","status":"publish","type":"product","link":"https:\/\/www.ngdcare.nl\/da\/product\/ozonprodukter-da\/ozone-jojoba-skin-balm-skin-balm-kopie\/","title":{"rendered":"Ozone Jojoba Skin Balm \u2013 Skin Balm"},"content":{"rendered":"<p data-start=\"491\" data-end=\"760\"><strong data-start=\"491\" data-end=\"529\">Ozone Jojoba Skin Balm \u2013 Skin Balm<\/strong> kombinerer jojobaens plejende egenskaber med ozonens kraft. P\u00e5 grund af jojobaens naturlige vokskarakter skaber tungere ozonering en halvfast balsam, der danner et tyndt, halvokklusivt lag p\u00e5 huden. <\/p>\n<p data-start=\"762\" data-end=\"1003\">Dette lag underst\u00f8tter den naturlige hudbarriere, holder huden smidig og sikrer, at balsamen forts\u00e6tter med at virke p\u00e5 plads i lang tid. Balmen er <strong data-start=\"902\" data-end=\"920\">ikke-kl\u00e6brig<\/strong>, helt <strong data-start=\"931\" data-end=\"945\">parfumefri<\/strong> og derfor velegnet til de mest f\u00f8lsomme hudtyper. <\/p>\n<p data-start=\"1005\" data-end=\"1262\">Skin Balm er s\u00e6rligt velegnet til pleje af lokale, t\u00f8rre eller ru hudomr\u00e5der, s\u00e5som albuer, h\u00e6le, l\u00e6ber eller hudfolder. Den kan ogs\u00e5 bruges som ekstra pleje til sensitiv hud, der har brug for ekstra beskyttelse og balance. <\/p>\n<p data-start=\"1264\" data-end=\"1281\"><strong data-start=\"1264\" data-end=\"1279\">Ans\u00f8gning:<\/strong><\/p>\n<ul data-start=\"1282\" data-end=\"1538\">\n<li data-start=\"1282\" data-end=\"1361\">\n<p data-start=\"1284\" data-end=\"1361\">Til lokale, t\u00f8rre eller ru omr\u00e5der (albuer, h\u00e6le, l\u00e6ber, hudfolder)<\/p>\n<\/li>\n<li data-start=\"1362\" data-end=\"1420\">\n<p data-start=\"1364\" data-end=\"1420\">Til at st\u00f8tte hudbarrieren i tilf\u00e6lde af f\u00f8lsomhed<\/p>\n<\/li>\n<li data-start=\"1421\" data-end=\"1474\">\n<p data-start=\"1423\" data-end=\"1474\">Beskyttende under kolde eller t\u00f8rre vejrforhold<\/p>\n<\/li>\n<li data-start=\"1475\" data-end=\"1538\">\n<p data-start=\"1477\" data-end=\"1538\">Velegnet til daglig brug p\u00e5 voksne og b\u00f8rn<\/p>\n<\/li>\n<\/ul>\n","protected":false},"excerpt":{"rendered":"<p data-start=\"325\" data-end=\"448\">Naturlig hudbalsam baseret p\u00e5 ozoneret jojobaolie. Beskytter, plejer og fugter t\u00f8rre eller ru hudomr\u00e5der. <\/p>\n<p data-start=\"6720\" data-end=\"7093\">\n","protected":false},"featured_media":5432,"comment_status":"open","ping_status":"closed","template":"","meta":[],"product_brand":[],"product_cat":[4731],"product_tag":[4733,3571,3570],"merken":[],"class_list":{"0":"post-8829","1":"product","2":"type-product","3":"status-publish","4":"has-post-thumbnail","6":"product_cat-ozonprodukter-da","7":"product_tag-hudbalsam-da","8":"product_tag-ozoneret-jojoba","9":"product_tag-uden-parfume","10":"infinite-scroll-item","11":"sales-flash-overlay","12":"woocommerce-text-align-center","13":"woocommerce-image-align-center","14":"do-quantity-buttons","16":"first","17":"instock","18":"taxable","19":"shipping-taxable","20":"purchasable","21":"product-type-simple"},"_links":{"self":[{"href":"https:\/\/www.ngdcare.nl\/da\/wp-json\/wp\/v2\/product\/8829","targetHints":{"allow":["GET"]}}],"collection":[{"href":"https:\/\/www.ngdcare.nl\/da\/wp-json\/wp\/v2\/product"}],"about":[{"href":"https:\/\/www.ngdcare.nl\/da\/wp-json\/wp\/v2\/types\/product"}],"replies":[{"embeddable":true,"href":"https:\/\/www.ngdcare.nl\/da\/wp-json\/wp\/v2\/comments?post=8829"}],"wp:featuredmedia":[{"embeddable":true,"href":"https:\/\/www.ngdcare.nl\/da\/wp-json\/wp\/v2\/media\/5432"}],"wp:attachment":[{"href":"https:\/\/www.ngdcare.nl\/da\/wp-json\/wp\/v2\/media?parent=8829"}],"wp:term":[{"taxonomy":"product_brand","embeddable":true,"href":"https:\/\/www.ngdcare.nl\/da\/wp-json\/wp\/v2\/product_brand?post=8829"},{"taxonomy":"product_cat","embeddable":true,"href":"https:\/\/www.ngdcare.nl\/da\/wp-json\/wp\/v2\/product_cat?post=8829"},{"taxonomy":"product_tag","embeddable":true,"href":"https:\/\/www.ngdcare.nl\/da\/wp-json\/wp\/v2\/product_tag?post=8829"},{"taxonomy":"merken","embeddable":true,"href":"https:\/\/www.ngdcare.nl\/da\/wp-json\/wp\/v2\/merken?post=8829"}],"curies":[{"name":"wp","href":"https:\/\/api.w.org\/{rel}","templated":true}]}}