{"id":8848,"date":"2025-10-02T22:49:39","date_gmt":"2025-10-02T20:49:39","guid":{"rendered":"https:\/\/www.ngdcare.nl\/?post_type=product&#038;p=8848"},"modified":"2025-10-02T22:56:03","modified_gmt":"2025-10-02T20:56:03","slug":"ozonglycerin-skin-gel-skin-gel-kopie","status":"publish","type":"product","link":"https:\/\/www.ngdcare.nl\/da\/product\/ozonprodukter-da\/ozonglycerin-skin-gel-skin-gel-kopie\/","title":{"rendered":"Ozonglycerin Skin Gel \u2013 Skin Gel"},"content":{"rendered":"<p data-start=\"442\" data-end=\"700\"><strong data-start=\"442\" data-end=\"479\">Ozone Glycerin Skin Gel \u2013 Skin Gel<\/strong> er en koncentreret gel baseret p\u00e5 100% premium ozoneret glycerin. Takket v\u00e6re dens h\u00f8je viskositet forbliver gelen fast p\u00e5 plads i det p\u00e5f\u00f8rte omr\u00e5de, hvilket g\u00f8r den ideel til sm\u00e5, lokaliserede hudomr\u00e5der. <\/p>\n<p data-start=\"702\" data-end=\"966\">Den parfumefri formel f\u00f8les ikke fedtet, er nem at sprede tyndt og giver en behagelig hudf\u00f8lelse med l\u00e6ngere kontakttid end en vandig opl\u00f8sning. Sammenlignet med ozoneret olivenolie er duften af denne gel mere subtil og behagelig. <\/p>\n<p data-start=\"968\" data-end=\"1200\">Skin Gel har det <strong data-start=\"989\" data-end=\"1015\">h\u00f8jeste peroxidindeks<\/strong> af alle ozonprodukter i serien. Det betyder, at gelen er rig p\u00e5 stabile iltforbindelser, som intensivt st\u00f8tter huden og styrker dens naturlige barrierefunktion. <\/p>\n<p data-start=\"1202\" data-end=\"1219\"><strong data-start=\"1202\" data-end=\"1217\">Ans\u00f8gning:<\/strong><\/p>\n<ul data-start=\"1220\" data-end=\"1509\">\n<li data-start=\"1220\" data-end=\"1302\">\n<p data-start=\"1222\" data-end=\"1302\">Til lokale, ru eller fortykkede pletter (f.eks. albuer, kn\u00e6, h\u00e6le)<\/p>\n<\/li>\n<li data-start=\"1303\" data-end=\"1376\">\n<p data-start=\"1305\" data-end=\"1376\">At pleje huden p\u00e5 sm\u00e5 omr\u00e5der, der kr\u00e6ver ekstra opm\u00e6rksomhed<\/p>\n<\/li>\n<li data-start=\"1377\" data-end=\"1445\">\n<p data-start=\"1379\" data-end=\"1445\">Til f\u00f8lsomme hudomr\u00e5der, der har gavn af l\u00e6ngere kontakttid<\/p>\n<\/li>\n<li data-start=\"1446\" data-end=\"1509\">\n<p data-start=\"1448\" data-end=\"1509\">Velegnet til daglig brug p\u00e5 voksne og b\u00f8rn<\/p>\n<\/li>\n<\/ul>\n<hr data-start=\"1511\" data-end=\"1514\">\n<h3 data-start=\"1516\" data-end=\"1533\"><strong data-start=\"1520\" data-end=\"1531\">Kugler<\/strong><\/h3>\n<ul data-start=\"1534\" data-end=\"1773\">\n<li data-start=\"1534\" data-end=\"1587\">\n<p data-start=\"1536\" data-end=\"1587\">H\u00f8jvisk\u00f8s hudgel med ozoneret glycerin<\/p>\n<\/li>\n<li data-start=\"1588\" data-end=\"1641\">\n<p data-start=\"1590\" data-end=\"1641\">Forbliver godt p\u00e5 plads, ideel til sm\u00e5 omr\u00e5der<\/p>\n<\/li>\n<li data-start=\"1642\" data-end=\"1686\">\n<p data-start=\"1644\" data-end=\"1686\">Subtil duft, parfumefri og ikke-fedtet<\/p>\n<\/li>\n<li data-start=\"1687\" data-end=\"1729\">\n<p data-start=\"1689\" data-end=\"1729\">H\u00f8jeste ozonlinjeperoxidindeks<\/p>\n<\/li>\n<li data-start=\"1730\" data-end=\"1773\">\n<p data-start=\"1732\" data-end=\"1773\">Underst\u00f8tter den naturlige hudbarriere<\/p>\n<\/li>\n<\/ul>\n<p data-start=\"4723\" data-end=\"5116\">\n","protected":false},"excerpt":{"rendered":"<p>H\u00f8jvisk\u00f8s hudgel baseret p\u00e5 ozoneret glycerin. Ideel til lokale, t\u00f8rre eller barske omr\u00e5der. Plejende, parfumefri og rent naturligt.  <\/p>\n","protected":false},"featured_media":18242,"comment_status":"open","ping_status":"closed","template":"","meta":[],"product_brand":[],"product_cat":[4731],"product_tag":[1952,1954,3841,3842,3570],"merken":[],"class_list":{"0":"post-8848","1":"product","2":"type-product","3":"status-publish","4":"has-post-thumbnail","6":"product_cat-ozonprodukter-da","7":"product_tag-hund-da","8":"product_tag-kat-da","9":"product_tag-ozoneret-glycerin","10":"product_tag-skin-gel-da","11":"product_tag-uden-parfume","12":"infinite-scroll-item","13":"sales-flash-overlay","14":"woocommerce-text-align-center","15":"woocommerce-image-align-center","16":"do-quantity-buttons","18":"first","19":"outofstock","20":"taxable","21":"shipping-taxable","22":"purchasable","23":"product-type-variable"},"_links":{"self":[{"href":"https:\/\/www.ngdcare.nl\/da\/wp-json\/wp\/v2\/product\/8848","targetHints":{"allow":["GET"]}}],"collection":[{"href":"https:\/\/www.ngdcare.nl\/da\/wp-json\/wp\/v2\/product"}],"about":[{"href":"https:\/\/www.ngdcare.nl\/da\/wp-json\/wp\/v2\/types\/product"}],"replies":[{"embeddable":true,"href":"https:\/\/www.ngdcare.nl\/da\/wp-json\/wp\/v2\/comments?post=8848"}],"wp:featuredmedia":[{"embeddable":true,"href":"https:\/\/www.ngdcare.nl\/da\/wp-json\/wp\/v2\/media\/18242"}],"wp:attachment":[{"href":"https:\/\/www.ngdcare.nl\/da\/wp-json\/wp\/v2\/media?parent=8848"}],"wp:term":[{"taxonomy":"product_brand","embeddable":true,"href":"https:\/\/www.ngdcare.nl\/da\/wp-json\/wp\/v2\/product_brand?post=8848"},{"taxonomy":"product_cat","embeddable":true,"href":"https:\/\/www.ngdcare.nl\/da\/wp-json\/wp\/v2\/product_cat?post=8848"},{"taxonomy":"product_tag","embeddable":true,"href":"https:\/\/www.ngdcare.nl\/da\/wp-json\/wp\/v2\/product_tag?post=8848"},{"taxonomy":"merken","embeddable":true,"href":"https:\/\/www.ngdcare.nl\/da\/wp-json\/wp\/v2\/merken?post=8848"}],"curies":[{"name":"wp","href":"https:\/\/api.w.org\/{rel}","templated":true}]}}