{"id":9038,"date":"2025-10-04T14:11:38","date_gmt":"2025-10-04T12:11:38","guid":{"rendered":"https:\/\/www.ngdcare.nl\/?post_type=product&#038;p=9038"},"modified":"2025-10-04T14:20:50","modified_gmt":"2025-10-04T12:20:50","slug":"gronkal-kopie","status":"publish","type":"product","link":"https:\/\/www.ngdcare.nl\/da\/product\/human-health\/superfoods-te\/superfoods-da\/gronkal-kopie\/","title":{"rendered":"Gr\u00f8nk\u00e5l"},"content":{"rendered":"<p data-start=\"508\" data-end=\"673\"><strong data-start=\"508\" data-end=\"537\">NGD Care Kale Powder<\/strong> er et 100% rent \u00f8kologisk pulver fremstillet af t\u00f8rrede gr\u00f8nne gr\u00f8nk\u00e5lsblade \u2013 en af de mest komplette vegetabilske superfoods i verden.<\/p>\n<p data-start=\"675\" data-end=\"1037\">Gr\u00f8nk\u00e5l er naturligt rig p\u00e5 <strong data-start=\"709\" data-end=\"757\">vitamin A, C, K og hele B-komplekset<\/strong> og indeholder vigtige <strong data-start=\"780\" data-end=\"793\">mineraler<\/strong> som calcium, magnesium, kalium, jern og mangan. Derudover er den s\u00e6rlig rig p\u00e5 <strong data-start=\"882\" data-end=\"912\">klorofyl og antioxidanter<\/strong>, som bidrager til at beskytte cellerne mod oxidativt stress og underst\u00f8tter naturlige afgiftningsprocesser. <\/p>\n<p data-start=\"1039\" data-end=\"1279\">Takket v\u00e6re sin milde, let jordagtige smag og h\u00f8je ern\u00e6ringsm\u00e6ssige t\u00e6thed er dette pulver en perfekt tilf\u00f8jelse til den daglige kost. Brug det i smoothies, juice, supper eller salater som en naturlig kilde til energi, modstand og vitalitet. <\/p>\n<p data-start=\"1281\" data-end=\"1301\"><strong data-start=\"1281\" data-end=\"1299\">Egenskaber:<\/strong><\/p>\n<ul>\n<li data-start=\"1304\" data-end=\"1356\">100% \u00f8kologisk, uden tils\u00e6tningsstoffer eller fyldstoffer<\/li>\n<li data-start=\"1359\" data-end=\"1407\">Rig p\u00e5 vitaminer, mineraler og antioxidanter<\/li>\n<li data-start=\"1410\" data-end=\"1456\">Underst\u00f8tter vitalitet og naturlig balance<\/li>\n<li data-start=\"1459\" data-end=\"1507\">Neutral smag \u2013 ideel til hverdagsbrug<\/li>\n<li data-start=\"1510\" data-end=\"1551\">Velegnet til vegetarer og veganere<\/li>\n<\/ul>\n","protected":false},"excerpt":{"rendered":"<p data-start=\"316\" data-end=\"465\">100% rent \u00f8kologisk gr\u00f8nk\u00e5lspulver. Rig p\u00e5 vitaminer, mineraler, klorofyl og antioxidanter. For naturlig vitalitet og daglig balance.  <\/p>\n","protected":false},"featured_media":11306,"comment_status":"open","ping_status":"closed","template":"","meta":{"wds_primary_product_brand":0,"wds_primary_product_cat":0,"wds_primary_merken":0},"product_brand":[],"product_cat":[4775],"product_tag":[],"merken":[],"class_list":{"0":"post-9038","1":"product","2":"type-product","3":"status-publish","4":"has-post-thumbnail","6":"product_cat-superfoods-da","7":"infinite-scroll-item","8":"sales-flash-overlay","9":"woocommerce-text-align-center","10":"woocommerce-image-align-center","11":"do-quantity-buttons","13":"first","14":"instock","15":"taxable","16":"shipping-taxable","17":"purchasable","18":"product-type-simple"},"_links":{"self":[{"href":"https:\/\/www.ngdcare.nl\/da\/wp-json\/wp\/v2\/product\/9038","targetHints":{"allow":["GET"]}}],"collection":[{"href":"https:\/\/www.ngdcare.nl\/da\/wp-json\/wp\/v2\/product"}],"about":[{"href":"https:\/\/www.ngdcare.nl\/da\/wp-json\/wp\/v2\/types\/product"}],"replies":[{"embeddable":true,"href":"https:\/\/www.ngdcare.nl\/da\/wp-json\/wp\/v2\/comments?post=9038"}],"wp:featuredmedia":[{"embeddable":true,"href":"https:\/\/www.ngdcare.nl\/da\/wp-json\/wp\/v2\/media\/11306"}],"wp:attachment":[{"href":"https:\/\/www.ngdcare.nl\/da\/wp-json\/wp\/v2\/media?parent=9038"}],"wp:term":[{"taxonomy":"product_brand","embeddable":true,"href":"https:\/\/www.ngdcare.nl\/da\/wp-json\/wp\/v2\/product_brand?post=9038"},{"taxonomy":"product_cat","embeddable":true,"href":"https:\/\/www.ngdcare.nl\/da\/wp-json\/wp\/v2\/product_cat?post=9038"},{"taxonomy":"product_tag","embeddable":true,"href":"https:\/\/www.ngdcare.nl\/da\/wp-json\/wp\/v2\/product_tag?post=9038"},{"taxonomy":"merken","embeddable":true,"href":"https:\/\/www.ngdcare.nl\/da\/wp-json\/wp\/v2\/merken?post=9038"}],"curies":[{"name":"wp","href":"https:\/\/api.w.org\/{rel}","templated":true}]}}