{"id":9049,"date":"2025-10-04T14:22:29","date_gmt":"2025-10-04T12:22:29","guid":{"rendered":"https:\/\/www.ngdcare.nl\/?post_type=product&#038;p=9049"},"modified":"2025-10-04T14:28:25","modified_gmt":"2025-10-04T12:28:25","slug":"broccoli-kopie","status":"publish","type":"product","link":"https:\/\/www.ngdcare.nl\/da\/product\/human-health\/superfoods-te\/superfoods-da\/broccoli-kopie\/","title":{"rendered":"Broccoli"},"content":{"rendered":"<p data-start=\"590\" data-end=\"898\"><strong data-start=\"590\" data-end=\"619\">NGD Care \u2013 Broccolipulver<\/strong> er en kraftfuld, helt naturlig berigelse baseret p\u00e5 \u00f8kologisk broccoli. Pulveret er fremstillet af <strong data-start=\"734\" data-end=\"805\">alle spiselige dele af planten \u2013 buketter, blade og tynde st\u00e6ngler<\/strong> \u2013 for at bevare dens fulde n\u00e6ringsv\u00e6rdi og brede spektrum af bioaktive forbindelser. <\/p>\n<p data-start=\"900\" data-end=\"1282\">Broccoli er rig p\u00e5 <strong data-start=\"921\" data-end=\"979\">fibre, beta-caroten, vitamin C, K og B9 (folat)<\/strong> og vigtige <strong data-start=\"995\" data-end=\"1008\">mineraler<\/strong> som calcium, kalium og magnesium. Derudover indeholder den naturligt <strong data-start=\"1076\" data-end=\"1094\">glucosinolater<\/strong>, herunder <strong data-start=\"1106\" data-end=\"1121\">sulforaphane<\/strong> \u2013 en bioaktiv forbindelse, der er blevet videnskabeligt unders\u00f8gt for sin rolle i at underst\u00f8tte cellul\u00e6rt forsvar og den naturlige afgiftningsproces. <\/p>\n<p data-start=\"1284\" data-end=\"1504\">Med sin milde, gr\u00f8nne smag er dette pulver perfekt som et dagligt supplement til en sund kost. Brug den i smoothies, juice, supper eller salte retter for ekstra n\u00e6ringsv\u00e6rdi og et subtilt strejf af gr\u00f8ntsager. <\/p>\n<p data-start=\"1506\" data-end=\"1526\"><strong data-start=\"1506\" data-end=\"1524\">Egenskaber:<\/strong><\/p>\n<ul>\n<li data-start=\"1529\" data-end=\"1581\">100% \u00f8kologisk, uden tils\u00e6tningsstoffer eller fyldstoffer<\/li>\n<li data-start=\"1584\" data-end=\"1632\">Rig p\u00e5 vitaminer, mineraler og antioxidanter<\/li>\n<li data-start=\"1635\" data-end=\"1689\">Indeholder naturlige glucosinolater (s\u00e5som sulforafan)<\/li>\n<li data-start=\"1692\" data-end=\"1734\">Mild i smagen og nem at bruge<\/li>\n<li data-start=\"1737\" data-end=\"1778\">Velegnet til vegetarer og veganere<\/li>\n<\/ul>\n","protected":false},"excerpt":{"rendered":"<p class=\"p1\">\u00d8kologisk broccolipulver fra hele planter (buketter, blade og st\u00e6ngler). Rig p\u00e5 vitaminer, mineraler og naturlige glucosinolater s\u00e5som sulforaphane. <\/p>\n","protected":false},"featured_media":11238,"comment_status":"open","ping_status":"closed","template":"","meta":{"wds_primary_product_brand":0,"wds_primary_product_cat":188,"wds_primary_merken":0},"product_brand":[],"product_cat":[4775],"product_tag":[],"merken":[],"class_list":{"0":"post-9049","1":"product","2":"type-product","3":"status-publish","4":"has-post-thumbnail","6":"product_cat-superfoods-da","7":"infinite-scroll-item","8":"sales-flash-overlay","9":"woocommerce-text-align-center","10":"woocommerce-image-align-center","11":"do-quantity-buttons","13":"first","14":"instock","15":"taxable","16":"shipping-taxable","17":"purchasable","18":"product-type-simple"},"_links":{"self":[{"href":"https:\/\/www.ngdcare.nl\/da\/wp-json\/wp\/v2\/product\/9049","targetHints":{"allow":["GET"]}}],"collection":[{"href":"https:\/\/www.ngdcare.nl\/da\/wp-json\/wp\/v2\/product"}],"about":[{"href":"https:\/\/www.ngdcare.nl\/da\/wp-json\/wp\/v2\/types\/product"}],"replies":[{"embeddable":true,"href":"https:\/\/www.ngdcare.nl\/da\/wp-json\/wp\/v2\/comments?post=9049"}],"wp:featuredmedia":[{"embeddable":true,"href":"https:\/\/www.ngdcare.nl\/da\/wp-json\/wp\/v2\/media\/11238"}],"wp:attachment":[{"href":"https:\/\/www.ngdcare.nl\/da\/wp-json\/wp\/v2\/media?parent=9049"}],"wp:term":[{"taxonomy":"product_brand","embeddable":true,"href":"https:\/\/www.ngdcare.nl\/da\/wp-json\/wp\/v2\/product_brand?post=9049"},{"taxonomy":"product_cat","embeddable":true,"href":"https:\/\/www.ngdcare.nl\/da\/wp-json\/wp\/v2\/product_cat?post=9049"},{"taxonomy":"product_tag","embeddable":true,"href":"https:\/\/www.ngdcare.nl\/da\/wp-json\/wp\/v2\/product_tag?post=9049"},{"taxonomy":"merken","embeddable":true,"href":"https:\/\/www.ngdcare.nl\/da\/wp-json\/wp\/v2\/merken?post=9049"}],"curies":[{"name":"wp","href":"https:\/\/api.w.org\/{rel}","templated":true}]}}