{"id":9216,"date":"2025-10-20T16:06:49","date_gmt":"2025-10-20T14:06:49","guid":{"rendered":"https:\/\/www.ngdcare.nl\/product\/Ikke%20kategoriseret\/stoette-til-fyrvaerkeri-med-aeterisk-olie\/"},"modified":"2026-01-26T21:30:27","modified_gmt":"2026-01-26T20:30:27","slug":"stoette-til-fyrvaerkeri-med-aeterisk-olie","status":"publish","type":"product","link":"https:\/\/www.ngdcare.nl\/da\/product\/aromaterapi-da\/stoette-til-fyrvaerkeri-med-aeterisk-olie\/","title":{"rendered":"Fyrv\u00e6rkerist\u00f8tte \u2013 Fyrv\u00e6rkerifrygt"},"content":{"rendered":"<p data-start=\"317\" data-end=\"578\"><strong>NGD Care \u2013 Fyrv\u00e6rkerist\u00f8tte<\/strong> er en omhyggeligt sammensat \u00e6terisk olieblanding, der st\u00f8tter nervesystemet i akutte stresssituationer og \u00f8get f\u00f8lsomhed over for lyd og stimuli, s\u00e5som under fyrv\u00e6rkeri, tordenvejr eller andre uventede baggrundslyde.<\/p>\n<p data-start=\"580\" data-end=\"855\">Duftkombinationen er varm, tr\u00e6agtig og beroligende og er specielt tilpasset dyr, der hurtigt opbygger sp\u00e6ndinger eller oplever en f\u00f8lelse af usikkerhed. Fyrv\u00e6rkerist\u00f8tte hj\u00e6lper kroppen og nervesystemet med at falde til ro og underst\u00f8tter afslapning uden at bed\u00f8ve dem. <\/p>\n<h4 data-start=\"862\" data-end=\"892\"> <strong>Sammens\u00e6tning<\/strong><\/h4>\n<ul>\n<li data-start=\"895\" data-end=\"1072\"><strong data-start=\"895\" data-end=\"939\">Cedertr\u00e6 og Cypres: <\/strong>Jordforbindelse og stabilisering, underst\u00f8tte indre fred og hj\u00e6lp med at genoprette en f\u00f8lelse af tryghed og begr\u00e6nsninger.<\/li>\n<li data-start=\"1076\" data-end=\"1240\"><strong data-start=\"1076\" data-end=\"1103\">Ylang Ylang &amp; Patchouli: <\/strong>Harmonisering og afslapning underst\u00f8tter frigivelsen af sp\u00e6ndinger i muskler og nervesystem og bidrager til f\u00f8lelsesm\u00e6ssig balance.<\/li>\n<li data-start=\"1244\" data-end=\"1393\"><strong data-start=\"1244\" data-end=\"1266\">Serenity &amp; Copaiba: <\/strong>Dybt beroligende og beroligende, hj\u00e6lper med at reducere stressniveauet og underst\u00f8tter rolig vejrtr\u00e6kning og afslapning.<\/li>\n<\/ul>\n<p data-start=\"1395\" data-end=\"1546\">Sammen danner disse olier en blid, men effektiv synergi, der st\u00f8tter dyr i stressende stimuli og hj\u00e6lper med gradvist at reducere sp\u00e6ndinger. Den \u00e6teriske olie kan bruges godt sammen med <a href=\"https:\/\/www.ngdcare.nl\/fr\/product\/remedes-floraux\/essence-de-feu-dartifice-essence-de-fleur-de-peur-de-feu-dartifice\/\">blomsteressensen Firework Support<\/a>. <\/p>\n<h4 data-start=\"1553\" data-end=\"1586\"><strong>Indikationer<\/strong><\/h4>\n<ul>\n<li data-start=\"1589\" data-end=\"1628\">Frygt for fyrv\u00e6rkeri og h\u00f8je lyde<\/li>\n<li data-start=\"1631\" data-end=\"1670\">Lydf\u00f8lsomhed og forskr\u00e6kkelsesreaktioner<\/li>\n<li data-start=\"1673\" data-end=\"1707\">Sp\u00e6nding og uro p\u00e5 grund af stimuli<\/li>\n<li data-start=\"1710\" data-end=\"1775\">Pludselige stresssituationer (tordenvejr, ferier, milj\u00f8)<\/li>\n<li data-start=\"1778\" data-end=\"1837\">Dyr med ekstra behov for komfort og sikkerhed<\/li>\n<\/ul>\n","protected":false},"excerpt":{"rendered":"<p><strong data-start=\"2667\" data-end=\"2700\">NGD Care essentiel olie Fyrv\u00e6rkerist\u00f8tte <\/strong>bringer fred til dit hjem og afslapning for dit k\u00e6ledyr under fyrv\u00e6rkeriperioden. F\u00e5s som<strong data-start=\"2796\" data-end=\"2817\"> rulle-<\/strong> eller <strong data-start=\"2821\" data-end=\"2837\">diffuserolie<\/strong> \u2013 ideelt til naturligt at reducere angst, angst og sp\u00e6ndinger hos hunde eller katte. <\/p>\n","protected":false},"featured_media":9604,"comment_status":"open","ping_status":"closed","template":"","meta":{"wds_primary_product_brand":0,"wds_primary_product_cat":0,"wds_primary_merken":0},"product_brand":[],"product_cat":[3218],"product_tag":[],"merken":[],"class_list":{"0":"post-9216","1":"product","2":"type-product","3":"status-publish","4":"has-post-thumbnail","6":"product_cat-aromaterapi-da","7":"infinite-scroll-item","8":"sales-flash-overlay","9":"woocommerce-text-align-center","10":"woocommerce-image-align-center","11":"do-quantity-buttons","13":"first","14":"instock","15":"taxable","16":"shipping-taxable","17":"purchasable","18":"product-type-variable"},"_links":{"self":[{"href":"https:\/\/www.ngdcare.nl\/da\/wp-json\/wp\/v2\/product\/9216","targetHints":{"allow":["GET"]}}],"collection":[{"href":"https:\/\/www.ngdcare.nl\/da\/wp-json\/wp\/v2\/product"}],"about":[{"href":"https:\/\/www.ngdcare.nl\/da\/wp-json\/wp\/v2\/types\/product"}],"replies":[{"embeddable":true,"href":"https:\/\/www.ngdcare.nl\/da\/wp-json\/wp\/v2\/comments?post=9216"}],"wp:featuredmedia":[{"embeddable":true,"href":"https:\/\/www.ngdcare.nl\/da\/wp-json\/wp\/v2\/media\/9604"}],"wp:attachment":[{"href":"https:\/\/www.ngdcare.nl\/da\/wp-json\/wp\/v2\/media?parent=9216"}],"wp:term":[{"taxonomy":"product_brand","embeddable":true,"href":"https:\/\/www.ngdcare.nl\/da\/wp-json\/wp\/v2\/product_brand?post=9216"},{"taxonomy":"product_cat","embeddable":true,"href":"https:\/\/www.ngdcare.nl\/da\/wp-json\/wp\/v2\/product_cat?post=9216"},{"taxonomy":"product_tag","embeddable":true,"href":"https:\/\/www.ngdcare.nl\/da\/wp-json\/wp\/v2\/product_tag?post=9216"},{"taxonomy":"merken","embeddable":true,"href":"https:\/\/www.ngdcare.nl\/da\/wp-json\/wp\/v2\/merken?post=9216"}],"curies":[{"name":"wp","href":"https:\/\/api.w.org\/{rel}","templated":true}]}}