{"id":9375,"date":"2025-10-30T13:10:23","date_gmt":"2025-10-30T12:10:23","guid":{"rendered":"https:\/\/www.ngdcare.nl\/product\/Ikke%20kategoriseret\/green-wilds-piggie-sue\/"},"modified":"2025-11-06T14:05:29","modified_gmt":"2025-11-06T13:05:29","slug":"green-wilds-piggie-sue","status":"publish","type":"product","link":"https:\/\/www.ngdcare.nl\/da\/product\/dyrehandel\/kat\/green-wilds-piggie-sue\/","title":{"rendered":"Green &amp; Wilds Piggie Sue"},"content":{"rendered":"<h3 data-start=\"183\" data-end=\"228\"><strong data-start=\"187\" data-end=\"228\">Green &amp; Wilds \u00d8ko-katteleget\u00f8j \u2013 Piggy Sue<\/strong><\/h3>\n<p data-start=\"230\" data-end=\"490\"><strong>Green &amp; Wilds Eco katteleget\u00f8j \u2013 Piggy Sue <\/strong> er et s\u00f8dt og holdbart katteleget\u00f8j, der charmerer enhver kat! Dette milj\u00f8venlige leget\u00f8j er lavet af et ydre lag af ruskind og fyldt med naturlige jutefibre og katteurt (katteurt) \u2013 for ekstra sjov. <\/p>\n<p data-start=\"492\" data-end=\"839\">Takket v\u00e6re de naturlige materialer er Piggy Sue st\u00e6rk, sikker og fuldst\u00e6ndig biologisk nedbrydelig. Juten er en vedvarende, plantebaseret fiber, og ruskind er et biprodukt fra l\u00e6derindustrien, s\u00e5 intet materiale g\u00e5r tabt. P\u00e5 denne m\u00e5de f\u00e5r din kat et sjovt og ansvarligt leget\u00f8j uden skadelige stoffer eller syntetiske materialer.  <\/p>\n<p data-start=\"841\" data-end=\"957\"><strong data-start=\"841\" data-end=\"856\">M\u00e5l:<\/strong> ca. 10 \u00d7 7 \u00d7 3 cm<\/p>\n<p data-start=\"964\" data-end=\"981\"><strong data-start=\"964\" data-end=\"979\">Vigtig:<\/strong><\/p>\n<ul>\n<li data-start=\"984\" data-end=\"1032\">Kun beregnet som leget\u00f8j, ikke som mad.<\/li>\n<li data-start=\"1035\" data-end=\"1078\">Lad altid din kat lege under opsyn.<\/li>\n<li data-start=\"1081\" data-end=\"1131\">Fjern leget\u00f8jet, hvis det bliver beskadiget.<\/li>\n<li data-start=\"1134\" data-end=\"1166\">Ikke egnet til maskinvask.<\/li>\n<li data-start=\"1169\" data-end=\"1210\">Intet leget\u00f8j er uforg\u00e6ngeligt.<\/li>\n<\/ul>\n","protected":false},"excerpt":{"rendered":"<p><strong data-start=\"129\" data-end=\"160\">Piggy Sue <\/strong>er det perfekte leget\u00f8j til enhver legesyg kat! Denne muntre gris er ikke kun uimodst\u00e5elig takket v\u00e6re katteurtfyldet, men ogs\u00e5 lavet af holdbare, naturlige materialer. <\/p>\n","protected":false},"featured_media":9376,"comment_status":"open","ping_status":"closed","template":"","meta":[],"product_brand":[],"product_cat":[5038,5070,5037],"product_tag":[],"merken":[],"class_list":{"0":"post-9375","1":"product","2":"type-product","3":"status-publish","4":"has-post-thumbnail","6":"product_cat-baeredygtigt-legetoj-2","7":"product_cat-dyrehandel","8":"product_cat-kat","9":"infinite-scroll-item","10":"sales-flash-overlay","11":"woocommerce-text-align-center","12":"woocommerce-image-align-center","13":"do-quantity-buttons","15":"first","16":"instock","17":"sold-individually","18":"taxable","19":"shipping-taxable","20":"purchasable","21":"product-type-simple"},"_links":{"self":[{"href":"https:\/\/www.ngdcare.nl\/da\/wp-json\/wp\/v2\/product\/9375","targetHints":{"allow":["GET"]}}],"collection":[{"href":"https:\/\/www.ngdcare.nl\/da\/wp-json\/wp\/v2\/product"}],"about":[{"href":"https:\/\/www.ngdcare.nl\/da\/wp-json\/wp\/v2\/types\/product"}],"replies":[{"embeddable":true,"href":"https:\/\/www.ngdcare.nl\/da\/wp-json\/wp\/v2\/comments?post=9375"}],"wp:featuredmedia":[{"embeddable":true,"href":"https:\/\/www.ngdcare.nl\/da\/wp-json\/wp\/v2\/media\/9376"}],"wp:attachment":[{"href":"https:\/\/www.ngdcare.nl\/da\/wp-json\/wp\/v2\/media?parent=9375"}],"wp:term":[{"taxonomy":"product_brand","embeddable":true,"href":"https:\/\/www.ngdcare.nl\/da\/wp-json\/wp\/v2\/product_brand?post=9375"},{"taxonomy":"product_cat","embeddable":true,"href":"https:\/\/www.ngdcare.nl\/da\/wp-json\/wp\/v2\/product_cat?post=9375"},{"taxonomy":"product_tag","embeddable":true,"href":"https:\/\/www.ngdcare.nl\/da\/wp-json\/wp\/v2\/product_tag?post=9375"},{"taxonomy":"merken","embeddable":true,"href":"https:\/\/www.ngdcare.nl\/da\/wp-json\/wp\/v2\/merken?post=9375"}],"curies":[{"name":"wp","href":"https:\/\/api.w.org\/{rel}","templated":true}]}}