{"id":9588,"date":"2025-11-01T16:27:30","date_gmt":"2025-11-01T15:27:30","guid":{"rendered":"https:\/\/www.ngdcare.nl\/product\/Ikke kategoriseret\/green-wilds-trudy-truelove\/"},"modified":"2025-11-01T16:27:30","modified_gmt":"2025-11-01T15:27:30","slug":"green-wilds-trudy-truelove","status":"publish","type":"product","link":"https:\/\/www.ngdcare.nl\/da\/product\/dyrehandel\/hund\/berigelse-og-sjov\/baeredygtigt-legetoj\/green-wilds-trudy-truelove\/","title":{"rendered":"Green &amp; Wilds Trudy truelove"},"content":{"rendered":"<p data-start=\"0\" data-end=\"48\"><strong data-start=\"0\" data-end=\"46\">Green &amp; Wilds \u00d8ko-hundeleget\u00f8j \u2013 Trudy Truelove<\/strong><\/p>\n<p data-start=\"50\" data-end=\"89\">Overrask din hund med Trudy Truelove! \ud83d\udc9b<\/p>\n<p data-start=\"91\" data-end=\"393\">Dette s\u00f8de hjerte er lavet af b\u00e6redygtige jutefibre og afsluttet med bl\u00f8dt ruskind \u2013 en perfekt kombination af h\u00e5rdt og s\u00f8dt. Trudy er st\u00e6rk, sikker og 100% biologisk nedbrydelig, s\u00e5 et bevidst valg for dig og din lille firbenede ven. Ideel til at lege, have p\u00e5 eller bare elske!  <\/p>\n<p data-start=\"395\" data-end=\"557\">Ruskind er et biprodukt, s\u00e5 intet materiale g\u00e5r tabt, og juten er en naturlig, b\u00e6redygtig plantefiber \u2013 helt fri for skadelige stoffer.<\/p>\n<p data-start=\"559\" data-end=\"650\"><strong data-start=\"559\" data-end=\"574\">M\u00e5l:<\/strong> 10,5 \u00d7 10 \u00d7 2,5 cm<br data-start=\"593\" data-end=\"596\"><strong data-start=\"596\" data-end=\"614\">Velegnet til:<\/strong> sm\u00e5 hunde i alle aldre<\/p>\n<p data-start=\"652\" data-end=\"681\"><strong data-start=\"652\" data-end=\"679\">Vigtigt at vide:<\/strong><\/p>\n<ul>\n<li data-start=\"684\" data-end=\"731\">Kun beregnet som leget\u00f8j, ikke som mad<\/li>\n<li data-start=\"734\" data-end=\"777\">Lad altid din hund lege under opsyn<\/li>\n<li data-start=\"780\" data-end=\"865\">Fjern leget\u00f8jet, hvis din hund fors\u00f8ger at bide af eller sluge stykker<\/li>\n<li data-start=\"868\" data-end=\"899\">Ikke egnet til maskinvask<\/li>\n<li data-start=\"902\" data-end=\"942\">Intet leget\u00f8j er uforg\u00e6ngeligt<\/li>\n<\/ul>\n","protected":false},"excerpt":{"rendered":"<p><strong>Trudy Truelove<\/strong> vil med garanti stj\u00e6le din hunds hjerte! Dette s\u00f8de \u00f8ko-hjerte lavet af jute og ruskind er lille, nuttet og lavet til endel\u00f8s legesjov med et b\u00e6redygtigt twist. <\/p>\n","protected":false},"featured_media":9591,"comment_status":"open","ping_status":"closed","template":"","meta":[],"product_brand":[],"product_cat":[4814,5070,5052],"product_tag":[],"merken":[],"class_list":{"0":"post-9588","1":"product","2":"type-product","3":"status-publish","4":"has-post-thumbnail","6":"product_cat-baeredygtigt-legetoj","7":"product_cat-dyrehandel","8":"product_cat-hund","9":"infinite-scroll-item","10":"sales-flash-overlay","11":"woocommerce-text-align-center","12":"woocommerce-image-align-center","13":"do-quantity-buttons","15":"first","16":"instock","17":"sold-individually","18":"taxable","19":"shipping-taxable","20":"purchasable","21":"product-type-simple"},"_links":{"self":[{"href":"https:\/\/www.ngdcare.nl\/da\/wp-json\/wp\/v2\/product\/9588","targetHints":{"allow":["GET"]}}],"collection":[{"href":"https:\/\/www.ngdcare.nl\/da\/wp-json\/wp\/v2\/product"}],"about":[{"href":"https:\/\/www.ngdcare.nl\/da\/wp-json\/wp\/v2\/types\/product"}],"replies":[{"embeddable":true,"href":"https:\/\/www.ngdcare.nl\/da\/wp-json\/wp\/v2\/comments?post=9588"}],"wp:featuredmedia":[{"embeddable":true,"href":"https:\/\/www.ngdcare.nl\/da\/wp-json\/wp\/v2\/media\/9591"}],"wp:attachment":[{"href":"https:\/\/www.ngdcare.nl\/da\/wp-json\/wp\/v2\/media?parent=9588"}],"wp:term":[{"taxonomy":"product_brand","embeddable":true,"href":"https:\/\/www.ngdcare.nl\/da\/wp-json\/wp\/v2\/product_brand?post=9588"},{"taxonomy":"product_cat","embeddable":true,"href":"https:\/\/www.ngdcare.nl\/da\/wp-json\/wp\/v2\/product_cat?post=9588"},{"taxonomy":"product_tag","embeddable":true,"href":"https:\/\/www.ngdcare.nl\/da\/wp-json\/wp\/v2\/product_tag?post=9588"},{"taxonomy":"merken","embeddable":true,"href":"https:\/\/www.ngdcare.nl\/da\/wp-json\/wp\/v2\/merken?post=9588"}],"curies":[{"name":"wp","href":"https:\/\/api.w.org\/{rel}","templated":true}]}}