{"id":9736,"date":"2025-11-06T13:14:23","date_gmt":"2025-11-06T12:14:23","guid":{"rendered":"https:\/\/www.ngdcare.nl\/product\/Ikke%20kategoriseret\/naturlig-sundhed-hund-frysetoerret-kalkun-150-gr\/"},"modified":"2025-11-07T13:23:40","modified_gmt":"2025-11-07T12:23:40","slug":"naturlig-sundhed-hund-frysetoerret-kalkun-150-gr","status":"publish","type":"product","link":"https:\/\/www.ngdcare.nl\/da\/product\/dyrehandel\/hund\/berigelse-og-sjov\/fodringspuslespil-slikkematter-og-sniffematter\/naturlig-sundhed-hund-frysetoerret-kalkun-150-gr\/","title":{"rendered":"Naturlig sundhed Fryst\u00f8rret kalkun til hunde"},"content":{"rendered":"<p data-start=\"0\" data-end=\"83\"><strong data-start=\"0\" data-end=\"81\">Naturlig sundhed Hund Fryset\u00f8rret Kalkun \u2013 Fryset\u00f8rret r\u00e5foder  <\/strong><\/p>\n<p data-start=\"85\" data-end=\"419\">Giv din hund det bedste fra naturen med <strong data-start=\"126\" data-end=\"164\">Natural Health Fryset\u00f8rret Kalkun<\/strong> \u2013 et rent, komplet og afbalanceret m\u00e5ltid baseret p\u00e5 r\u00e5 kalkun. Dette fryset\u00f8rrede foder af h\u00f8j kvalitet best\u00e5r af <strong data-start=\"293\" data-end=\"315\">80 % fersk k\u00f8d<\/strong> og indeholder kun naturlige ingredienser uden korn, fyldstoffer eller kunstige tils\u00e6tningsstoffer.<\/p>\n<p data-start=\"421\" data-end=\"751\">Den omhyggelige <strong data-start=\"442\" data-end=\"462\">fryset\u00f8rringsproces<\/strong> bevarer smag, struktur og n\u00e6ringsstoffer optimalt \u2013 uden opvarmning. Dette giver din hund et letford\u00f8jeligt, proteinrigt m\u00e5ltid fyldt med essentielle aminosyrer, enzymer og sunde fedtstoffer. Ideel som daglig mad, som topper over fersk k\u00f8d eller som en sund snack p\u00e5 farten.<\/p>\n<p data-start=\"753\" data-end=\"773\"><strong data-start=\"753\" data-end=\"771\">Egenskaber:<\/strong><\/p>\n<ul>\n<li data-start=\"776\" data-end=\"842\">80% frisk kalkunk\u00f8d \u2013 rig p\u00e5 animalsk protein af h\u00f8j kvalitet<\/li>\n<li data-start=\"845\" data-end=\"909\">Fryset\u00f8rret \u2013 bevarelse af naturlig n\u00e6ringsv\u00e6rdi og smag<\/li>\n<li data-start=\"912\" data-end=\"983\">100 % naturlig \u2013 ingen korn, fyldstoffer eller kunstige tils\u00e6tningsstoffer<\/li>\n<li data-start=\"986\" data-end=\"1023\">Lang holdbarhed uden konserveringsmidler<\/li>\n<li data-start=\"1026\" data-end=\"1077\">Ideel til derhjemme, p\u00e5 farten eller som en n\u00e6rende snack<\/li>\n<\/ul>\n<p data-start=\"1079\" data-end=\"1210\"><strong data-start=\"1079\" data-end=\"1098\">Fodring anbefaling:<\/strong><br data-start=\"1098\" data-end=\"1101\">Fodr ca. <strong data-start=\"1110\" data-end=\"1148\">1% af kropsv\u00e6gten pr. dag<\/strong>. Se fodringsplanen p\u00e5 billederne for en retningslinje.<\/p>\n<p data-start=\"1941\" data-end=\"2062\">\n","protected":false},"excerpt":{"rendered":"<p><strong>Natural Health Fryset\u00f8rret kalkun<\/strong> tilbyder ren, r\u00e5 ern\u00e6ring i en nem form. Den er n\u00e6rende, let at ford\u00f8je og perfekt til bevidste hundeelskere. <\/p>\n","protected":false},"featured_media":10090,"comment_status":"open","ping_status":"closed","template":"","meta":[],"product_brand":[],"product_cat":[5070,5132,5144,5052,5134],"product_tag":[],"merken":[],"class_list":{"0":"post-9736","1":"product","2":"type-product","3":"status-publish","4":"has-post-thumbnail","6":"product_cat-dyrehandel","7":"product_cat-ernaering","8":"product_cat-fodringspuslespil-slikkematter-og-sniffematter","9":"product_cat-hund","10":"product_cat-torfoder","11":"infinite-scroll-item","12":"sales-flash-overlay","13":"woocommerce-text-align-center","14":"woocommerce-image-align-center","15":"do-quantity-buttons","17":"first","18":"instock","19":"sold-individually","20":"taxable","21":"shipping-taxable","22":"purchasable","23":"product-type-variable"},"_links":{"self":[{"href":"https:\/\/www.ngdcare.nl\/da\/wp-json\/wp\/v2\/product\/9736","targetHints":{"allow":["GET"]}}],"collection":[{"href":"https:\/\/www.ngdcare.nl\/da\/wp-json\/wp\/v2\/product"}],"about":[{"href":"https:\/\/www.ngdcare.nl\/da\/wp-json\/wp\/v2\/types\/product"}],"replies":[{"embeddable":true,"href":"https:\/\/www.ngdcare.nl\/da\/wp-json\/wp\/v2\/comments?post=9736"}],"wp:featuredmedia":[{"embeddable":true,"href":"https:\/\/www.ngdcare.nl\/da\/wp-json\/wp\/v2\/media\/10090"}],"wp:attachment":[{"href":"https:\/\/www.ngdcare.nl\/da\/wp-json\/wp\/v2\/media?parent=9736"}],"wp:term":[{"taxonomy":"product_brand","embeddable":true,"href":"https:\/\/www.ngdcare.nl\/da\/wp-json\/wp\/v2\/product_brand?post=9736"},{"taxonomy":"product_cat","embeddable":true,"href":"https:\/\/www.ngdcare.nl\/da\/wp-json\/wp\/v2\/product_cat?post=9736"},{"taxonomy":"product_tag","embeddable":true,"href":"https:\/\/www.ngdcare.nl\/da\/wp-json\/wp\/v2\/product_tag?post=9736"},{"taxonomy":"merken","embeddable":true,"href":"https:\/\/www.ngdcare.nl\/da\/wp-json\/wp\/v2\/merken?post=9736"}],"curies":[{"name":"wp","href":"https:\/\/api.w.org\/{rel}","templated":true}]}}