{"id":9775,"date":"2025-11-06T13:32:30","date_gmt":"2025-11-06T12:32:30","guid":{"rendered":"https:\/\/www.ngdcare.nl\/product\/Ikke%20kategoriseret\/naturlig-sundhed-hund-frysetoerret-oksekoed-150-gr\/"},"modified":"2025-11-07T12:54:10","modified_gmt":"2025-11-07T11:54:10","slug":"naturlig-sundhed-hund-frysetoerret-oksekoed-150-gr","status":"publish","type":"product","link":"https:\/\/www.ngdcare.nl\/da\/product\/dyrehandel\/hund\/berigelse-og-sjov\/fodringspuslespil-slikkematter-og-sniffematter\/naturlig-sundhed-hund-frysetoerret-oksekoed-150-gr\/","title":{"rendered":"Natural Health hund fryset\u00f8rret oksek\u00f8d"},"content":{"rendered":"<p data-start=\"0\" data-end=\"74\"><strong data-start=\"0\" data-end=\"72\">Naturlig sundhed Hund Fryset\u00f8rret Oksek\u00f8d \u2013 Fryset\u00f8rret r\u00e5foder<\/strong><\/p>\n<p data-start=\"76\" data-end=\"406\">Giv din hund den rene kraft af naturligt foder med <strong data-start=\"126\" data-end=\"162\">Natural Health fryset\u00f8rret oksek\u00f8d. <\/strong>Det er et komplet, afbalanceret m\u00e5ltid baseret p\u00e5 r\u00e5t oksek\u00f8d. Dette fryset\u00f8rrede foder af h\u00f8j kvalitet best\u00e5r af <strong data-start=\"280\" data-end=\"302\">80 % fersk k\u00f8d<\/strong> og indeholder kun naturlige ingredienser uden korn, fyldstoffer eller kunstige tils\u00e6tningsstoffer.<\/p>\n<p data-start=\"408\" data-end=\"713\">Takket v\u00e6re <strong data-start=\"420\" data-end=\"440\">fryset\u00f8rringsprocessen<\/strong> bevares smag, n\u00e6ringsstoffer og struktur fuldt ud \u2013 uden opvarmning eller konserveringsmidler. P\u00e5 denne m\u00e5de vil din hund nyde et letford\u00f8jeligt, proteinrigt foder fyldt med aminosyrer, enzymer og sunde fedtstoffer, der passer perfekt til deres naturlige behov.<\/p>\n<p data-start=\"715\" data-end=\"816\">Brug den som en daglig mad, som en velsmagende topper over k\u00f8d eller som en sund tr\u00e6ningssnack.<\/p>\n<p data-start=\"818\" data-end=\"838\"><strong data-start=\"818\" data-end=\"836\">Egenskaber:<\/strong><\/p>\n<ul>\n<li data-start=\"841\" data-end=\"891\">80% frisk oksek\u00f8d \u2013 rig p\u00e5 animalsk protein<\/li>\n<li data-start=\"894\" data-end=\"963\">Fryset\u00f8rret \u2013 bevarer al n\u00e6ringsv\u00e6rdi og naturlig smag<\/li>\n<li data-start=\"966\" data-end=\"1039\">100% naturlig \u2013 uden korn, fyldstoffer eller kunstige tils\u00e6tningsstoffer<\/li>\n<li data-start=\"1042\" data-end=\"1079\">Lang holdbarhed uden konserveringsmidler<\/li>\n<li data-start=\"1082\" data-end=\"1132\">Ideel til derhjemme, p\u00e5 farten eller som en sund snack<\/li>\n<\/ul>\n<p data-start=\"1134\" data-end=\"1263\"><strong data-start=\"1134\" data-end=\"1153\">Fodring anbefaling:<\/strong><br data-start=\"1153\" data-end=\"1156\">Fodr ca. <strong data-start=\"1165\" data-end=\"1203\">1% af kropsv\u00e6gten pr. dag<\/strong>. Se fodringsplanen p\u00e5 billederne for retningslinjer.<\/p>\n","protected":false},"excerpt":{"rendered":"<p><strong>Natural Health Fryset\u00f8rret oksek\u00f8d<\/strong> giver ren, r\u00e5 ern\u00e6ring i en nem form. Den er n\u00e6rende, let at ford\u00f8je og perfekt til bevidste hundeelskere. <\/p>\n","protected":false},"featured_media":10079,"comment_status":"open","ping_status":"closed","template":"","meta":[],"product_brand":[],"product_cat":[5070,5132,5144,5052,5134],"product_tag":[],"merken":[],"class_list":{"0":"post-9775","1":"product","2":"type-product","3":"status-publish","4":"has-post-thumbnail","6":"product_cat-dyrehandel","7":"product_cat-ernaering","8":"product_cat-fodringspuslespil-slikkematter-og-sniffematter","9":"product_cat-hund","10":"product_cat-torfoder","11":"infinite-scroll-item","12":"sales-flash-overlay","13":"woocommerce-text-align-center","14":"woocommerce-image-align-center","15":"do-quantity-buttons","17":"first","18":"instock","19":"sold-individually","20":"taxable","21":"shipping-taxable","22":"purchasable","23":"product-type-variable"},"_links":{"self":[{"href":"https:\/\/www.ngdcare.nl\/da\/wp-json\/wp\/v2\/product\/9775","targetHints":{"allow":["GET"]}}],"collection":[{"href":"https:\/\/www.ngdcare.nl\/da\/wp-json\/wp\/v2\/product"}],"about":[{"href":"https:\/\/www.ngdcare.nl\/da\/wp-json\/wp\/v2\/types\/product"}],"replies":[{"embeddable":true,"href":"https:\/\/www.ngdcare.nl\/da\/wp-json\/wp\/v2\/comments?post=9775"}],"wp:featuredmedia":[{"embeddable":true,"href":"https:\/\/www.ngdcare.nl\/da\/wp-json\/wp\/v2\/media\/10079"}],"wp:attachment":[{"href":"https:\/\/www.ngdcare.nl\/da\/wp-json\/wp\/v2\/media?parent=9775"}],"wp:term":[{"taxonomy":"product_brand","embeddable":true,"href":"https:\/\/www.ngdcare.nl\/da\/wp-json\/wp\/v2\/product_brand?post=9775"},{"taxonomy":"product_cat","embeddable":true,"href":"https:\/\/www.ngdcare.nl\/da\/wp-json\/wp\/v2\/product_cat?post=9775"},{"taxonomy":"product_tag","embeddable":true,"href":"https:\/\/www.ngdcare.nl\/da\/wp-json\/wp\/v2\/product_tag?post=9775"},{"taxonomy":"merken","embeddable":true,"href":"https:\/\/www.ngdcare.nl\/da\/wp-json\/wp\/v2\/merken?post=9775"}],"curies":[{"name":"wp","href":"https:\/\/api.w.org\/{rel}","templated":true}]}}