{"id":9804,"date":"2025-11-06T19:17:49","date_gmt":"2025-11-06T18:17:49","guid":{"rendered":"https:\/\/www.ngdcare.nl\/product\/Ikke%20kategoriseret\/hamp-stof-med-fjer-kicker-legetoej-med-katteurt\/"},"modified":"2025-11-06T19:21:51","modified_gmt":"2025-11-06T18:21:51","slug":"hamp-stof-med-fjer-kicker-legetoej-med-katteurt","status":"publish","type":"product","link":"https:\/\/www.ngdcare.nl\/da\/product\/dyrehandel\/kat\/hamp-stof-med-fjer-kicker-legetoej-med-katteurt\/","title":{"rendered":"Hamp stof med fjer Kicker leget\u00f8j med katteurt"},"content":{"rendered":"<p data-start=\"92\" data-end=\"401\">Bring din kats jagtinstinkt til live med dette <strong data-start=\"146\" data-end=\"197\">h\u00e5ndlavede Cat Kicker Toy lavet af hamp og fjer<\/strong>. Perfekt formet til energiske katte, der elsker at sparke, bryde og lege. De naturlige fjer stimulerer sanserne og g\u00f8r hvert spring til en miniyacht \u2013 alt sammen i dit hjem.  <\/p>\n<p data-start=\"403\" data-end=\"705\">Den bl\u00f8de pudeform er lavet af <strong data-start=\"439\" data-end=\"458\">100% hampstof<\/strong>, fyldt med <strong data-start=\"471\" data-end=\"490\">naturlig uld<\/strong> og afsluttet med <strong data-start=\"509\" data-end=\"543\">fjer fra en lokal g\u00e5rd<\/strong>. Fjerene er naturligt fastgjort med <strong data-start=\"594\" data-end=\"626\">lokalt produceret bivoks<\/strong>, s\u00e5 alt bliver siddende p\u00e5 plads \u2013 helt <strong data-start=\"675\" data-end=\"702\">plastikfrit og b\u00e6redygtigt<\/strong>. <\/p>\n<p data-start=\"707\" data-end=\"800\">Den er fyldt med <strong data-start=\"749\" data-end=\"773\">katteurt (katteurt)<\/strong> for ekstra sjov.<\/p>\n<p data-start=\"802\" data-end=\"822\"><strong data-start=\"802\" data-end=\"820\">Egenskaber:<\/strong><\/p>\n<ul>\n<li data-start=\"825\" data-end=\"875\">H\u00e5ndlavet af b\u00e6redygtige, naturlige materialer<\/li>\n<li data-start=\"878\" data-end=\"919\">100% plastfri \u2013 inklusive emballage<\/li>\n<li data-start=\"922\" data-end=\"973\">Med lokale fjer og bivoks fra sm\u00e5 produktioner<\/li>\n<li data-start=\"976\" data-end=\"1034\">Med katteurt (katteurt) for ekstra stimulering<\/li>\n<li data-start=\"1037\" data-end=\"1087\">St\u00e6rk, sikker og fuldt biologisk nedbrydelig<\/li>\n<\/ul>\n<p data-start=\"1089\" data-end=\"1106\"><strong data-start=\"1089\" data-end=\"1104\">Dimensioner:<\/strong><\/p>\n<ul>\n<li data-start=\"1109\" data-end=\"1128\">Pude: 25 \u00d7 5 cm<\/li>\n<li data-start=\"1131\" data-end=\"1190\">Fjedre: blanding af ca. 10 stykker i forskellige l\u00e6ngder og farver<\/li>\n<\/ul>\n","protected":false},"excerpt":{"rendered":"<p><strong>Det naturlige hamp og fjer katteleget\u00f8j<\/strong> er det ultimative \u00f8ko-leget\u00f8j til aktive katte! Det er naturligt, robust og uimodst\u00e5eligt for enhver lille j\u00e6ger. <\/p>\n","protected":false},"featured_media":9805,"comment_status":"open","ping_status":"closed","template":"","meta":[],"product_brand":[],"product_cat":[5038,5037],"product_tag":[],"merken":[],"class_list":{"0":"post-9804","1":"product","2":"type-product","3":"status-publish","4":"has-post-thumbnail","6":"product_cat-baeredygtigt-legetoj-2","7":"product_cat-kat","8":"infinite-scroll-item","9":"sales-flash-overlay","10":"woocommerce-text-align-center","11":"woocommerce-image-align-center","12":"do-quantity-buttons","14":"first","15":"instock","16":"sold-individually","17":"taxable","18":"shipping-taxable","19":"purchasable","20":"product-type-simple"},"_links":{"self":[{"href":"https:\/\/www.ngdcare.nl\/da\/wp-json\/wp\/v2\/product\/9804","targetHints":{"allow":["GET"]}}],"collection":[{"href":"https:\/\/www.ngdcare.nl\/da\/wp-json\/wp\/v2\/product"}],"about":[{"href":"https:\/\/www.ngdcare.nl\/da\/wp-json\/wp\/v2\/types\/product"}],"replies":[{"embeddable":true,"href":"https:\/\/www.ngdcare.nl\/da\/wp-json\/wp\/v2\/comments?post=9804"}],"wp:featuredmedia":[{"embeddable":true,"href":"https:\/\/www.ngdcare.nl\/da\/wp-json\/wp\/v2\/media\/9805"}],"wp:attachment":[{"href":"https:\/\/www.ngdcare.nl\/da\/wp-json\/wp\/v2\/media?parent=9804"}],"wp:term":[{"taxonomy":"product_brand","embeddable":true,"href":"https:\/\/www.ngdcare.nl\/da\/wp-json\/wp\/v2\/product_brand?post=9804"},{"taxonomy":"product_cat","embeddable":true,"href":"https:\/\/www.ngdcare.nl\/da\/wp-json\/wp\/v2\/product_cat?post=9804"},{"taxonomy":"product_tag","embeddable":true,"href":"https:\/\/www.ngdcare.nl\/da\/wp-json\/wp\/v2\/product_tag?post=9804"},{"taxonomy":"merken","embeddable":true,"href":"https:\/\/www.ngdcare.nl\/da\/wp-json\/wp\/v2\/merken?post=9804"}],"curies":[{"name":"wp","href":"https:\/\/api.w.org\/{rel}","templated":true}]}}