{"id":3871,"date":"2023-11-09T20:29:08","date_gmt":"2023-11-09T19:29:08","guid":{"rendered":"https:\/\/www.ngdcare.nl\/zahlungsmoeglichkeiten\/"},"modified":"2023-11-09T20:29:08","modified_gmt":"2023-11-09T19:29:08","slug":"zahlungsmoeglichkeiten","status":"publish","type":"page","link":"https:\/\/www.ngdcare.nl\/de\/zahlungsmoeglichkeiten\/","title":{"rendered":"Zahlungsm\u00f6glichkeiten"},"content":{"rendered":"<p>Sie k\u00f6nnen selbst auf unsere Kontonummer per \u00dcberweisung von Ihrer eigenen Bank bezahlen. Sie k\u00f6nnen auch \u00fcber Ideal oder nachtr\u00e4glich \u00fcber Klarna bezahlen. Es ist auch m\u00f6glich, mit Kreditkarte zu bezahlen.  <\/p>\n","protected":false},"excerpt":{"rendered":"<p>Sie k\u00f6nnen selbst auf unsere Kontonummer per \u00dcberweisung von Ihrer eigenen Bank bezahlen. Sie k\u00f6nnen auch \u00fcber Ideal oder nachtr\u00e4glich \u00fcber Klarna bezahlen. Es ist auch m\u00f6glich, mit Kreditkarte zu bezahlen.<\/p>\n","protected":false},"author":1,"featured_media":0,"parent":0,"menu_order":0,"comment_status":"closed","ping_status":"closed","template":"","meta":{"footnotes":""},"class_list":{"0":"post-3871","1":"page","2":"type-page","3":"status-publish","5":"infinite-scroll-item"},"_links":{"self":[{"href":"https:\/\/www.ngdcare.nl\/de\/wp-json\/wp\/v2\/pages\/3871","targetHints":{"allow":["GET"]}}],"collection":[{"href":"https:\/\/www.ngdcare.nl\/de\/wp-json\/wp\/v2\/pages"}],"about":[{"href":"https:\/\/www.ngdcare.nl\/de\/wp-json\/wp\/v2\/types\/page"}],"author":[{"embeddable":true,"href":"https:\/\/www.ngdcare.nl\/de\/wp-json\/wp\/v2\/users\/1"}],"replies":[{"embeddable":true,"href":"https:\/\/www.ngdcare.nl\/de\/wp-json\/wp\/v2\/comments?post=3871"}],"version-history":[{"count":0,"href":"https:\/\/www.ngdcare.nl\/de\/wp-json\/wp\/v2\/pages\/3871\/revisions"}],"wp:attachment":[{"href":"https:\/\/www.ngdcare.nl\/de\/wp-json\/wp\/v2\/media?parent=3871"}],"curies":[{"name":"wp","href":"https:\/\/api.w.org\/{rel}","templated":true}]}}