{"id":3877,"date":"2023-11-09T20:18:21","date_gmt":"2023-11-09T19:18:21","guid":{"rendered":"https:\/\/www.ngdcare.nl\/versand-und-rueckgabe\/"},"modified":"2023-11-09T20:18:21","modified_gmt":"2023-11-09T19:18:21","slug":"versand-und-rueckgabe","status":"publish","type":"page","link":"https:\/\/www.ngdcare.nl\/de\/versand-und-rueckgabe\/","title":{"rendered":"Versand und R\u00fcckgabe"},"content":{"rendered":"<p>Senden<\/p>\n<ul>\n<li>NGD Care versucht, die Bestellung innerhalb von 1 bis 2 Werktagen zu versenden. Die Lieferzeit ist unverbindlich. Die \u00dcberschreitung der Lieferfrist f\u00fchrt nicht zu einem Verzug von NGD Care im Sinne von Artikel 83 des Buches 6 des niederl\u00e4ndischen B\u00fcrgerlichen Gesetzbuches.  <\/li>\n<li><span style=\"font-size: inherit;\">NGD Care verpflichtet sich gegen\u00fcber dem Kunden, die Produkte ordnungsgem\u00e4\u00df zu verpacken und so zu sichern, dass sie w\u00e4hrend des normalen Transports in gutem Zustand an ihren Bestimmungsort gelangen.<\/span><\/li>\n<li><span style=\"font-size: inherit;\">Sobald Sie die Sendungsverfolgung erhalten haben, liegt die Verantwortung bei der Post. Wir bedauern jede Verz\u00f6gerung, bitten Sie aber um Geduld. <\/span><\/li>\n<li><span style=\"font-size: inherit;\">Sichtbare M\u00e4ngel sind NGD Care unverz\u00fcglich nach Entdeckung, sp\u00e4testens jedoch 3 Tage nach Lieferung, und nicht sichtbare M\u00e4ngel unverz\u00fcglich nach Entdeckung, sp\u00e4testens jedoch 3 Monate nach Lieferung, schriftlich anzuzeigen.<\/span><\/li>\n<li><span style=\"font-size: inherit;\">Abh\u00e4ngig von den Abmessungen und dem Gewicht des Produkts verwenden wir f\u00fcr den Versand der Bestellung den Standardtarif der Postdienste. Auf diese Weise bleiben die Preise transparent und Sie zahlen pro Bestellung und nicht pro versteckten Geb\u00fchren pro Produkt. <\/span><\/li>\n<li><span style=\"font-size: inherit;\">Kann NGD Care infolge h\u00f6herer Gewalt nicht (rechtzeitig) liefern, hat NGD Care das Recht, die Lieferung auszusetzen oder ganz von der Lieferung abzusehen.<\/span><\/li>\n<\/ul>\n<h2>Ertrag<\/h2>\n<ul>\n<li>NGD Care ist nicht verpflichtet, die an den Kunden gelieferte Ware zur\u00fcckzunehmen.<\/li>\n<li><span style=\"font-size: inherit;\">NGD Care kann nur unge\u00f6ffnete und unbesch\u00e4digte Ware zur\u00fccknehmen.<\/span><\/li>\n<li><span style=\"font-size: inherit;\">Der Kunde hat ein 14-t\u00e4giges R\u00fcckgaberecht f\u00fcr Produkte. Alle Nebenkosten, wie Verpackung und Versand, gehen zu Lasten des Kunden. Ihre Rechnung wird innerhalb von 5 Werktagen nach Erhalt der unge\u00f6ffneten und unbesch\u00e4digten Ware gutgeschrieben.  <\/span><\/li>\n<li><span style=\"font-size: inherit;\">R\u00fccksendungen nach 14 Tagen werden von NGD Care nicht mehr akzeptiert.<\/span><\/li>\n<\/ul>\n","protected":false},"excerpt":{"rendered":"<p>Senden NGD Care versucht, die Bestellung innerhalb von 1 bis 2 Werktagen zu versenden. Die Lieferzeit ist unverbindlich. Die \u00dcberschreitung der Lieferfrist f\u00fchrt nicht zu einem Verzug von NGD Care im Sinne von Artikel 83 des Buches 6 des niederl\u00e4ndischen B\u00fcrgerlichen Gesetzbuches. NGD Care verpflichtet sich gegen\u00fcber dem Kunden, die Produkte ordnungsgem\u00e4\u00df zu verpacken und &#8230; <a title=\"Versand und R\u00fcckgabe\" class=\"read-more\" href=\"https:\/\/www.ngdcare.nl\/de\/versand-und-rueckgabe\/\" aria-label=\"Mehr Informationen \u00fcber Versand und R\u00fcckgabe\">Weiterlesen &#8230;<\/a><\/p>\n","protected":false},"author":1,"featured_media":0,"parent":0,"menu_order":0,"comment_status":"closed","ping_status":"closed","template":"","meta":{"footnotes":""},"class_list":{"0":"post-3877","1":"page","2":"type-page","3":"status-publish","5":"infinite-scroll-item"},"_links":{"self":[{"href":"https:\/\/www.ngdcare.nl\/de\/wp-json\/wp\/v2\/pages\/3877","targetHints":{"allow":["GET"]}}],"collection":[{"href":"https:\/\/www.ngdcare.nl\/de\/wp-json\/wp\/v2\/pages"}],"about":[{"href":"https:\/\/www.ngdcare.nl\/de\/wp-json\/wp\/v2\/types\/page"}],"author":[{"embeddable":true,"href":"https:\/\/www.ngdcare.nl\/de\/wp-json\/wp\/v2\/users\/1"}],"replies":[{"embeddable":true,"href":"https:\/\/www.ngdcare.nl\/de\/wp-json\/wp\/v2\/comments?post=3877"}],"version-history":[{"count":0,"href":"https:\/\/www.ngdcare.nl\/de\/wp-json\/wp\/v2\/pages\/3877\/revisions"}],"wp:attachment":[{"href":"https:\/\/www.ngdcare.nl\/de\/wp-json\/wp\/v2\/media?parent=3877"}],"curies":[{"name":"wp","href":"https:\/\/api.w.org\/{rel}","templated":true}]}}