{"id":10037,"date":"2025-11-07T14:25:04","date_gmt":"2025-11-07T13:25:04","guid":{"rendered":"https:\/\/www.ngdcare.nl\/product\/unkategorisiert\/pala-hundefutter-huhn\/"},"modified":"2025-11-07T14:28:15","modified_gmt":"2025-11-07T13:28:15","slug":"pala-hundefutter-huhn","status":"publish","type":"product","link":"https:\/\/www.ngdcare.nl\/de\/product\/zoohandlung\/hund\/ernahrung\/trockenfutter\/pala-hundefutter-huhn\/","title":{"rendered":"Pala Hundefutter \u2013 Huhn"},"content":{"rendered":"<p data-start=\"0\" data-end=\"79\"><strong data-start=\"0\" data-end=\"77\">Pala Hundefutter \u2013 Rezept #5 Huhn \u2013 luftgetrocknetes Alleinfutter f\u00fcr Hunde<\/strong><\/p>\n<p data-start=\"81\" data-end=\"444\">F\u00fcttern Sie Ihren Hund mit reiner Energie aus Huhn und Ei \u2013 <strong data-start=\"127\" data-end=\"153\">Pala Rezept #5 Huhn<\/strong> ist reich an nahrhaften Proteinen, Fetten, Vitaminen und Mineralstoffen. Dieses Rezept besteht <strong data-start=\"234\" data-end=\"261\">aus ganzem Huhn und ganzen Eiern<\/strong>, kombiniert mit frischem Gem\u00fcse, Beeren und Kr\u00e4utern. Die Zutaten werden <strong data-start=\"347\" data-end=\"384\">langsam bei niedriger Temperatur an der Luft getrocknet<\/strong>, so dass alle nat\u00fcrlichen N\u00e4hrstoffe erhalten bleiben.<\/p>\n<p data-start=\"446\" data-end=\"751\">Mit seinem <strong data-start=\"455\" data-end=\"481\">h\u00f6chsten Kaloriengehalt<\/strong> aller Pala-Rezepte ist dieses Futter perfekt f\u00fcr <strong data-start=\"530\" data-end=\"548\">aktive Hunde<\/strong>, Hunde mit einem hohen Stoffwechsel oder die zus\u00e4tzliche Unterst\u00fctzung beim Muskelaufbau und der Regeneration ben\u00f6tigen. Es verhilft zu gesunder Haut, starken Gelenken, einem guten Immunsystem und einem gl\u00e4nzenden Fell.<\/p>\n<p data-start=\"753\" data-end=\"773\"><strong data-start=\"753\" data-end=\"771\">Eigenschaften:<\/strong><\/p>\n<ul>\n<li data-start=\"776\" data-end=\"837\">76 % Huhn und 6 % Ei \u2013 einzelne, hochverdauliche Proteinquelle<\/li>\n<li data-start=\"840\" data-end=\"908\">Luftgetrocknet bei niedriger Temperatur \u2013 bewahrt Vitamine und Mineralien<\/li>\n<li data-start=\"911\" data-end=\"975\">Hohes Energieniveau \u2013 ideal f\u00fcr aktive oder w\u00e4hlerische Hunde<\/li>\n<li data-start=\"978\" data-end=\"1028\">Alleinfuttermittel f\u00fcr Hunde jeden Alters<\/li>\n<li data-start=\"1031\" data-end=\"1079\">Reich an Omega-3- und Omega-6-Fetts\u00e4uren und Antioxidantien<\/li>\n<li data-start=\"1082\" data-end=\"1122\">Frei von Duft-, Farb- und Aromastoffen<\/li>\n<li data-start=\"1125\" data-end=\"1174\">Kann trocken ausgekleidet oder als Topper verwendet werden<\/li>\n<li data-start=\"1177\" data-end=\"1240\">Praktische Alternative zu frischen Lebensmitteln \u2013 ideal f\u00fcr unterwegs<\/li>\n<li data-start=\"1243\" data-end=\"1282\">Hergestellt mit lokalen finnischen Zutaten<\/li>\n<\/ul>\n<p><strong data-start=\"1884\" data-end=\"1903\">F\u00fctterungsempfehlung:<\/strong><br data-start=\"1903\" data-end=\"1906\">Verwenden Sie ca. <strong data-start=\"1918\" data-end=\"1938\">65\u2013311 g pro Tag<\/strong>, abh\u00e4ngig vom Gewicht des Hundes (siehe Tabelle auf der Pala-Website f\u00fcr Details). Achten Sie immer darauf, dass ausreichend <strong data-start=\"2052\" data-end=\"2071\">frisches Trinkwasser<\/strong> zur Verf\u00fcgung steht.<\/p>\n","protected":false},"excerpt":{"rendered":"<p><strong>Pala Rezept #5 Huhn<\/strong> bietet reine, luftgetrocknete Kraft aus Huhn und Ei. Es ist nahrhaft, energiereich und ideal f\u00fcr aktive Hunde jeden Alters! <\/p>\n","protected":false},"featured_media":10039,"comment_status":"open","ping_status":"closed","template":"","meta":[],"product_brand":[],"product_cat":[5115,5053,5116],"product_tag":[],"merken":[],"class_list":{"0":"post-10037","1":"product","2":"type-product","3":"status-publish","4":"has-post-thumbnail","6":"product_cat-ernahrung","7":"product_cat-hund","8":"product_cat-trockenfutter","9":"infinite-scroll-item","10":"sales-flash-overlay","11":"woocommerce-text-align-center","12":"woocommerce-image-align-center","13":"do-quantity-buttons","15":"first","16":"instock","17":"sold-individually","18":"taxable","19":"shipping-taxable","20":"purchasable","21":"product-type-variable"},"_links":{"self":[{"href":"https:\/\/www.ngdcare.nl\/de\/wp-json\/wp\/v2\/product\/10037","targetHints":{"allow":["GET"]}}],"collection":[{"href":"https:\/\/www.ngdcare.nl\/de\/wp-json\/wp\/v2\/product"}],"about":[{"href":"https:\/\/www.ngdcare.nl\/de\/wp-json\/wp\/v2\/types\/product"}],"replies":[{"embeddable":true,"href":"https:\/\/www.ngdcare.nl\/de\/wp-json\/wp\/v2\/comments?post=10037"}],"wp:featuredmedia":[{"embeddable":true,"href":"https:\/\/www.ngdcare.nl\/de\/wp-json\/wp\/v2\/media\/10039"}],"wp:attachment":[{"href":"https:\/\/www.ngdcare.nl\/de\/wp-json\/wp\/v2\/media?parent=10037"}],"wp:term":[{"taxonomy":"product_brand","embeddable":true,"href":"https:\/\/www.ngdcare.nl\/de\/wp-json\/wp\/v2\/product_brand?post=10037"},{"taxonomy":"product_cat","embeddable":true,"href":"https:\/\/www.ngdcare.nl\/de\/wp-json\/wp\/v2\/product_cat?post=10037"},{"taxonomy":"product_tag","embeddable":true,"href":"https:\/\/www.ngdcare.nl\/de\/wp-json\/wp\/v2\/product_tag?post=10037"},{"taxonomy":"merken","embeddable":true,"href":"https:\/\/www.ngdcare.nl\/de\/wp-json\/wp\/v2\/merken?post=10037"}],"curies":[{"name":"wp","href":"https:\/\/api.w.org\/{rel}","templated":true}]}}