{"id":10296,"date":"2025-11-15T21:34:33","date_gmt":"2025-11-15T20:34:33","guid":{"rendered":"https:\/\/www.ngdcare.nl\/?post_type=product&#038;p=10296"},"modified":"2025-11-24T16:17:14","modified_gmt":"2025-11-24T15:17:14","slug":"prabiotika-prabiotische-ballaststoffe-kopie","status":"publish","type":"product","link":"https:\/\/www.ngdcare.nl\/de\/product\/human-health\/nahrungserganzungsmittel\/prabiotika-prabiotische-ballaststoffe-kopie\/","title":{"rendered":"Pr\u00e4biotische Ballaststoffe"},"content":{"rendered":"<div>\n<p style=\"font-weight: 400;\"><strong>NGD-Pflege \u2013 Pr\u00e4biotische Ballaststoffe <\/strong>sind eine sorgf\u00e4ltig zusammengesetzte Mischung aus nat\u00fcrlichen Fasern und funktionellen Substanzen, die als Nahrung f\u00fcr n\u00fctzliche Darmbakterien dienen. Im Gegensatz zu Probiotika (lebende Bakterien) <strong>sind Pr\u00e4biotika fermentierbare Fasern<\/strong> , die das Wachstum und die Aktivit\u00e4t des bestehenden Mikrobioms anregen. Pr\u00e4biotika sind unverdauliche Kohlenhydrate, die den Magen-Darm-Trakt durchqueren und selektiv im Dickdarm von n\u00fctzlichen Bakterien wie Bifidobacterium und Lactobacillus fermentiert werden. Dadurch entstehen kurzkettige Fetts\u00e4uren (SCFAs) wie Butyrat, Propionat und Acetat, die die Darmwand n\u00e4hren, den pH-Wert senken, Entz\u00fcndungsprozesse modulieren und die Darmbarriere unterst\u00fctzen. Dieser pr\u00e4biotische Komplex wurde entwickelt, um die Vielfalt und Stabilit\u00e4t des Mikrobioms auf milde, aber effektive Weise zu f\u00f6rdern.    <\/p>\n<p style=\"font-weight: 400;\">Diese einzigartige Formel enth\u00e4lt die <strong>f\u00fcnf wichtigsten pr\u00e4biotischen Gruppen<\/strong>:<\/p>\n<ul>\n<li style=\"font-weight: 400;\"><strong>Inulin und FOS<\/strong> aus der Chicor\u00e9e-Wurzel<\/li>\n<li><strong>Arabinogalactane<\/strong> aus Akazienfaser<\/li>\n<li><strong>MOS<\/strong> von <em>Saccharomyces boulardii<\/em><\/li>\n<li><strong>Beta-Glucane<\/strong> aus dem Pilz <em>Agaricus blazei<\/em><\/li>\n<\/ul>\n<p>Das Produkt eignet sich gut f\u00fcr ein gest\u00f6rtes Darmgleichgewicht (nach Medikation, Stress, Krankheit), bei Verstopfung oder unregelm\u00e4\u00dfigem Stuhlgang und als Teil eines integralen Darm-Protokolls. Pr\u00e4biotika helfen nicht nur bei der lokalen Darmgesundheit, sondern haben auch systemische Wirkungen \u00fcber die Darm-Hirn-Achse, die Darm-Immun-Achse und die Darm-Stoffwechsel-Achse. Sie k\u00f6nnen zu einer besseren Toleranz gegen\u00fcber Lebensmitteln, einer stabileren Energie und einer ausgewogeneren Immunantwort beitragen.<br data-start=\"1961\" data-end=\"1964\">Da empfindliche D\u00e4rme manchmal heftig auf gro\u00dfe Mengen fermentierbarer Ballaststoffe reagieren, soll sich dieser Komplex langsam aufbauen. Es kann mit Probiotika, Glutamin, Laktoferrin und anderen Darmunterst\u00fctzern kombiniert werden. Bei Menschen mit SIBO oder starken Gas-\/Schmerzbeschwerden werden Dosierung und Art der Ballaststoffe bevorzugt von einem Therapeuten angepasst.    <\/p>\n<\/div>\n","protected":false},"excerpt":{"rendered":"<p style=\"font-weight: 400;\">Prebiotics Fiber von NGD Care enth\u00e4lt eine Mischung l\u00f6slicher Ballaststoffe, die als Nahrung f\u00fcr n\u00fctzliche Darmbakterien dienen. Unterst\u00fctzt ein gesundes Mikrobiom, eine Darmbarriere und den Stuhlgang. <\/p>\n","protected":false},"featured_media":11810,"comment_status":"open","ping_status":"closed","template":"","meta":{"wds_primary_product_brand":0,"wds_primary_product_cat":0,"wds_primary_merken":0},"product_brand":[],"product_cat":[5318],"product_tag":[5801,1378,611,1376,5799,933,5798,935,1377,5416,819,1350,5327,1177,5800,606],"merken":[2756],"class_list":{"0":"post-10296","1":"product","2":"type-product","3":"status-publish","4":"has-post-thumbnail","6":"product_cat-nahrungserganzungsmittel","7":"product_tag-darmbarriere","8":"product_tag-darmflora-de","9":"product_tag-darmgesundheit","10":"product_tag-faser","11":"product_tag-fos","12":"product_tag-hund","13":"product_tag-inulin","14":"product_tag-katze","15":"product_tag-kot","16":"product_tag-menschliche-nahrungserganzungsmittel","17":"product_tag-mikrobiom","18":"product_tag-ngd-care-erganzungen","19":"product_tag-ngd-versorgung-menschliche-gesundheit","20":"product_tag-prabiotika","21":"product_tag-stuhlgang","22":"product_tag-verdauung","23":"merken-ngdcare","24":"infinite-scroll-item","25":"sales-flash-overlay","26":"woocommerce-text-align-center","27":"woocommerce-image-align-center","28":"do-quantity-buttons","30":"first","31":"instock","32":"taxable","33":"shipping-taxable","34":"purchasable","35":"product-type-simple"},"_links":{"self":[{"href":"https:\/\/www.ngdcare.nl\/de\/wp-json\/wp\/v2\/product\/10296","targetHints":{"allow":["GET"]}}],"collection":[{"href":"https:\/\/www.ngdcare.nl\/de\/wp-json\/wp\/v2\/product"}],"about":[{"href":"https:\/\/www.ngdcare.nl\/de\/wp-json\/wp\/v2\/types\/product"}],"replies":[{"embeddable":true,"href":"https:\/\/www.ngdcare.nl\/de\/wp-json\/wp\/v2\/comments?post=10296"}],"wp:featuredmedia":[{"embeddable":true,"href":"https:\/\/www.ngdcare.nl\/de\/wp-json\/wp\/v2\/media\/11810"}],"wp:attachment":[{"href":"https:\/\/www.ngdcare.nl\/de\/wp-json\/wp\/v2\/media?parent=10296"}],"wp:term":[{"taxonomy":"product_brand","embeddable":true,"href":"https:\/\/www.ngdcare.nl\/de\/wp-json\/wp\/v2\/product_brand?post=10296"},{"taxonomy":"product_cat","embeddable":true,"href":"https:\/\/www.ngdcare.nl\/de\/wp-json\/wp\/v2\/product_cat?post=10296"},{"taxonomy":"product_tag","embeddable":true,"href":"https:\/\/www.ngdcare.nl\/de\/wp-json\/wp\/v2\/product_tag?post=10296"},{"taxonomy":"merken","embeddable":true,"href":"https:\/\/www.ngdcare.nl\/de\/wp-json\/wp\/v2\/merken?post=10296"}],"curies":[{"name":"wp","href":"https:\/\/api.w.org\/{rel}","templated":true}]}}