{"id":10310,"date":"2025-11-16T11:49:18","date_gmt":"2025-11-16T10:49:18","guid":{"rendered":"https:\/\/www.ngdcare.nl\/?post_type=product&#038;p=10310"},"modified":"2025-11-24T13:07:29","modified_gmt":"2025-11-24T12:07:29","slug":"liposomales-curcumin-liposomaler-curcumin-extrakt-kopie","status":"publish","type":"product","link":"https:\/\/www.ngdcare.nl\/de\/product\/human-health\/nahrungserganzungsmittel\/liposomales-curcumin-liposomaler-curcumin-extrakt-kopie\/","title":{"rendered":"Liposomaler Curcumin-Extrakt"},"content":{"rendered":"<p style=\"font-weight: 400;\">Curcumin ist einer der am besten erforschten Phyton\u00e4hrstoffe und hat einen breiten Einfluss auf oxidativen Stress, entz\u00fcndliche Signalwege und Reparaturprozesse. Standard-Curcumin wird jedoch kaum aufgenommen, was hohe Dosierungen erfordert, die den Magen-Darm-Trakt belasten k\u00f6nnen. Das <strong>liposomale Curcumin<\/strong> von <strong>NGD Care Human Health<\/strong> enth\u00e4lt das am besten dokumentierte Curcumin C3 und ist in Phospholipiden verpackt, wodurch es besser aufgenommen und weniger anf\u00e4llig f\u00fcr Abbau ist.  <\/p>\n<p style=\"font-weight: 400;\">Diese fortschrittliche Form unterst\u00fctzt Gelenkkomfort, Leberfunktion, Immunbalance und Schutz vor freien Radikalen. Es wirkt auf mehreren Ebenen, darunter NF-\u03baB, Inflammasomen und antioxidative Wege wie Nrf2. Das macht es zu einer hervorragenden L\u00f6sung f\u00fcr Stress, Schmerzempfindlichkeit, Verdauungsbeschwerden und die Erholung nach intensivem k\u00f6rperlichem oder psychischem Stress.  <\/p>\n<p style=\"font-weight: 400;\">Liposomales Curcumin ist sanft f\u00fcr den Magen und f\u00fcr den t\u00e4glichen Gebrauch geeignet. Aufgrund der verbesserten Bioverf\u00fcgbarkeit sind geringere Dosierungen erforderlich, was die Toleranz erh\u00f6ht und das Produkt sowohl f\u00fcr pr\u00e4ventive als auch therapeutische Anwendungen ideal macht. <\/p>\n","protected":false},"excerpt":{"rendered":"<p>Liposomales Curcumin bietet eine potente und hochresorbierbare Form von Curcuminoiden zur Unterst\u00fctzung des Entz\u00fcndungsgleichgewichts und zum Zellschutz.<\/p>\n<p>&nbsp;<\/p>\n<p>&nbsp;<\/p>\n<p>&nbsp;<\/p>\n<p>&nbsp;<\/p>\n","protected":false},"featured_media":10963,"comment_status":"open","ping_status":"closed","template":"","meta":{"wds_primary_product_brand":0,"wds_primary_product_cat":20,"wds_primary_merken":0},"product_brand":[],"product_cat":[5318],"product_tag":[593,927,1158,602,5331,5498,724,1706,5327,965],"merken":[2756],"class_list":{"0":"post-10310","1":"product","2":"type-product","3":"status-publish","4":"has-post-thumbnail","6":"product_cat-nahrungserganzungsmittel","7":"product_tag-antioxidans","8":"product_tag-curcumin-de","9":"product_tag-entzundung","10":"product_tag-fugen","11":"product_tag-immunitat","12":"product_tag-kurkuma","13":"product_tag-liposomal-de","14":"product_tag-ngd-pflege","15":"product_tag-ngd-versorgung-menschliche-gesundheit","16":"product_tag-reparieren","17":"merken-ngdcare","18":"infinite-scroll-item","19":"sales-flash-overlay","20":"woocommerce-text-align-center","21":"woocommerce-image-align-center","22":"do-quantity-buttons","24":"first","25":"instock","26":"taxable","27":"shipping-taxable","28":"purchasable","29":"product-type-simple"},"_links":{"self":[{"href":"https:\/\/www.ngdcare.nl\/de\/wp-json\/wp\/v2\/product\/10310","targetHints":{"allow":["GET"]}}],"collection":[{"href":"https:\/\/www.ngdcare.nl\/de\/wp-json\/wp\/v2\/product"}],"about":[{"href":"https:\/\/www.ngdcare.nl\/de\/wp-json\/wp\/v2\/types\/product"}],"replies":[{"embeddable":true,"href":"https:\/\/www.ngdcare.nl\/de\/wp-json\/wp\/v2\/comments?post=10310"}],"wp:featuredmedia":[{"embeddable":true,"href":"https:\/\/www.ngdcare.nl\/de\/wp-json\/wp\/v2\/media\/10963"}],"wp:attachment":[{"href":"https:\/\/www.ngdcare.nl\/de\/wp-json\/wp\/v2\/media?parent=10310"}],"wp:term":[{"taxonomy":"product_brand","embeddable":true,"href":"https:\/\/www.ngdcare.nl\/de\/wp-json\/wp\/v2\/product_brand?post=10310"},{"taxonomy":"product_cat","embeddable":true,"href":"https:\/\/www.ngdcare.nl\/de\/wp-json\/wp\/v2\/product_cat?post=10310"},{"taxonomy":"product_tag","embeddable":true,"href":"https:\/\/www.ngdcare.nl\/de\/wp-json\/wp\/v2\/product_tag?post=10310"},{"taxonomy":"merken","embeddable":true,"href":"https:\/\/www.ngdcare.nl\/de\/wp-json\/wp\/v2\/merken?post=10310"}],"curies":[{"name":"wp","href":"https:\/\/api.w.org\/{rel}","templated":true}]}}