{"id":10350,"date":"2025-11-16T13:38:29","date_gmt":"2025-11-16T12:38:29","guid":{"rendered":"https:\/\/www.ngdcare.nl\/?post_type=product&#038;p=10350"},"modified":"2025-11-24T12:51:36","modified_gmt":"2025-11-24T11:51:36","slug":"liposomaler-vitamin-b-komplex-liposomal-active-vit-b-komplex-kopie","status":"publish","type":"product","link":"https:\/\/www.ngdcare.nl\/de\/product\/human-health\/nahrungserganzungsmittel\/liposomaler-vitamin-b-komplex-liposomal-active-vit-b-komplex-kopie\/","title":{"rendered":"Liposomaler aktiver Vit B-Komplex"},"content":{"rendered":"<p style=\"font-weight: 400;\">B-Vitamine spielen eine zentrale Rolle bei der Umwandlung von Nahrung in Energie, beim Aufbau und Schutz des Nervensystems, bei Methylierungsprozessen sowie bei der Regulation von Stimmung und Stressreaktion. In diesem <g id=\"gid_0\">liposomalen B-Komplex<\/g> werden die B-Vitamine in biologisch aktiven Formen angeboten (wie Methylcobalamin, Methylfolat und P-5-P), was sie direkt im Zellstoffwechsel sowie bei Menschen mit genetischen Varianten im Folat- oder B12-Stoffwechsel (z. B. MTHFR-Polymorphismen) nutzbar macht. Die liposomale Behandlung erh\u00f6ht zudem die Aufnahme und macht den Komplex sanft f\u00fcr Magen und Darm.  <\/p>\n<p style=\"font-weight: 400;\">Dieser B-Komplex unterst\u00fctzt sowohl k\u00f6rperlich als auch geistig: Er tr\u00e4gt zur <strong>Verringerung von M\u00fcdigkeit, zur normalen Funktion des Nervensystems und der Psyche, zum Homocystein-Stoffwechsel, zur Bildung roter Blutk\u00f6rperchen und zur Entgiftung<\/strong> bei. Er eignet sich daher f\u00fcr Stress, gesch\u00e4ftige Zeiten, Genesung nach Krankheit, intensive kognitive Arbeit oder als Grundlage in einem integrativen Behandlungsplan. <\/p>\n<p style=\"font-weight: 400;\">Aufgrund der Kombination aus aktiven B-Formen und liposomaler Technologie ist diese Formel sehr geeignet f\u00fcr Menschen, die empfindlich auf herk\u00f6mmliche synthetische Formen reagieren oder bei denen die vorherige B-Supplementierung nicht ausreichend wirkte. Das Produkt kann t\u00e4glich sicher verwendet werden und kombiniert sich gut mit Magnesium, Omegas, NAD+-Komplexen und Adaptogenen. <\/p>\n","protected":false},"excerpt":{"rendered":"<p style=\"font-weight: 400;\">Der liposomale Vitamin-B-Komplex von NGD Care enth\u00e4lt aktive B-Vitamine in einer gut resorbierbaren liposomalen Matrix. Unterst\u00fctzt den Energiestoffwechsel, das Nervensystem, die geistige Funktion und die Stressresistenz. <\/p>\n","protected":false},"featured_media":10929,"comment_status":"open","ping_status":"closed","template":"","meta":{"wds_primary_product_brand":0,"wds_primary_product_cat":23,"wds_primary_merken":0},"product_brand":[],"product_cat":[5318],"product_tag":[5460,824,612,724,5416,5462,5461,1209,1706,5327,888],"merken":[2756],"class_list":{"0":"post-10350","1":"product","2":"type-product","3":"status-publish","4":"has-post-thumbnail","6":"product_cat-nahrungserganzungsmittel","7":"product_tag-aktive-b-vitamine","8":"product_tag-b-komplex","9":"product_tag-energie-de","10":"product_tag-liposomal-de","11":"product_tag-menschliche-nahrungserganzungsmittel","12":"product_tag-methylb12","13":"product_tag-methylfolat","14":"product_tag-nervensystem","15":"product_tag-ngd-pflege","16":"product_tag-ngd-versorgung-menschliche-gesundheit","17":"product_tag-stress-de","18":"merken-ngdcare","19":"infinite-scroll-item","20":"sales-flash-overlay","21":"woocommerce-text-align-center","22":"woocommerce-image-align-center","23":"do-quantity-buttons","25":"first","26":"instock","27":"taxable","28":"shipping-taxable","29":"purchasable","30":"product-type-simple"},"_links":{"self":[{"href":"https:\/\/www.ngdcare.nl\/de\/wp-json\/wp\/v2\/product\/10350","targetHints":{"allow":["GET"]}}],"collection":[{"href":"https:\/\/www.ngdcare.nl\/de\/wp-json\/wp\/v2\/product"}],"about":[{"href":"https:\/\/www.ngdcare.nl\/de\/wp-json\/wp\/v2\/types\/product"}],"replies":[{"embeddable":true,"href":"https:\/\/www.ngdcare.nl\/de\/wp-json\/wp\/v2\/comments?post=10350"}],"wp:featuredmedia":[{"embeddable":true,"href":"https:\/\/www.ngdcare.nl\/de\/wp-json\/wp\/v2\/media\/10929"}],"wp:attachment":[{"href":"https:\/\/www.ngdcare.nl\/de\/wp-json\/wp\/v2\/media?parent=10350"}],"wp:term":[{"taxonomy":"product_brand","embeddable":true,"href":"https:\/\/www.ngdcare.nl\/de\/wp-json\/wp\/v2\/product_brand?post=10350"},{"taxonomy":"product_cat","embeddable":true,"href":"https:\/\/www.ngdcare.nl\/de\/wp-json\/wp\/v2\/product_cat?post=10350"},{"taxonomy":"product_tag","embeddable":true,"href":"https:\/\/www.ngdcare.nl\/de\/wp-json\/wp\/v2\/product_tag?post=10350"},{"taxonomy":"merken","embeddable":true,"href":"https:\/\/www.ngdcare.nl\/de\/wp-json\/wp\/v2\/merken?post=10350"}],"curies":[{"name":"wp","href":"https:\/\/api.w.org\/{rel}","templated":true}]}}