{"id":10402,"date":"2025-11-16T14:15:46","date_gmt":"2025-11-16T13:15:46","guid":{"rendered":"https:\/\/www.ngdcare.nl\/?post_type=product&#038;p=10402"},"modified":"2025-11-24T13:24:16","modified_gmt":"2025-11-24T12:24:16","slug":"liposomaler-pilz-mix-1-liposomaler-myko-immun-komplex-kopie","status":"publish","type":"product","link":"https:\/\/www.ngdcare.nl\/de\/product\/human-health\/nahrungserganzungsmittel\/liposomaler-pilz-mix-1-liposomaler-myko-immun-komplex-kopie\/","title":{"rendered":"Liposomaler Myco-Immunkomplex"},"content":{"rendered":"<p><strong><span style=\"font-weight: 400;\">NGD-Pflege \u2013 <strong>Liposomaler Myco-Immunkomplex <\/strong><\/span> <\/strong>ist eine kraftvolle Mischung aus vier Medizinpilzen: <strong style=\"font-weight: 400;\">Agaricus blazei Murill, Maitake (Grifola frondosa), Shiitake (Lentinula edodes)<\/strong> und <strong style=\"font-weight: 400;\">Coriolus versicolor (Turkey Tail).<\/strong> Diese Pilze haben eine lange Tradition in der Phytotherapie und eine wachsende wissenschaftliche Grundlage. Ihre Hauptaktiven Komponenten sind Polysaccharide und \u03b2-Glukane, die das angeborene und adaptive Immunsystem \u00fcber Rezeptoren wie Dectin-1, TLRs und Komplementwege modulieren. Durch die liposomale Formulierung werden die Extrakte besser gesch\u00fctzt und aufgenommen, was besonders wichtig f\u00fcr Menschen mit empfindlichem Verdauungssystem ist.   <\/p>\n<p>Der Myco-Immunkomplex unterst\u00fctzt eine ausgewogene Immunantwort: Er kann sowohl unteraktive als auch \u00fcberaktive Immunantworten modulieren und wird daher h\u00e4ufig zur <strong>verminderten Resistenz, zur Genesung nach der Krankheit, zur erh\u00f6hten Anf\u00e4lligkeit f\u00fcr Infektionen <\/strong>und als unterst\u00fctzender Bestandteil bei<strong> onkologischen oder chronischen Krankheitsverl\u00e4ufen<\/strong> verwendet (stets in Absprache mit dem Arzt). Dar\u00fcber hinaus tragen die Pilze zur Vitalit\u00e4t, zum antioxidativen Schutz und zur Unterst\u00fctzung der Leber- und Darmfunktion bei. <\/p>\n<p>Durch die Kombination mehrerer Pilze werden verschiedene Wirkmechanismen geb\u00fcndelt, was zu einer breiten, aber gleichzeitig relativ milden und physiologischen Unterst\u00fctzung des Immunsystems f\u00fchrt. Die liposomale Matrix macht diese Formel f\u00fcr die Langzeitanwendung und f\u00fcr empfindliche Patienten geeignet, die durch hohe Dosen roher Pilzprodukte weniger gut vertragen werden. <\/p>\n<p data-start=\"14463\" data-end=\"14479\">\n","protected":false},"excerpt":{"rendered":"<p class=\"p3\">Liposomal Myco Immune Complex kombiniert vier medizinische Pilze, um das Immunsystem, die Erholung und die Vitalit\u00e4t zu unterst\u00fctzen. Die liposomale Form erh\u00f6ht die Aufnahme und Bioverf\u00fcgbarkeit. <\/p>\n","protected":false},"featured_media":10996,"comment_status":"open","ping_status":"closed","template":"","meta":{"wds_primary_product_brand":0,"wds_primary_product_cat":21,"wds_primary_merken":0},"product_brand":[],"product_cat":[5318],"product_tag":[912,5573,914,592,724,913,5572,1706,5327,5571,911],"merken":[],"class_list":{"0":"post-10402","1":"product","2":"type-product","3":"status-publish","4":"has-post-thumbnail","6":"product_cat-nahrungserganzungsmittel","7":"product_tag-agaricus-de","8":"product_tag-beta-glukane","9":"product_tag-coriolus-de","10":"product_tag-immunsystem","11":"product_tag-liposomal-de","12":"product_tag-maitake-de","13":"product_tag-myco-immun","14":"product_tag-ngd-pflege","15":"product_tag-ngd-versorgung-menschliche-gesundheit","16":"product_tag-pilzmischung","17":"product_tag-shiitake-de","18":"infinite-scroll-item","19":"sales-flash-overlay","20":"woocommerce-text-align-center","21":"woocommerce-image-align-center","22":"do-quantity-buttons","24":"first","25":"instock","26":"featured","27":"taxable","28":"shipping-taxable","29":"purchasable","30":"product-type-simple"},"_links":{"self":[{"href":"https:\/\/www.ngdcare.nl\/de\/wp-json\/wp\/v2\/product\/10402","targetHints":{"allow":["GET"]}}],"collection":[{"href":"https:\/\/www.ngdcare.nl\/de\/wp-json\/wp\/v2\/product"}],"about":[{"href":"https:\/\/www.ngdcare.nl\/de\/wp-json\/wp\/v2\/types\/product"}],"replies":[{"embeddable":true,"href":"https:\/\/www.ngdcare.nl\/de\/wp-json\/wp\/v2\/comments?post=10402"}],"wp:featuredmedia":[{"embeddable":true,"href":"https:\/\/www.ngdcare.nl\/de\/wp-json\/wp\/v2\/media\/10996"}],"wp:attachment":[{"href":"https:\/\/www.ngdcare.nl\/de\/wp-json\/wp\/v2\/media?parent=10402"}],"wp:term":[{"taxonomy":"product_brand","embeddable":true,"href":"https:\/\/www.ngdcare.nl\/de\/wp-json\/wp\/v2\/product_brand?post=10402"},{"taxonomy":"product_cat","embeddable":true,"href":"https:\/\/www.ngdcare.nl\/de\/wp-json\/wp\/v2\/product_cat?post=10402"},{"taxonomy":"product_tag","embeddable":true,"href":"https:\/\/www.ngdcare.nl\/de\/wp-json\/wp\/v2\/product_tag?post=10402"},{"taxonomy":"merken","embeddable":true,"href":"https:\/\/www.ngdcare.nl\/de\/wp-json\/wp\/v2\/merken?post=10402"}],"curies":[{"name":"wp","href":"https:\/\/api.w.org\/{rel}","templated":true}]}}