{"id":10422,"date":"2025-11-16T14:34:02","date_gmt":"2025-11-16T13:34:02","guid":{"rendered":"https:\/\/www.ngdcare.nl\/?post_type=product&#038;p=10422"},"modified":"2025-11-24T12:47:18","modified_gmt":"2025-11-24T11:47:18","slug":"liposomaler-pilzmix-2-liposomaler-myco-adaptogen-komplex-kopie","status":"publish","type":"product","link":"https:\/\/www.ngdcare.nl\/de\/product\/nahrungserganzungsmittel\/liposomaler-pilzmix-2-liposomaler-myco-adaptogen-komplex-kopie\/","title":{"rendered":"Liposomaler Myco-Adaptogen-Komplex"},"content":{"rendered":"<p><strong style=\"font-weight: 400;\">NGD Care \u2013 Liposomaler <\/strong><b>Myco-Adaptogen-Komplex<\/b> ist eine kraftvolle Kombination aus vier adaptogenen Medizinpilzen: <strong style=\"font-weight: 400;\">Lions Mane (Hericium erinaceus), Chaga (Inonotus obliquus), Reishi (Ganoderma lucidum)<\/strong> und <strong style=\"font-weight: 400;\">Cordyceps sinensis<\/strong>. Diese liposomale Pilzmischung konzentriert sich haupts\u00e4chlich auf Stressregulation, Nervensystem, Hormonbalance und die Darm-Gehirn-Achse. Lions Mane (Hericium erinaceus) wird auf ihre potenzielle Unterst\u00fctzung von Neurogenese- und Nervenwachstumsfaktoren (NGF) untersucht, die f\u00fcr kognitive Funktionen und Stimmung relevant sind. Reishi (Ganoderma lucidum) ist in der traditionellen Medizin als &#8222;Pilz der Unsterblichkeit&#8220; bekannt und besitzt eine adaptogene, leicht blutdruck- und gerinnungsmodulierende und immunregulierende Wirkung. Cordyceps wird mit einer Verbesserung der Energie-, Sauerstoffnutzung und Lastkapazit\u00e4t in Verbindung gebracht. Chaga hat starke antioxidative Eigenschaften und unterst\u00fctzt unter anderem das Immunsystem und das Gleichgewicht der Antioxidantien.     <\/p>\n<p>Die liposomale Matrix macht diese kombinierten Extrakte besser absorbierbar und ertr\u00e4glich, wodurch niedrigere Dosen wirksam sind. Der Myco-Adaptogen-Komplex eignet sich f\u00fcr Menschen mit <strong>langfristigem Stress, mentaler \u00dcberlastung, M\u00fcdigkeit, Reizverarbeitung, Stimmungsschwankungen <\/strong>oder als Unterst\u00fctzung f\u00fcr einen integrativen Ansatz der <strong>Darm-Hirn-Achse<\/strong>. In Kombination mit B-Komplex, Magnesium, Omegas und m\u00f6glicherweise adaptogenen Kr\u00e4utern wird ein kraftvolles, aber physiologisch fokussiertes Protokoll entwickelt.  <\/p>\n<p>Da die Pilze einen milden, aber breiten Einfluss auf das Immunsystem, das Nerven- und das endokrine System haben, ist die Formel bei chronischem Stress gut anwendbar. Gleichzeitig erfordert es die Behandlung bei Autoimmunerkrankungen, den Einsatz von Antikoagulantien und intensive onkologische oder immungezielte Therapien. <\/p>\n<p>&nbsp;<\/p>\n","protected":false},"excerpt":{"rendered":"<p class=\"p3\">Der Myco Adaptogen Komplex kombiniert vier adaptogene Pilze \u2013 Lions Mane, Chaga, Reishi und Cordyceps \u2013 in liposomaler Form, um Stressanpassung, Energie, Stimmung und kognitive Funktion zu unterst\u00fctzen.<\/p>\n","protected":false},"featured_media":10918,"comment_status":"open","ping_status":"closed","template":"","meta":[],"product_brand":[],"product_cat":[5318],"product_tag":[887,883,885,5440,724,882,5441,1706,5327,886,888],"merken":[],"class_list":{"0":"post-10422","1":"product","2":"type-product","3":"status-publish","4":"has-post-thumbnail","6":"product_cat-nahrungserganzungsmittel","7":"product_tag-adaptogen-de","8":"product_tag-chaga-de","9":"product_tag-cordyceps-de","10":"product_tag-darm-hirn-achse","11":"product_tag-liposomal-de","12":"product_tag-lowen-mahne","13":"product_tag-myco-adaptogen","14":"product_tag-ngd-pflege","15":"product_tag-ngd-versorgung-menschliche-gesundheit","16":"product_tag-reishi-de","17":"product_tag-stress-de","18":"infinite-scroll-item","19":"sales-flash-overlay","20":"woocommerce-text-align-center","21":"woocommerce-image-align-center","22":"do-quantity-buttons","24":"first","25":"instock","26":"taxable","27":"shipping-taxable","28":"purchasable","29":"product-type-simple"},"_links":{"self":[{"href":"https:\/\/www.ngdcare.nl\/de\/wp-json\/wp\/v2\/product\/10422","targetHints":{"allow":["GET"]}}],"collection":[{"href":"https:\/\/www.ngdcare.nl\/de\/wp-json\/wp\/v2\/product"}],"about":[{"href":"https:\/\/www.ngdcare.nl\/de\/wp-json\/wp\/v2\/types\/product"}],"replies":[{"embeddable":true,"href":"https:\/\/www.ngdcare.nl\/de\/wp-json\/wp\/v2\/comments?post=10422"}],"wp:featuredmedia":[{"embeddable":true,"href":"https:\/\/www.ngdcare.nl\/de\/wp-json\/wp\/v2\/media\/10918"}],"wp:attachment":[{"href":"https:\/\/www.ngdcare.nl\/de\/wp-json\/wp\/v2\/media?parent=10422"}],"wp:term":[{"taxonomy":"product_brand","embeddable":true,"href":"https:\/\/www.ngdcare.nl\/de\/wp-json\/wp\/v2\/product_brand?post=10422"},{"taxonomy":"product_cat","embeddable":true,"href":"https:\/\/www.ngdcare.nl\/de\/wp-json\/wp\/v2\/product_cat?post=10422"},{"taxonomy":"product_tag","embeddable":true,"href":"https:\/\/www.ngdcare.nl\/de\/wp-json\/wp\/v2\/product_tag?post=10422"},{"taxonomy":"merken","embeddable":true,"href":"https:\/\/www.ngdcare.nl\/de\/wp-json\/wp\/v2\/merken?post=10422"}],"curies":[{"name":"wp","href":"https:\/\/api.w.org\/{rel}","templated":true}]}}