{"id":10463,"date":"2025-11-16T15:11:48","date_gmt":"2025-11-16T14:11:48","guid":{"rendered":"https:\/\/www.ngdcare.nl\/?post_type=product&#038;p=10463"},"modified":"2025-11-24T12:42:48","modified_gmt":"2025-11-24T11:42:48","slug":"liposomale-vitamine-c-liposomales-vitamin-c-kopie","status":"publish","type":"product","link":"https:\/\/www.ngdcare.nl\/de\/product\/human-health\/nahrungserganzungsmittel\/liposomale-vitamine-c-liposomales-vitamin-c-kopie\/","title":{"rendered":"Liposomales Vitamin C"},"content":{"rendered":"<p style=\"font-weight: 400;\"><strong>Vitamin C<\/strong> ist ein essentielles Antioxidans, das eine wichtige Rolle im <strong>Immunsystem<\/strong>, in der <strong>Kollagenproduktion<\/strong>, im <strong>Energiestoffwechsel<\/strong> und im <strong>Schutz vor oxidativem Stress<\/strong> spielt. Die meisten Formen von Vitamin C werden im Magen-Darm-Trakt schnell abgebaut, was die Aufnahme einschr\u00e4nkt und bei h\u00f6heren Dosen Bauchbeschwerden verursachen kann. NGD Care verwendet daher eine liposomale Form, bei der das Vitamin C in Phospholipiden eingeschlossen ist. Dadurch wird es direkter \u00fcber die Lymphe aufgenommen und von empfindlichen Darmen besser vertr\u00e4gt.   <\/p>\n<p style=\"font-weight: 400;\">Liposomales Vitamin C unterst\u00fctzt das Immunsystem sowohl in akuten als auch pr\u00e4ventiv. Aufgrund seiner hohen Aufnahme erreicht es schneller die Zellen, die auf ausreichend Ascorbat angewiesen sind, wie Immunzellen, Leberzellen, Fibroblasten und Hirngewebe. Vitamin C ist auch f\u00fcr die Kollagensynthese notwendig, das zur Hautreparatur, zur St\u00e4rke der Gef\u00e4\u00dfwand und zu gesundem Bindegewebe beitr\u00e4gt.  <\/p>\n<p style=\"font-weight: 400;\">Da Vitamin C an Hunderten biochemischer Prozesse beteiligt ist, ist der Bedarf an Askorbat besonders hoch w\u00e4hrend Stress, Infektionen, chronischem Stress oder Erholungsphasen. Die liposomale Form erm\u00f6glicht es, mit niedrigen bis moderaten Dosen eine hohe Bioverf\u00fcgbarkeit zu erreichen, ohne das Risiko von Magen-Darm-Beschwerden, wie es bei normalem Vitamin C auftritt. Dieses Supplement kann t\u00e4glich sicher verwendet werden und passt perfekt in integrative Protokolle.  <\/p>\n","protected":false},"excerpt":{"rendered":"<p style=\"font-weight: 400;\">Liposomales Vitamin C von NGD Care bietet eine sehr hohe Aufnahme, unterst\u00fctzt das Immunsystem, hilft, oxidativen Stress zu reduzieren und unterst\u00fctzt die Kollagenproduktion. Sanft f\u00fcr Magen und Darm. <\/p>\n","protected":false},"featured_media":10907,"comment_status":"open","ping_status":"closed","template":"","meta":{"wds_primary_product_brand":0,"wds_primary_product_cat":187,"wds_primary_merken":0},"product_brand":[],"product_cat":[5318],"product_tag":[593,5421,5331,1042,724,5416,1706,5327,5418],"merken":[],"class_list":{"0":"post-10463","1":"product","2":"type-product","3":"status-publish","4":"has-post-thumbnail","6":"product_cat-nahrungserganzungsmittel","7":"product_tag-antioxidans","8":"product_tag-ascorbinsaure","9":"product_tag-immunitat","10":"product_tag-kollagen","11":"product_tag-liposomal-de","12":"product_tag-menschliche-nahrungserganzungsmittel","13":"product_tag-ngd-pflege","14":"product_tag-ngd-versorgung-menschliche-gesundheit","15":"product_tag-oxidativer-stress","16":"infinite-scroll-item","17":"sales-flash-overlay","18":"woocommerce-text-align-center","19":"woocommerce-image-align-center","20":"do-quantity-buttons","22":"first","23":"instock","24":"taxable","25":"shipping-taxable","26":"purchasable","27":"product-type-simple"},"_links":{"self":[{"href":"https:\/\/www.ngdcare.nl\/de\/wp-json\/wp\/v2\/product\/10463","targetHints":{"allow":["GET"]}}],"collection":[{"href":"https:\/\/www.ngdcare.nl\/de\/wp-json\/wp\/v2\/product"}],"about":[{"href":"https:\/\/www.ngdcare.nl\/de\/wp-json\/wp\/v2\/types\/product"}],"replies":[{"embeddable":true,"href":"https:\/\/www.ngdcare.nl\/de\/wp-json\/wp\/v2\/comments?post=10463"}],"wp:featuredmedia":[{"embeddable":true,"href":"https:\/\/www.ngdcare.nl\/de\/wp-json\/wp\/v2\/media\/10907"}],"wp:attachment":[{"href":"https:\/\/www.ngdcare.nl\/de\/wp-json\/wp\/v2\/media?parent=10463"}],"wp:term":[{"taxonomy":"product_brand","embeddable":true,"href":"https:\/\/www.ngdcare.nl\/de\/wp-json\/wp\/v2\/product_brand?post=10463"},{"taxonomy":"product_cat","embeddable":true,"href":"https:\/\/www.ngdcare.nl\/de\/wp-json\/wp\/v2\/product_cat?post=10463"},{"taxonomy":"product_tag","embeddable":true,"href":"https:\/\/www.ngdcare.nl\/de\/wp-json\/wp\/v2\/product_tag?post=10463"},{"taxonomy":"merken","embeddable":true,"href":"https:\/\/www.ngdcare.nl\/de\/wp-json\/wp\/v2\/merken?post=10463"}],"curies":[{"name":"wp","href":"https:\/\/api.w.org\/{rel}","templated":true}]}}