{"id":10566,"date":"2025-11-16T22:54:27","date_gmt":"2025-11-16T21:54:27","guid":{"rendered":"https:\/\/www.ngdcare.nl\/?post_type=product&#038;p=10566"},"modified":"2025-11-24T12:57:11","modified_gmt":"2025-11-24T11:57:11","slug":"wasserkefir-fermentierte-probiotika-kopie","status":"publish","type":"product","link":"https:\/\/www.ngdcare.nl\/de\/product\/human-health\/nahrungserganzungsmittel\/wasserkefir-fermentierte-probiotika-kopie\/","title":{"rendered":"Fermentierte Probiotika"},"content":{"rendered":"<p style=\"font-weight: 400;\"><strong>NGD-Pflege \u2013 Wasserkefir <\/strong> ist ein gefriergetrockneter fermentierter Wasserkefir. Diese Formel enth\u00e4lt <g id=\"gid_1\">mehr als 50 verschiedene St\u00e4mme nat\u00fcrlicher Bakterien und Hefen<\/g>, darunter verschiedene <g id=\"gid_2\">Arten von Lactobacillus<\/g>, <g id=\"gid_3\">Saccharomyces<\/g>, <g id=\"gid_4\">Candida<\/g>, <g id=\"gid_5\">Kluyveromyces<\/g> und <g id=\"gid_6\">Acetobacter<\/g>. Dies macht es zu einem breit wirkenden probiotischen Komplex, der die Vielfalt und Widerstandsf\u00e4higkeit des Darmmikrobioms unterst\u00fctzen soll.  <\/p>\n<p style=\"font-weight: 400;\">Das Produkt kann die Genesung nach Antibiotika unterst\u00fctzen, den Stuhlgang unterst\u00fctzen und funktionelle Darmbeschwerden reduzieren. Die Produktion von SCFAs, Laktat und anderen Metaboliten wirkt sich positiv auf den pH-Wert und die Umwelt im Darm aus. Dar\u00fcber hinaus spielt das Darmmikrobiom eine Rolle in der Darm-Hirn-Achse und der Darm-Immun-Achse, was bedeutet, dass Kefir auch indirekt Stimmung, Stressresistenz und allgemeine Resistenz beeinflussen kann.  <\/p>\n<p style=\"font-weight: 400;\">Da jeder Darm anders reagiert, ist es wichtig, langsam mit empfindlichen D\u00e4rmen zu beginnen und die Dosierung schrittweise zu steigern. Fermentierte Probiotika \u2013 Kefir lassen sich gut mit Pr\u00e4biotika, Enzymen und anderen Darmunterst\u00fctzungsmitteln in einem ma\u00dfgeschneiderten Protokoll kombinieren. <\/p>\n","protected":false},"excerpt":{"rendered":"<p>Fermentierte Probiotika enthalten lebende Bakterien und Hefen aus Kefirkulturen, um das Darmmikrobiom, die Verdauung und das Immunsystem zu unterst\u00fctzen.<\/p>\n","protected":false},"featured_media":10941,"comment_status":"open","ping_status":"closed","template":"","meta":{"wds_primary_product_brand":0,"wds_primary_product_cat":16,"wds_primary_merken":0},"product_brand":[],"product_cat":[5318],"product_tag":[611,783,5487,1348,610,592,1349,5416,819,1350,1706,5327,820,818],"merken":[2756],"class_list":{"0":"post-10566","1":"product","2":"type-product","3":"status-publish","4":"has-post-thumbnail","6":"product_cat-nahrungserganzungsmittel","7":"product_tag-darmgesundheit","8":"product_tag-erganzung","9":"product_tag-fermentierte-probiotika","10":"product_tag-garung","11":"product_tag-holistisch-de","12":"product_tag-immunsystem","13":"product_tag-kefir-de","14":"product_tag-menschliche-nahrungserganzungsmittel","15":"product_tag-mikrobiom","16":"product_tag-ngd-care-erganzungen","17":"product_tag-ngd-pflege","18":"product_tag-ngd-versorgung-menschliche-gesundheit","19":"product_tag-probiotika","20":"product_tag-wasserkefir","21":"merken-ngdcare","22":"infinite-scroll-item","23":"sales-flash-overlay","24":"woocommerce-text-align-center","25":"woocommerce-image-align-center","26":"do-quantity-buttons","28":"first","29":"instock","30":"taxable","31":"shipping-taxable","32":"purchasable","33":"product-type-simple"},"_links":{"self":[{"href":"https:\/\/www.ngdcare.nl\/de\/wp-json\/wp\/v2\/product\/10566","targetHints":{"allow":["GET"]}}],"collection":[{"href":"https:\/\/www.ngdcare.nl\/de\/wp-json\/wp\/v2\/product"}],"about":[{"href":"https:\/\/www.ngdcare.nl\/de\/wp-json\/wp\/v2\/types\/product"}],"replies":[{"embeddable":true,"href":"https:\/\/www.ngdcare.nl\/de\/wp-json\/wp\/v2\/comments?post=10566"}],"wp:featuredmedia":[{"embeddable":true,"href":"https:\/\/www.ngdcare.nl\/de\/wp-json\/wp\/v2\/media\/10941"}],"wp:attachment":[{"href":"https:\/\/www.ngdcare.nl\/de\/wp-json\/wp\/v2\/media?parent=10566"}],"wp:term":[{"taxonomy":"product_brand","embeddable":true,"href":"https:\/\/www.ngdcare.nl\/de\/wp-json\/wp\/v2\/product_brand?post=10566"},{"taxonomy":"product_cat","embeddable":true,"href":"https:\/\/www.ngdcare.nl\/de\/wp-json\/wp\/v2\/product_cat?post=10566"},{"taxonomy":"product_tag","embeddable":true,"href":"https:\/\/www.ngdcare.nl\/de\/wp-json\/wp\/v2\/product_tag?post=10566"},{"taxonomy":"merken","embeddable":true,"href":"https:\/\/www.ngdcare.nl\/de\/wp-json\/wp\/v2\/merken?post=10566"}],"curies":[{"name":"wp","href":"https:\/\/api.w.org\/{rel}","templated":true}]}}