{"id":10612,"date":"2025-11-17T11:38:08","date_gmt":"2025-11-17T10:38:08","guid":{"rendered":"https:\/\/www.ngdcare.nl\/?post_type=product&#038;p=10612"},"modified":"2025-11-24T15:25:52","modified_gmt":"2025-11-24T14:25:52","slug":"liposomales-cbd-ol-liposomales-cbd-ol-kopie","status":"publish","type":"product","link":"https:\/\/www.ngdcare.nl\/de\/product\/human-health\/nahrungserganzungsmittel\/liposomales-cbd-ol-liposomales-cbd-ol-kopie\/","title":{"rendered":"Liposomales CBD-\u00d6l"},"content":{"rendered":"<p style=\"font-weight: 400;\"><strong>CBD<\/strong> (Cannabidiol) ist ein nicht-psychoaktives Cannabinoid, das das Endocannabinoid-System (ECS) unterst\u00fctzt, das an Stress, Schmerzerfahrung, Stimmung, Entz\u00fcndungsbalance und Schlafregulation beteiligt ist. <strong>NGD Care CBD-\u00d6l<\/strong> enth\u00e4lt einen <strong>Vollspektrum-Extrakt<\/strong> mit nat\u00fcrlichen Terpenen und Cannabinoiden, ohne Vergiftung. Dar\u00fcber hinaus verf\u00fcgt sie \u00fcber eine einzigartige Lippenfassbehandlung, die daf\u00fcr sorgt, dass die Aufnahmef\u00e4higkeit besonders hoch ist und im Gewebe stabil bleibt. CBD wirkt \u00fcber die Modulation der CB1\/CB2-Wege, TRPV1, Serotonin (5-HT1A) und GABA-Gleichgewichts, unter anderem.  <\/p>\n<p style=\"font-weight: 400;\">Das \u00d6l eignet sich gegen Stress, Verspannungen, Schlafprobleme, Schmerzbeschwerden, Entz\u00fcndungsempfindlichkeit und \u00dcberstimulation. Bei regelm\u00e4\u00dfiger Anwendung kann CBD helfen, das Gleichgewicht im ECS wiederherzustellen, mit Auswirkungen auf Ruhe, Muskelverspannungen, Stimmung und Schmerzwahrnehmung. <\/p>\n<p style=\"font-weight: 400;\">Das Produkt wird in milden, leicht dosierbaren St\u00e4rken angeboten und ist f\u00fcr den t\u00e4glichen Gebrauch geeignet. Es enth\u00e4lt &lt;0,05 % THC und entspricht den EU-Standards. <\/p>\n","protected":false},"excerpt":{"rendered":"<div>\n<p class=\"p3\">Fullspektrum-liposomales CBD-\u00d6l unterst\u00fctzt Entspannung, Nervensystem, Schmerzregulation und Stressbalance \u00fcber das Endocannabinoid-System.<\/p>\n<\/div>\n","protected":false},"featured_media":11821,"comment_status":"open","ping_status":"closed","template":"","meta":{"wds_primary_product_brand":0,"wds_primary_product_cat":187,"wds_primary_merken":0},"product_brand":[],"product_cat":[5318],"product_tag":[764,761,766,5731,1040,763,5733,603,760,769,724,5327,767,5732,5730,888,765,768,762],"merken":[2756],"class_list":{"0":"post-10612","1":"product","2":"type-product","3":"status-publish","4":"has-post-thumbnail","6":"product_cat-nahrungserganzungsmittel","7":"product_tag-4-cbd-ol","8":"product_tag-analgetikum","9":"product_tag-angstreduzierend","10":"product_tag-cannabinoide","11":"product_tag-cbd-de","12":"product_tag-cbd-ol","13":"product_tag-ecs","14":"product_tag-entzundungshemmend","15":"product_tag-krebs","16":"product_tag-lindernd","17":"product_tag-liposomal-de","18":"product_tag-ngd-versorgung-menschliche-gesundheit","19":"product_tag-reduziert-angstzustande","20":"product_tag-schlafen","21":"product_tag-schmerz","22":"product_tag-stress-de","23":"product_tag-stressabbau","24":"product_tag-verbessert-den-schlaf","25":"product_tag-vollspektrum-cbd-ol","26":"merken-ngdcare","27":"infinite-scroll-item","28":"sales-flash-overlay","29":"woocommerce-text-align-center","30":"woocommerce-image-align-center","31":"do-quantity-buttons","33":"first","34":"instock","35":"taxable","36":"shipping-taxable","37":"purchasable","38":"product-type-variable"},"_links":{"self":[{"href":"https:\/\/www.ngdcare.nl\/de\/wp-json\/wp\/v2\/product\/10612","targetHints":{"allow":["GET"]}}],"collection":[{"href":"https:\/\/www.ngdcare.nl\/de\/wp-json\/wp\/v2\/product"}],"about":[{"href":"https:\/\/www.ngdcare.nl\/de\/wp-json\/wp\/v2\/types\/product"}],"replies":[{"embeddable":true,"href":"https:\/\/www.ngdcare.nl\/de\/wp-json\/wp\/v2\/comments?post=10612"}],"wp:featuredmedia":[{"embeddable":true,"href":"https:\/\/www.ngdcare.nl\/de\/wp-json\/wp\/v2\/media\/11821"}],"wp:attachment":[{"href":"https:\/\/www.ngdcare.nl\/de\/wp-json\/wp\/v2\/media?parent=10612"}],"wp:term":[{"taxonomy":"product_brand","embeddable":true,"href":"https:\/\/www.ngdcare.nl\/de\/wp-json\/wp\/v2\/product_brand?post=10612"},{"taxonomy":"product_cat","embeddable":true,"href":"https:\/\/www.ngdcare.nl\/de\/wp-json\/wp\/v2\/product_cat?post=10612"},{"taxonomy":"product_tag","embeddable":true,"href":"https:\/\/www.ngdcare.nl\/de\/wp-json\/wp\/v2\/product_tag?post=10612"},{"taxonomy":"merken","embeddable":true,"href":"https:\/\/www.ngdcare.nl\/de\/wp-json\/wp\/v2\/merken?post=10612"}],"curies":[{"name":"wp","href":"https:\/\/api.w.org\/{rel}","templated":true}]}}