{"id":10671,"date":"2025-11-17T13:44:08","date_gmt":"2025-11-17T12:44:08","guid":{"rendered":"https:\/\/www.ngdcare.nl\/?post_type=product&#038;p=10671"},"modified":"2025-11-24T12:38:26","modified_gmt":"2025-11-24T11:38:26","slug":"liposomales-ashwagandha-und-rhodiola-liposomaler-adaptogener-komplex-kopie","status":"publish","type":"product","link":"https:\/\/www.ngdcare.nl\/de\/product\/human-health\/nahrungserganzungsmittel\/liposomales-ashwagandha-und-rhodiola-liposomaler-adaptogener-komplex-kopie\/","title":{"rendered":"Liposomaler Adaptogen-Komplex"},"content":{"rendered":"<p style=\"font-weight: 400;\"><strong>Der liposomale Adaptogen-Komplex<\/strong> von <strong>NGD Care<\/strong> kombiniert <strong>Ashwagandha (Withania somnifera)<\/strong> und <strong>Rhodiola (Rhodiola rosea). <\/strong>Ashwagandha und Rhodiola geh\u00f6ren zu den am meisten erforschten Adaptogenen. Sie regulieren die HPA-Achse (Hypothalamus-Hypophyse-Nebennieren), unterst\u00fctzen die Stressresistenz, reduzieren mentale Ersch\u00f6pfung und helfen dem K\u00f6rper, mit anhaltender Belastung umzugehen. <\/p>\n<p style=\"font-weight: 400;\">Ashwagandha hat eine beruhigende Wirkung, unterst\u00fctzt die Schlafqualit\u00e4t und besitzt milde schilddr\u00fcsenmodulierende Eigenschaften. Rhodiola hat eine aktivierende Wirkung, erh\u00f6ht die geistige Klarheit und unterst\u00fctzt die mitochondriale Energieproduktion. <\/p>\n<p style=\"font-weight: 400;\">Diese Kombination ist ideal f\u00fcr <strong>Stress, \u00dcberlastung, Burnout, Reizempfindlichkeit, Stimmungsschwankungen, M\u00fcdigkeit <\/strong>und<strong> hormonelle Ungleichgewichte<\/strong>. Adaptogene wirken breit: Sie normalisieren statt zu stimulieren oder zu unterdr\u00fccken.<br data-start=\"12461\" data-end=\"12464\">Die Formel ist sehr geeignet f\u00fcr die Erholung von Stress und Burnout, f\u00fcr HPA-Ungleichgewicht (zu hoch\/zu niedriges Cortisol), f\u00fcr Pr\u00fcfungsstress, Phasen mentaler \u00dcberlastung und Genesung nach Krankheit. <\/p>\n","protected":false},"excerpt":{"rendered":"<p class=\"p3\">Adaptogene Mischung mit liposomalem Ashwagandha und Rhodiola, um Stressresistenz, Energie, Stimmung und hormonelle Balance zu unterst\u00fctzen.<\/p>\n","protected":false},"featured_media":10886,"comment_status":"open","ping_status":"closed","template":"","meta":{"wds_primary_product_brand":0,"wds_primary_product_cat":187,"wds_primary_merken":0},"product_brand":[],"product_cat":[5318],"product_tag":[887,1143,829,966,612,961,964,610,960,5391,592,724,959,1384,1350,5327,965,957,962,963,5390,888,958,589,614],"merken":[2756],"class_list":{"0":"post-10671","1":"product","2":"type-product","3":"status-publish","4":"has-post-thumbnail","6":"product_cat-nahrungserganzungsmittel","7":"product_tag-adaptogen-de","8":"product_tag-adaptogene-de","9":"product_tag-benehmen","10":"product_tag-emotionales-gleichgewicht","11":"product_tag-energie-de","12":"product_tag-erholung","13":"product_tag-fokus-und-konzentration","14":"product_tag-holistisch-de","15":"product_tag-hormonhaushalt","16":"product_tag-hpa-achse","17":"product_tag-immunsystem","18":"product_tag-liposomal-de","19":"product_tag-naturliche-erganzung","20":"product_tag-nebenniere","21":"product_tag-ngd-care-erganzungen","22":"product_tag-ngd-versorgung-menschliche-gesundheit","23":"product_tag-reparieren","24":"product_tag-rhodiola-de","25":"product_tag-ruhepause","26":"product_tag-schlafverdauung","27":"product_tag-stimmung","28":"product_tag-stress-de","29":"product_tag-stressabbau-de","30":"product_tag-tiere","31":"product_tag-vitalitat","32":"merken-ngdcare","33":"infinite-scroll-item","34":"sales-flash-overlay","35":"woocommerce-text-align-center","36":"woocommerce-image-align-center","37":"do-quantity-buttons","39":"first","40":"instock","41":"taxable","42":"shipping-taxable","43":"purchasable","44":"product-type-simple"},"_links":{"self":[{"href":"https:\/\/www.ngdcare.nl\/de\/wp-json\/wp\/v2\/product\/10671","targetHints":{"allow":["GET"]}}],"collection":[{"href":"https:\/\/www.ngdcare.nl\/de\/wp-json\/wp\/v2\/product"}],"about":[{"href":"https:\/\/www.ngdcare.nl\/de\/wp-json\/wp\/v2\/types\/product"}],"replies":[{"embeddable":true,"href":"https:\/\/www.ngdcare.nl\/de\/wp-json\/wp\/v2\/comments?post=10671"}],"wp:featuredmedia":[{"embeddable":true,"href":"https:\/\/www.ngdcare.nl\/de\/wp-json\/wp\/v2\/media\/10886"}],"wp:attachment":[{"href":"https:\/\/www.ngdcare.nl\/de\/wp-json\/wp\/v2\/media?parent=10671"}],"wp:term":[{"taxonomy":"product_brand","embeddable":true,"href":"https:\/\/www.ngdcare.nl\/de\/wp-json\/wp\/v2\/product_brand?post=10671"},{"taxonomy":"product_cat","embeddable":true,"href":"https:\/\/www.ngdcare.nl\/de\/wp-json\/wp\/v2\/product_cat?post=10671"},{"taxonomy":"product_tag","embeddable":true,"href":"https:\/\/www.ngdcare.nl\/de\/wp-json\/wp\/v2\/product_tag?post=10671"},{"taxonomy":"merken","embeddable":true,"href":"https:\/\/www.ngdcare.nl\/de\/wp-json\/wp\/v2\/merken?post=10671"}],"curies":[{"name":"wp","href":"https:\/\/api.w.org\/{rel}","templated":true}]}}