{"id":10734,"date":"2025-11-17T14:48:03","date_gmt":"2025-11-17T13:48:03","guid":{"rendered":"https:\/\/www.ngdcare.nl\/?post_type=product&#038;p=10734"},"modified":"2025-11-24T12:26:18","modified_gmt":"2025-11-24T11:26:18","slug":"liposomales-multivitamin-liposomal-daily-multi-kopie","status":"publish","type":"product","link":"https:\/\/www.ngdcare.nl\/de\/product\/nahrungserganzungsmittel\/liposomales-multivitamin-liposomal-daily-multi-kopie\/","title":{"rendered":"Liposomale t\u00e4gliche Multitherapie"},"content":{"rendered":"<p data-start=\"1132\" data-end=\"2604\">NGD Care&#8217;s <strong>Liposomal Daily Multi<\/strong> ist als vollst\u00e4ndige t\u00e4gliche Grundformel f\u00fcr Menschen konzipiert, die ihren Mikron\u00e4hrstoffstatus auf einem hohen und stabilen Niveau halten m\u00f6chten. Das Multivitamin basiert auf organischen Obst- und Gem\u00fcseextrakten mit allen wichtigen Vitaminen und Mineralstoffen in leicht aufnehmbaren Formen, wobei die liposomale Phosphatidmatrix (Sonnenblumenlecithin) f\u00fcr eine verbesserte Zellaufnahme und einen milden Einfluss auf den Magen-Darm-Trakt sorgt. <\/p>\n<p data-start=\"1132\" data-end=\"2604\">Dieses Daily Multi unterst\u00fctzt den Energiestoffwechsel, das Nervensystem, das Immunsystem, den antioxidativen Schutz und hormonelle Prozesse. Die B-Vitamine sind in aktiven Formen vorhanden, darunter Pyridoxal-5-phosphat (B6), Methylcobalamin (B12) und Methylfols\u00e4ure, was die Umwandlung im K\u00f6rper minimal belastend macht. Die Vitamine D3 und K2 (MK-7) wirken zusammen f\u00fcr den Knochenstoffwechsel, die Kalziumregulation und die Herz-Kreislauf-Gesundheit.  <\/p>\n<p data-start=\"1132\" data-end=\"2604\">Die Formel enth\u00e4lt au\u00dferdem essentielle Mineralien wie Eisen, Selen, Jod und Chrom und unterst\u00fctzt die Entgiftungsprozesse, die Schilddr\u00fcsenfunktion, die mitochondriale Energieproduktion und antioxidative Wege. Dank der ausgewogenen Dosierungen ist dieses Multipack mild genug f\u00fcr den t\u00e4glichen Gebrauch, aber stark genug, um Stress, erh\u00f6hten Bedarf, Schwangerschaftsverl\u00e4ufe (in Beratung), Erholung, Sportbelastung und suboptimale Ern\u00e4hrung zu unterst\u00fctzen. <\/p>\n<p data-start=\"1132\" data-end=\"2604\">Das Liposomal Daily Multi passt in jeden NGD-Care-Behandlungsplan und bildet die Grundlage f\u00fcr andere Nahrungserg\u00e4nzungsmittel (wie Omegas, Adaptogene, NAC, Probiotika oder Pilzextrakte).<\/p>\n","protected":false},"excerpt":{"rendered":"<p class=\"p3\">Dieses liposomale Daily Multi kombiniert alle wichtigen Vitamine und Mineralstoffe in optimal resorbierbaren Formen, mit dem einzigartigen Liposomenkomplex gem\u00e4\u00df der Lipodry-Technik f\u00fcr eine verbesserte Bioverf\u00fcgbarkeit. Geeignet f\u00fcr den t\u00e4glichen Gebrauch, die Erholung, Energie und das Immunsystem. <\/p>\n","protected":false},"featured_media":10874,"comment_status":"open","ping_status":"closed","template":"","meta":[],"product_brand":[],"product_cat":[5318],"product_tag":[824,612,5331,724,5338,1706,5327,5335,5340,5343],"merken":[],"class_list":{"0":"post-10734","1":"product","2":"type-product","3":"status-publish","4":"has-post-thumbnail","6":"product_cat-nahrungserganzungsmittel","7":"product_tag-b-komplex","8":"product_tag-energie-de","9":"product_tag-immunitat","10":"product_tag-liposomal-de","11":"product_tag-multivitamin","12":"product_tag-ngd-pflege","13":"product_tag-ngd-versorgung-menschliche-gesundheit","14":"product_tag-tagliches-multi","15":"product_tag-vitamin-d3","16":"product_tag-vitamin-k2","17":"infinite-scroll-item","18":"sales-flash-overlay","19":"woocommerce-text-align-center","20":"woocommerce-image-align-center","21":"do-quantity-buttons","23":"first","24":"instock","25":"taxable","26":"shipping-taxable","27":"purchasable","28":"product-type-simple"},"_links":{"self":[{"href":"https:\/\/www.ngdcare.nl\/de\/wp-json\/wp\/v2\/product\/10734","targetHints":{"allow":["GET"]}}],"collection":[{"href":"https:\/\/www.ngdcare.nl\/de\/wp-json\/wp\/v2\/product"}],"about":[{"href":"https:\/\/www.ngdcare.nl\/de\/wp-json\/wp\/v2\/types\/product"}],"replies":[{"embeddable":true,"href":"https:\/\/www.ngdcare.nl\/de\/wp-json\/wp\/v2\/comments?post=10734"}],"wp:featuredmedia":[{"embeddable":true,"href":"https:\/\/www.ngdcare.nl\/de\/wp-json\/wp\/v2\/media\/10874"}],"wp:attachment":[{"href":"https:\/\/www.ngdcare.nl\/de\/wp-json\/wp\/v2\/media?parent=10734"}],"wp:term":[{"taxonomy":"product_brand","embeddable":true,"href":"https:\/\/www.ngdcare.nl\/de\/wp-json\/wp\/v2\/product_brand?post=10734"},{"taxonomy":"product_cat","embeddable":true,"href":"https:\/\/www.ngdcare.nl\/de\/wp-json\/wp\/v2\/product_cat?post=10734"},{"taxonomy":"product_tag","embeddable":true,"href":"https:\/\/www.ngdcare.nl\/de\/wp-json\/wp\/v2\/product_tag?post=10734"},{"taxonomy":"merken","embeddable":true,"href":"https:\/\/www.ngdcare.nl\/de\/wp-json\/wp\/v2\/merken?post=10734"}],"curies":[{"name":"wp","href":"https:\/\/api.w.org\/{rel}","templated":true}]}}