{"id":10860,"date":"2025-11-22T16:09:09","date_gmt":"2025-11-22T15:09:09","guid":{"rendered":"https:\/\/www.ngdcare.nl\/product\/unkategorisiert\/canumi-makrelenfilets\/"},"modified":"2025-11-22T16:09:09","modified_gmt":"2025-11-22T15:09:09","slug":"canumi-makrelenfilets","status":"publish","type":"product","link":"https:\/\/www.ngdcare.nl\/de\/product\/zoohandlung\/hund\/ernahrung\/nassfutter\/canumi-makrelenfilets\/","title":{"rendered":"Canumi-Makrelenfilets"},"content":{"rendered":"<p data-start=\"159\" data-end=\"218\"><strong data-start=\"162\" data-end=\"218\">Canumi \u2013 Makrelenfilets (100 % nat\u00fcrlicher Blaufisch)<\/strong><\/p>\n<p data-start=\"220\" data-end=\"652\">Eine m\u00e4chtige Quelle reiner N\u00e4hrstoffe direkt aus dem Ozean. Diese Makrelenfilets sind von Natur aus reich an B-Vitaminen, Jod und Antioxidantien, die den Stoffwechsel unterst\u00fctzen, das Energiemanagement regulieren und zu starken Muskeln, einem gesunden Fell und einem klaren Gehirn beitragen.<br data-start=\"513\" data-end=\"516\">Die perfekte, nat\u00fcrliche Erg\u00e4nzung f\u00fcr Hunde, die von Omegas, leicht verdaulichen Proteinen und hochwertiger Meeresern\u00e4hrung profitieren. <\/p>\n<p data-start=\"654\" data-end=\"668\"><strong>Eigenschaften:<\/strong><\/p>\n<ul>\n<li data-start=\"672\" data-end=\"727\">100 % Makrelenfilets f\u00fcr den menschlichen Verzehr<\/li>\n<li data-start=\"730\" data-end=\"790\">Reich an den Vitaminen B12, B6 und B3 f\u00fcr einen starken Stoffwechsel<\/li>\n<li data-start=\"793\" data-end=\"861\">Nat\u00fcrliches Jod f\u00fcr Energieregulation und eine gesunde Schilddr\u00fcse<\/li>\n<li data-start=\"864\" data-end=\"925\">Unterst\u00fctzt Haut, Fell, kognitive Funktion und Muskelaufbau<\/li>\n<li data-start=\"928\" data-end=\"958\">Nat\u00fcrlicher Antioxidantienschub<\/li>\n<li data-start=\"961\" data-end=\"1034\">Dazu geh\u00f6ren nahrhaftes Konservierungswasser mit Mineralien, Vitaminen und Omegas<\/li>\n<\/ul>\n<p><strong>F\u00fctterungsempfehlung:<\/strong><\/p>\n<p>XS Hund: maximal. 40 g pro Tag<br data-start=\"1331\" data-end=\"1334\">S-Hund: Max. 63 g pro Tag<br data-start=\"1359\" data-end=\"1362\">M Hund: Max. 125 g pro Tag<br data-start=\"1388\" data-end=\"1391\">L-Hund: Max. 160 g pro Tag<br data-start=\"1417\" data-end=\"1420\">XL-Hund: maximal. 200 g pro Tag<br data-start=\"1447\" data-end=\"1450\">Lagern und servieren Sie immer Konservierungswasser.<\/p>\n","protected":false},"excerpt":{"rendered":"<p>100 % nat\u00fcrliche Makrelenfilets voller B-Vitamine, Jod und Antioxidantien \u2013 ein Ozeanschub f\u00fcr Stoffwechsel, Haut, Fell und Vitalit\u00e4t.<\/p>\n","protected":false},"featured_media":10861,"comment_status":"open","ping_status":"closed","template":"","meta":[],"product_brand":[],"product_cat":[5115,5053,5310,5311,5064],"product_tag":[],"merken":[],"class_list":{"0":"post-10860","1":"product","2":"type-product","3":"status-publish","4":"has-post-thumbnail","6":"product_cat-ernahrung","7":"product_cat-hund","8":"product_cat-nassfutter","9":"product_cat-schnellimbisse","10":"product_cat-zoohandlung","11":"infinite-scroll-item","12":"sales-flash-overlay","13":"woocommerce-text-align-center","14":"woocommerce-image-align-center","15":"do-quantity-buttons","17":"first","18":"outofstock","19":"sold-individually","20":"taxable","21":"shipping-taxable","22":"purchasable","23":"product-type-simple"},"_links":{"self":[{"href":"https:\/\/www.ngdcare.nl\/de\/wp-json\/wp\/v2\/product\/10860","targetHints":{"allow":["GET"]}}],"collection":[{"href":"https:\/\/www.ngdcare.nl\/de\/wp-json\/wp\/v2\/product"}],"about":[{"href":"https:\/\/www.ngdcare.nl\/de\/wp-json\/wp\/v2\/types\/product"}],"replies":[{"embeddable":true,"href":"https:\/\/www.ngdcare.nl\/de\/wp-json\/wp\/v2\/comments?post=10860"}],"wp:featuredmedia":[{"embeddable":true,"href":"https:\/\/www.ngdcare.nl\/de\/wp-json\/wp\/v2\/media\/10861"}],"wp:attachment":[{"href":"https:\/\/www.ngdcare.nl\/de\/wp-json\/wp\/v2\/media?parent=10860"}],"wp:term":[{"taxonomy":"product_brand","embeddable":true,"href":"https:\/\/www.ngdcare.nl\/de\/wp-json\/wp\/v2\/product_brand?post=10860"},{"taxonomy":"product_cat","embeddable":true,"href":"https:\/\/www.ngdcare.nl\/de\/wp-json\/wp\/v2\/product_cat?post=10860"},{"taxonomy":"product_tag","embeddable":true,"href":"https:\/\/www.ngdcare.nl\/de\/wp-json\/wp\/v2\/product_tag?post=10860"},{"taxonomy":"merken","embeddable":true,"href":"https:\/\/www.ngdcare.nl\/de\/wp-json\/wp\/v2\/merken?post=10860"}],"curies":[{"name":"wp","href":"https:\/\/api.w.org\/{rel}","templated":true}]}}