{"id":11187,"date":"2025-11-26T22:11:04","date_gmt":"2025-11-26T21:11:04","guid":{"rendered":"https:\/\/www.ngdcare.nl\/product\/unkategorisiert\/beerenbluete\/"},"modified":"2025-11-26T22:11:04","modified_gmt":"2025-11-26T21:11:04","slug":"beerenbluete","status":"publish","type":"product","link":"https:\/\/www.ngdcare.nl\/de\/product\/veterinary-health\/anreicherung\/food-toppings\/beerenbluete\/","title":{"rendered":"Beerenbl\u00fcte"},"content":{"rendered":"<p data-start=\"2594\" data-end=\"2988\"><strong>Berry Blossom<\/strong> ist eine farb- und antioxidantienreiche Mischung aus <strong>gefriergetrockneter Cranberry,<\/strong> <strong>schwarzer Johannisbeere<\/strong> und <strong>essbaren Bl\u00fcten<\/strong>. Das Gefriertrocknen erh\u00e4lt nat\u00fcrliche Polyphenole, Farbstoffe und Vitamine optimal. Die Kombination aus dunklen Beeren und Bl\u00fcten sorgt f\u00fcr ein breites Spektrum an Pflanzenbestandteilen, das in eine Ern\u00e4hrung passt, mit besonderem Fokus auf die Unterst\u00fctzung von Antioxidantien.  <\/p>\n<p data-start=\"2990\" data-end=\"3358\">Diese Mischung hat einen frischen Geschmack und kann leicht zu Joghurt und Smoothies bei Menschen und Kindern sowie durch frisches Fleisch oder Konserven hinzugef\u00fcgt werden. Die nat\u00fcrlichen S\u00e4uren und Beerenpigmente machen sie zu einer attraktiven Erg\u00e4nzung f\u00fcr Menschen und Tiere, die eine fruchtige Note in ihrer Ern\u00e4hrung m\u00f6gen. Die Bl\u00fcten tragen zur Variation von Flavonoiden und Pflanzenfarbstoffen bei.  <\/p>\n<p data-start=\"3360\" data-end=\"3625\">Beerenbl\u00fcte ist ideal f\u00fcr den t\u00e4glichen Gebrauch, als farbenfrohe Erg\u00e4nzung zu einer Mahlzeit oder zur Bereicherung der Ern\u00e4hrung. Die milde Dosierung und der milde Geschmack machen es f\u00fcr alle Altersgruppen und Tierarten geeignet, sofern sie auf individuelle Bed\u00fcrfnisse zugeschnitten sind. <\/p>\n","protected":false},"excerpt":{"rendered":"<p data-start=\"5425\" data-end=\"5572\">Berry Blossom ist eine farbenfrohe Superfood-Mischung aus Cranberry, schwarzen Johannisbeeren und essbaren Bl\u00fcten f\u00fcr Antioxidantien, Polyphenole und einen frischen Fruchtgeschmack.<\/p>\n","protected":false},"featured_media":11188,"comment_status":"open","ping_status":"closed","template":"","meta":{"wds_primary_product_brand":0,"wds_primary_product_cat":0,"wds_primary_merken":0},"product_brand":[],"product_cat":[975,4769],"product_tag":[5857,5858,5862,5861,5859,5860,787],"merken":[],"class_list":{"0":"post-11187","1":"product","2":"type-product","3":"status-publish","4":"has-post-thumbnail","6":"product_cat-food-toppings","7":"product_cat-superfoods-de","8":"product_tag-antioxidantien","9":"product_tag-beeren","10":"product_tag-blutenmischung","11":"product_tag-polyphenole","12":"product_tag-preiselbeere","13":"product_tag-schwarze-johannisbeere","14":"product_tag-superfood-de","15":"infinite-scroll-item","16":"sales-flash-overlay","17":"woocommerce-text-align-center","18":"woocommerce-image-align-center","19":"do-quantity-buttons","21":"first","22":"instock","23":"taxable","24":"shipping-taxable","25":"purchasable","26":"product-type-simple"},"_links":{"self":[{"href":"https:\/\/www.ngdcare.nl\/de\/wp-json\/wp\/v2\/product\/11187","targetHints":{"allow":["GET"]}}],"collection":[{"href":"https:\/\/www.ngdcare.nl\/de\/wp-json\/wp\/v2\/product"}],"about":[{"href":"https:\/\/www.ngdcare.nl\/de\/wp-json\/wp\/v2\/types\/product"}],"replies":[{"embeddable":true,"href":"https:\/\/www.ngdcare.nl\/de\/wp-json\/wp\/v2\/comments?post=11187"}],"wp:featuredmedia":[{"embeddable":true,"href":"https:\/\/www.ngdcare.nl\/de\/wp-json\/wp\/v2\/media\/11188"}],"wp:attachment":[{"href":"https:\/\/www.ngdcare.nl\/de\/wp-json\/wp\/v2\/media?parent=11187"}],"wp:term":[{"taxonomy":"product_brand","embeddable":true,"href":"https:\/\/www.ngdcare.nl\/de\/wp-json\/wp\/v2\/product_brand?post=11187"},{"taxonomy":"product_cat","embeddable":true,"href":"https:\/\/www.ngdcare.nl\/de\/wp-json\/wp\/v2\/product_cat?post=11187"},{"taxonomy":"product_tag","embeddable":true,"href":"https:\/\/www.ngdcare.nl\/de\/wp-json\/wp\/v2\/product_tag?post=11187"},{"taxonomy":"merken","embeddable":true,"href":"https:\/\/www.ngdcare.nl\/de\/wp-json\/wp\/v2\/merken?post=11187"}],"curies":[{"name":"wp","href":"https:\/\/api.w.org\/{rel}","templated":true}]}}