{"id":11503,"date":"2025-11-27T19:11:21","date_gmt":"2025-11-27T18:11:21","guid":{"rendered":"https:\/\/www.ngdcare.nl\/product\/unkategorisiert\/promolife-single-mit-regulator\/"},"modified":"2025-11-27T19:11:21","modified_gmt":"2025-11-27T18:11:21","slug":"promolife-single-mit-regulator","status":"publish","type":"product","link":"https:\/\/www.ngdcare.nl\/de\/product\/zoohandlung\/hund\/promolife-single-mit-regulator\/","title":{"rendered":"Promolife Single mit Regulator"},"content":{"rendered":"<p><strong>Der Promolife Low Flow Oxygen Regulator<\/strong> wandelt Sauerstofftanks oder Konzentratoren in einen pr\u00e4zise steuerbaren, sauerstoffarmen Fluss um. Ideal f\u00fcr Anwendungen, bei denen eine kontrollierte Sauerstoffversorgung entscheidend ist, wie Ozontherapie, medizinische Anwendungen oder Wellness-Behandlungen. <\/p>\n<p>Mit 5 Kathetern<br \/>\n, 1 Spritze von 60 ml<br \/>\n, 1 Spritze von 200 ml<\/p>\n<p data-start=\"442\" data-end=\"472\"><strong data-start=\"442\" data-end=\"470\">Wichtige Merkmale:<\/strong><\/p>\n<ul>\n<li data-start=\"475\" data-end=\"610\"><strong data-start=\"475\" data-end=\"507\">Pr\u00e4ziser verstellbarer Durchfluss:<\/strong> von 1\/32 bis 4 Liter pro Minute, sodass Sie die Sauerstoffversorgung auf Ihre Anwendung feinjustieren k\u00f6nnen.<\/li>\n<li data-start=\"613\" data-end=\"747\"><strong data-start=\"613\" data-end=\"644\">Universelle Kompatibilit\u00e4t:<\/strong> geeignet f\u00fcr Standard-Sauerstofftanks mit CGA-540 (Industrie) oder CGA-870 (medizinisch) Anschl\u00fcssen.<\/li>\n<li data-start=\"750\" data-end=\"908\"><strong data-start=\"750\" data-end=\"778\">Langlebig und zuverl\u00e4ssig:<\/strong> hergestellt aus hochwertigen Materialien wie Messing und Edelstahl; Mechanisches Design, also keine Stromversorgung erforderlich.<\/li>\n<li data-start=\"911\" data-end=\"1046\"><strong data-start=\"911\" data-end=\"935\">Einfach zu bedienen:<\/strong> klare Druckanzeige und Einstellknopf f\u00fcr eine einfache und sichere Bedienung; einschlie\u00dflich Schl\u00e4uche und Anschl\u00fcsse.<\/li>\n<\/ul>\n<p data-start=\"1048\" data-end=\"1277\">Der Promolife-Regulator garantiert einen konstanten, sicheren Sauerstofffluss und bietet eine optimale Kontrolle, was ihn zu einem unverzichtbaren Werkzeug f\u00fcr Fachleute und Privatanwender macht, die pr\u00e4zisen Sauerstoff mit niedrigem Durchfluss ben\u00f6tigen.<\/p>\n","protected":false},"excerpt":{"rendered":"<p><strong>Der Promolife Low Flow Oxygen Regulator<\/strong> ist darauf ausgelegt, Hochdruck-Sauerstoffquellen (Tanks oder Konzentratoren) in einen pr\u00e4zise steuerbaren, sauerstoffarmen Fluss umzuwandeln. Es ist ideal f\u00fcr Anwendungen wie die Ozontherapie. <\/p>\n","protected":false},"featured_media":11498,"comment_status":"open","ping_status":"closed","template":"","meta":[],"product_brand":[],"product_cat":[5053,5045,5960,4719],"product_tag":[],"merken":[],"class_list":{"0":"post-11503","1":"product","2":"type-product","3":"status-publish","4":"has-post-thumbnail","6":"product_cat-hund","7":"product_cat-katze","8":"product_cat-naturliche-tierapotheke","9":"product_cat-ozon-produkte","10":"infinite-scroll-item","11":"sales-flash-overlay","12":"woocommerce-text-align-center","13":"woocommerce-image-align-center","14":"do-quantity-buttons","16":"first","17":"instock","18":"sold-individually","19":"taxable","20":"shipping-taxable","21":"purchasable","22":"product-type-simple"},"_links":{"self":[{"href":"https:\/\/www.ngdcare.nl\/de\/wp-json\/wp\/v2\/product\/11503","targetHints":{"allow":["GET"]}}],"collection":[{"href":"https:\/\/www.ngdcare.nl\/de\/wp-json\/wp\/v2\/product"}],"about":[{"href":"https:\/\/www.ngdcare.nl\/de\/wp-json\/wp\/v2\/types\/product"}],"replies":[{"embeddable":true,"href":"https:\/\/www.ngdcare.nl\/de\/wp-json\/wp\/v2\/comments?post=11503"}],"wp:featuredmedia":[{"embeddable":true,"href":"https:\/\/www.ngdcare.nl\/de\/wp-json\/wp\/v2\/media\/11498"}],"wp:attachment":[{"href":"https:\/\/www.ngdcare.nl\/de\/wp-json\/wp\/v2\/media?parent=11503"}],"wp:term":[{"taxonomy":"product_brand","embeddable":true,"href":"https:\/\/www.ngdcare.nl\/de\/wp-json\/wp\/v2\/product_brand?post=11503"},{"taxonomy":"product_cat","embeddable":true,"href":"https:\/\/www.ngdcare.nl\/de\/wp-json\/wp\/v2\/product_cat?post=11503"},{"taxonomy":"product_tag","embeddable":true,"href":"https:\/\/www.ngdcare.nl\/de\/wp-json\/wp\/v2\/product_tag?post=11503"},{"taxonomy":"merken","embeddable":true,"href":"https:\/\/www.ngdcare.nl\/de\/wp-json\/wp\/v2\/merken?post=11503"}],"curies":[{"name":"wp","href":"https:\/\/api.w.org\/{rel}","templated":true}]}}