{"id":11667,"date":"2025-11-29T12:19:33","date_gmt":"2025-11-29T11:19:33","guid":{"rendered":"https:\/\/www.ngdcare.nl\/product\/unkategorisiert\/liposomales-glutathion\/"},"modified":"2026-04-20T21:34:18","modified_gmt":"2026-04-20T19:34:18","slug":"liposomales-glutathion","status":"publish","type":"product","link":"https:\/\/www.ngdcare.nl\/de\/product\/veterinary-health\/orthomolekulare-nahrungserganzungsmittel\/liposomales-glutathion\/","title":{"rendered":"Liposomales Glutathion"},"content":{"rendered":"<p class=\"font-claude-response-body break-words whitespace-normal leading-[1.7]\">Liposomales Glutathion: Das Hauptantioxidant f\u00fcr Hunde, Katzen und Menschen<\/p>\n<p class=\"font-claude-response-body break-words whitespace-normal leading-[1.7]\">Glutathion ist das eigene Tripeptid des K\u00f6rpers, das in jeder Zelle vorhanden ist und eine zentrale Rolle bei der Entgiftung, dem Schutz und der Reparatur der Zellen spielt. Es neutralisiert freie Radikale, sch\u00fctzt DNA und Mitochondrien vor oxidativen Sch\u00e4den und ist unverzichtbar f\u00fcr die Leberentgiftung, insbesondere die Phase-II-Konjugation, bei der Toxine, Schwermetalle und Arzneimittelr\u00fcckst\u00e4nde mit wasserl\u00f6slichen Verbindungen zur Ausscheidung verbunden sind. <\/p>\n<p class=\"font-claude-response-body break-words whitespace-normal leading-[1.7]\">Chronisch reduzierte Glutathionspiegel sind eine h\u00e4ufige Folge von langfristigem Stress, Entz\u00fcndungen, Krankheiten, Medikamentenkonsum, Impfungen oder einer toxischen Belastung. Das sehen wir in der Praxis bei Tieren mit Allergien, Hautproblemen, Immunst\u00f6rungen, kognitivem Abbau und verz\u00f6gerter Genesung. <\/p>\n<p class=\"font-claude-response-body break-words whitespace-normal leading-[1.7]\">Warum liposomal? Oral aufgenommenes Glutathion wird im Magen-Darm-Trakt teilweise abgebaut, bevor es die Zelle erreicht. Die liposomale Formulierung mit hochwertigem Phosphatidylcholin als Tr\u00e4ger sch\u00fctzt das reduzierte Glutathion (GSH) vor dem Abbau und verbessert die Zellaufnahme erheblich. Dieses Produkt enth\u00e4lt 150 mg reduziertes GSH pro Dosis.  <\/p>\n<p class=\"font-claude-response-body break-words whitespace-normal leading-[1.7]\">Bei Hunden und Katzen ist Glutathion relevant f\u00fcr die Leberunterst\u00fctzung und Entgiftung bei toxischer Belastung oder Medikamenteneinnahme, bei chronischen Allergien und atopischen Hauterkrankungen, bei der Immunerholung nach Infektionen oder langfristiger Anwendung von Antibiotika, bei der Genesung nach An\u00e4sthesie oder Impfungen sowie bei der kognitiven Unterst\u00fctzung \u00e4lterer Tiere mit Anzeichen von kognitiver Dysfunktion bei Hunden.<\/p>\n<p class=\"font-claude-response-body break-words whitespace-normal leading-[1.7]\">Glutathion integriert sich nahtlos mit anderen NGD Care-Produkten wie <a href=\"https:\/\/www.ngdcare.nl\/de\/product\/naturliche-tierapotheke\/allgemeine-vitalitat\/unterstuetzung-der-liposomalen-langlebigkeit\/\">dem Longevity Complex<\/a> (NAD+\/resveratrol\/ergothionein), <a href=\"https:\/\/www.ngdcare.nl\/de\/product\/naturliche-tierapotheke\/liposomal-de\/liposomaler-pea-komplex\/\">PEA Complex<\/a>, <a href=\"https:\/\/www.ngdcare.nl\/de\/product\/naturliche-tierapotheke\/liposomal-de\/liposomales-lactoferrin\/\">Lactoferrin<\/a> und <a href=\"https:\/\/www.ngdcare.nl\/de\/product\/naturliche-tierapotheke\/allgemeine-vitalitat\/myko-immun-komplex\/\">Myco Immune Complex<\/a> als Teil des <a href=\"https:\/\/www.ngdcare.nl\/de\/product\/protokolle\/altersprotokoll\/\">Alterungsprotokolls<\/a>.<\/p>\n<p class=\"font-claude-response-body break-words whitespace-normal leading-[1.7]\">M\u00f6chten Sie mehr dar\u00fcber lesen, wie es funktioniert, die Literatur und den klinischen Hintergrund? Lesen Sie dann den ausf\u00fchrlichen Hintergrundbeitrag: Glutathion bei Hunden und Katzen: das Hauptantioxidant erkl\u00e4rt [Link zur Blogseite]. <\/p>\n","protected":false},"excerpt":{"rendered":"<p data-start=\"719\" data-end=\"1021\">NGD Care Liposomal Glutathion enth\u00e4lt 150 mg reduziertes Glutathion (GSH) in einem hochwertigen, einzigartigen Lipodry-Liposom. Diese liposomale Form unterst\u00fctzt eine optimale Aufnahme und ist f\u00fcr Tiere (Hund\/Katze) geeignet. Ideal f\u00fcr Entgiftung, Leberunterst\u00fctzung, oxidativen Stress und Erholung.  <\/p>\n","protected":false},"featured_media":17637,"comment_status":"open","ping_status":"closed","template":"","meta":{"wds_primary_product_brand":0,"wds_primary_product_cat":0,"wds_primary_merken":0},"product_brand":[],"product_cat":[537],"product_tag":[593,595,6078,6089,933,6087,935,6080,724,6084,1706,6082,6088],"merken":[],"class_list":{"0":"post-11667","1":"product","2":"type-product","3":"status-publish","4":"has-post-thumbnail","6":"product_cat-orthomolekulare-nahrungserganzungsmittel","7":"product_tag-antioxidans","8":"product_tag-detox-de","9":"product_tag-glutathion","10":"product_tag-gsh","11":"product_tag-hund","12":"product_tag-immun","13":"product_tag-katze","14":"product_tag-leber","15":"product_tag-liposomal-de","16":"product_tag-mitochondrien-2","17":"product_tag-ngd-pflege","18":"product_tag-oxidativer-stress-2","19":"product_tag-person","20":"infinite-scroll-item","21":"sales-flash-overlay","22":"woocommerce-text-align-center","23":"woocommerce-image-align-center","24":"do-quantity-buttons","26":"first","27":"instock","28":"taxable","29":"shipping-taxable","30":"purchasable","31":"product-type-simple"},"_links":{"self":[{"href":"https:\/\/www.ngdcare.nl\/de\/wp-json\/wp\/v2\/product\/11667","targetHints":{"allow":["GET"]}}],"collection":[{"href":"https:\/\/www.ngdcare.nl\/de\/wp-json\/wp\/v2\/product"}],"about":[{"href":"https:\/\/www.ngdcare.nl\/de\/wp-json\/wp\/v2\/types\/product"}],"replies":[{"embeddable":true,"href":"https:\/\/www.ngdcare.nl\/de\/wp-json\/wp\/v2\/comments?post=11667"}],"wp:featuredmedia":[{"embeddable":true,"href":"https:\/\/www.ngdcare.nl\/de\/wp-json\/wp\/v2\/media\/17637"}],"wp:attachment":[{"href":"https:\/\/www.ngdcare.nl\/de\/wp-json\/wp\/v2\/media?parent=11667"}],"wp:term":[{"taxonomy":"product_brand","embeddable":true,"href":"https:\/\/www.ngdcare.nl\/de\/wp-json\/wp\/v2\/product_brand?post=11667"},{"taxonomy":"product_cat","embeddable":true,"href":"https:\/\/www.ngdcare.nl\/de\/wp-json\/wp\/v2\/product_cat?post=11667"},{"taxonomy":"product_tag","embeddable":true,"href":"https:\/\/www.ngdcare.nl\/de\/wp-json\/wp\/v2\/product_tag?post=11667"},{"taxonomy":"merken","embeddable":true,"href":"https:\/\/www.ngdcare.nl\/de\/wp-json\/wp\/v2\/merken?post=11667"}],"curies":[{"name":"wp","href":"https:\/\/api.w.org\/{rel}","templated":true}]}}