{"id":11710,"date":"2025-11-29T12:42:47","date_gmt":"2025-11-29T11:42:47","guid":{"rendered":"https:\/\/www.ngdcare.nl\/product\/unkategorisiert\/liposomales-koenzym-q10\/"},"modified":"2026-04-19T22:04:33","modified_gmt":"2026-04-19T20:04:33","slug":"liposomales-koenzym-q10","status":"publish","type":"product","link":"https:\/\/www.ngdcare.nl\/de\/product\/orthomolekulare-nahrungserganzungsmittel\/liposomales-koenzym-q10\/","title":{"rendered":"Liposomales Koenzym Q10"},"content":{"rendered":"<div class=\"group\/line flex border-l-[3px] border-l-transparent\" data-diff-type=\"normal\" data-diff-line=\"1\">\n<div>\n<div class=\"standard-markdown grid-cols-1 grid [&amp;_&gt;_*]:min-w-0 gap-3\">\n<p class=\"font-claude-response-body break-words whitespace-normal leading-[1.7]\"><span style=\"font-size: inherit;\"><strong>NGD Care Coenzym Q10<\/strong> ist f\u00fcr die Produktion von ATP, der Energie jeder Zelle, unverzichtbar. Organe mit hohem Energiebedarf, wie Herz, Gehirn, Leber und Muskeln, sind relativ stark von der ausreichenden Q10-Verf\u00fcgbarkeit abh\u00e4ngig. Mit dem Alter nimmt die endogene Produktion ab. Langfristiger Medikamentenkonsum (wie Statine, NSAIDs oder Prednison), chronische Erkrankungen, intensive Bet\u00e4tigung und eine toxische Belastung k\u00f6nnen ebenfalls den Q10-Wert senken.   <\/span><\/p>\n<\/div>\n<\/div>\n<div>\n<div class=\"standard-markdown grid-cols-1 grid [&amp;_&gt;_*]:min-w-0 gap-3\">\n<p class=\"font-claude-response-body break-words whitespace-normal leading-[1.7]\">NGD Care w\u00e4hlt bewusst Ubichinon: die stabile Vorstufe des Coenzyms Q10. Ubiquinol ist die aktive intrazellul\u00e4re Form, aber es ist chemisch weniger stabil und anf\u00e4lliger f\u00fcr Oxidation im Pr\u00e4parat selbst. Ubiquinon wird in der Zelle \u00fcber physiologische Kofaktoren, darunter NAD+ und Glutathion, zu Ubiquinol umgewandelt. Die Zelle reguliert diese Umwandlung selbst.   <\/p>\n<\/div>\n<\/div>\n<div>\n<div class=\"standard-markdown grid-cols-1 grid [&amp;_&gt;_*]:min-w-0 gap-3\">\n<p class=\"font-claude-response-body break-words whitespace-normal leading-[1.7]\">Aufgrund der liposomalen Formulierung ist die Aufnahme deutlich besser als bei herk\u00f6mmlichen Q10-Pr\u00e4paraten. Forschungsdaten deuten auf bis zu 8\u00d7 h\u00f6here Bioverf\u00fcgbarkeit im Vergleich zu Standard-Ubichinon hin. Die Fettklumpen sch\u00fctzen den Wirkstoff vor Abbau im Magen-Darm-Trakt und unterst\u00fctzen gleichzeitig die Zellmembranstruktur.  <\/p>\n<\/div>\n<\/div>\n<div>\n<div class=\"standard-markdown grid-cols-1 grid [&amp;_&gt;_*]:min-w-0 gap-3\">\n<p class=\"font-claude-response-body break-words whitespace-normal leading-[1.7]\">Bei Hunden wurde Q10 am meisten im Zusammenhang mit der Herzunterst\u00fctzung untersucht. Das Myokard hat eine der h\u00f6chsten mitochondrialen Dichten aller Organe und ist daher stark von der ausreichenden Q10-Verf\u00fcgbarkeit abh\u00e4ngig. Koenzym Q10 wird bei Hunden mit Herzger\u00e4uschen oder beginnenden Mitralklappenproblemen (MVD) als Erg\u00e4nzung zur veterin\u00e4rmedizinischen Behandlung eingesetzt, aber auch bei \u00e4lteren Tieren mit Energieverlust, bei der Erholung nach An\u00e4sthesie oder langfristiger Medikamenteneinnahme, bei der Muskelregeneration aktiver oder arbeitender Hunde sowie bei neurologischen und Leberst\u00fctzpunkten bei chronischen Erkrankungen.  <\/p>\n<p>Coenzym Q10 ist Teil unseres <a href=\"https:\/\/www.ngdcare.nl\/product\/natuurdierenapotheek-2\/protocollen-dier\/ouderdoms-protocol\/\">Alterungsprotokolls<\/a> und funktioniert gut synergistisch mit <a href=\"https:\/\/www.ngdcare.nl\/product\/natuurdierenapotheek\/algemene-vitaliteit\/liposomal-longevity-support\/\">Langlebigkeitsf\u00f6rderung<\/a> (NAD+) und <a href=\"https:\/\/www.ngdcare.nl\/product\/natuurdierenapotheek-2\/supplementen-dier\/liposomal-glutathion\/\">Glutathion<\/a>.<\/p>\n<\/div>\n<\/div>\n<div>\n<div class=\"standard-markdown grid-cols-1 grid [&amp;_&gt;_*]:min-w-0 gap-3\">\n<p class=\"font-claude-response-body break-words whitespace-normal leading-[1.7]\">M\u00f6chten Sie mehr dar\u00fcber lesen, wie es funktioniert, die Literatur und den klinischen Hintergrund? Dann lesen Sie den umfangreichen Blog: <a href=\"https:\/\/www.ngdcare.nl\/blog\/co-enzym-q10-bij-hond-en-kat\/\">Coenzym Q10 bei Hunden und Katzen.<\/a> <\/p>\n<\/div>\n<\/div>\n<\/div>\n","protected":false},"excerpt":{"rendered":"<p>NGD Care Coenzyme Q10 enth\u00e4lt 160 mg liposomales Ubiquinon und hat eine maximale Aufnahme. Unverzichtbar f\u00fcr die Energieproduktion, Herzgesundheit, Mitochondrien und Erholung.<\/p>\n","protected":false},"featured_media":17622,"comment_status":"open","ping_status":"closed","template":"","meta":[],"product_brand":[],"product_cat":[537],"product_tag":[1075,593,6165,612,6166,933,935,724,6084,1706,6088,6175],"merken":[],"class_list":{"0":"post-11710","1":"product","2":"type-product","3":"status-publish","4":"has-post-thumbnail","6":"product_cat-orthomolekulare-nahrungserganzungsmittel","7":"product_tag-altern","8":"product_tag-antioxidans","9":"product_tag-coq10","10":"product_tag-energie-de","11":"product_tag-herz","12":"product_tag-hund","13":"product_tag-katze","14":"product_tag-liposomal-de","15":"product_tag-mitochondrien-2","16":"product_tag-ngd-pflege","17":"product_tag-person","18":"product_tag-ubiquinon","19":"infinite-scroll-item","20":"sales-flash-overlay","21":"woocommerce-text-align-center","22":"woocommerce-image-align-center","23":"do-quantity-buttons","25":"first","26":"instock","27":"taxable","28":"shipping-taxable","29":"purchasable","30":"product-type-simple"},"_links":{"self":[{"href":"https:\/\/www.ngdcare.nl\/de\/wp-json\/wp\/v2\/product\/11710","targetHints":{"allow":["GET"]}}],"collection":[{"href":"https:\/\/www.ngdcare.nl\/de\/wp-json\/wp\/v2\/product"}],"about":[{"href":"https:\/\/www.ngdcare.nl\/de\/wp-json\/wp\/v2\/types\/product"}],"replies":[{"embeddable":true,"href":"https:\/\/www.ngdcare.nl\/de\/wp-json\/wp\/v2\/comments?post=11710"}],"wp:featuredmedia":[{"embeddable":true,"href":"https:\/\/www.ngdcare.nl\/de\/wp-json\/wp\/v2\/media\/17622"}],"wp:attachment":[{"href":"https:\/\/www.ngdcare.nl\/de\/wp-json\/wp\/v2\/media?parent=11710"}],"wp:term":[{"taxonomy":"product_brand","embeddable":true,"href":"https:\/\/www.ngdcare.nl\/de\/wp-json\/wp\/v2\/product_brand?post=11710"},{"taxonomy":"product_cat","embeddable":true,"href":"https:\/\/www.ngdcare.nl\/de\/wp-json\/wp\/v2\/product_cat?post=11710"},{"taxonomy":"product_tag","embeddable":true,"href":"https:\/\/www.ngdcare.nl\/de\/wp-json\/wp\/v2\/product_tag?post=11710"},{"taxonomy":"merken","embeddable":true,"href":"https:\/\/www.ngdcare.nl\/de\/wp-json\/wp\/v2\/merken?post=11710"}],"curies":[{"name":"wp","href":"https:\/\/api.w.org\/{rel}","templated":true}]}}