{"id":11760,"date":"2025-11-17T10:52:41","date_gmt":"2025-11-17T09:52:41","guid":{"rendered":"https:\/\/www.ngdcare.nl\/product\/unkategorisiert\/liposomale-entspannungsunterstuetzung\/"},"modified":"2025-11-17T10:52:41","modified_gmt":"2025-11-17T09:52:41","slug":"liposomale-entspannungsunterstuetzung","status":"publish","type":"product","link":"https:\/\/www.ngdcare.nl\/de\/product\/human-health\/nahrungserganzungsmittel\/liposomale-entspannungsunterstuetzung\/","title":{"rendered":"Liposomale Entspannungsunterst\u00fctzung"},"content":{"rendered":"<p data-start=\"901\" data-end=\"1066\"><strong>Relax Support<\/strong> wurde f\u00fcr Menschen entwickelt, die unter Stress, Reizempfindlichkeit, Anspannung, mentaler \u00dcberlastung oder Schwierigkeiten beim Einschlafen leiden. Die Formel enth\u00e4lt vier synergistische Inhaltsstoffe: <strong>Magnesiumbisglycinat, L-Theanin, L-Tryptophan <\/strong>und<strong> Vitamin B6<\/strong>. <\/p>\n<p data-start=\"901\" data-end=\"1066\">Magnesiumbisglycinat ist eine hochresorbierbare Form, die das Nervensystem n\u00e4hrt, den Muskeltonus senkt und mehr als 300 Enzymprozesse unterst\u00fctzt, einschlie\u00dflich Stressregulation.<\/p>\n<p data-start=\"901\" data-end=\"1066\">L-Theanin f\u00f6rdert Alphawellen im Gehirn, was Entspannung ohne Schl\u00e4frigkeit und einen ruhigeren Gedankenstrom bietet.<\/p>\n<p data-start=\"901\" data-end=\"1066\">L-Tryptophan ist der nat\u00fcrliche Vorl\u00e4ufer von Serotonin und Melatonin und unterst\u00fctzt die Stimmung, Ruhe und Schlafqualit\u00e4t.<\/p>\n<p data-start=\"901\" data-end=\"1066\">Vitamin B6 hilft bei der Umwandlung von Tryptophan in Serotonin und tr\u00e4gt zu einem ausgewogenen Neurotransmitter-Gleichgewicht bei.<\/p>\n<p data-start=\"901\" data-end=\"1066\">Diese Formel wirkt sowohl tags\u00fcber (Ruhe, Konzentration, weniger Stressreaktivit\u00e4t) als auch abends (besserer Schlaf und Schlaf). Relax Support ist mild, f\u00fcr den t\u00e4glichen Gebrauch sicher und kann gut mit Adaptogenen, NAC, Magnesium und Darmunterst\u00fctzern in integrativen Signalwegen kombiniert werden, die auf die Regulation der Stressachse, das Gleichgewicht von HPA\/HPT sowie die Darm-Hirn-Achse abzielen. <\/p>\n","protected":false},"excerpt":{"rendered":"<p>Relax Support kombiniert Magnesiumbisglycinat, L-Theanin, L-Tryptophan und Vitamin B6, um Entspannung, Stressgleichgewicht, Stimulusverarbeitung und Schlafqualit\u00e4t zu unterst\u00fctzen.<\/p>\n","protected":false},"featured_media":11745,"comment_status":"open","ping_status":"closed","template":"","meta":{"wds_primary_product_brand":0,"wds_primary_product_cat":0,"wds_primary_merken":0},"product_brand":[],"product_cat":[5318],"product_tag":[826,829,6010,6023,6021,724,6014,1209,1706,6020,962,6022,6012,888,6016,6018],"merken":[2756],"class_list":{"0":"post-11760","1":"product","2":"type-product","3":"status-publish","4":"has-post-thumbnail","6":"product_cat-nahrungserganzungsmittel","7":"product_tag-b6-de","8":"product_tag-benehmen","9":"product_tag-entspannungshund","10":"product_tag-kofaktor-neurotransmitter","11":"product_tag-kofaktor-serotonin","12":"product_tag-liposomal-de","13":"product_tag-magnesiumbisglycinat","14":"product_tag-nervensystem","15":"product_tag-ngd-pflege","16":"product_tag-p-5-p","17":"product_tag-ruhepause","18":"product_tag-schlafen-2","19":"product_tag-schlafhilfe","20":"product_tag-stress-de","21":"product_tag-theanin","22":"product_tag-tryptophan","23":"merken-ngdcare","24":"infinite-scroll-item","25":"sales-flash-overlay","26":"woocommerce-text-align-center","27":"woocommerce-image-align-center","28":"do-quantity-buttons","30":"first","31":"instock","32":"taxable","33":"shipping-taxable","34":"purchasable","35":"product-type-simple"},"_links":{"self":[{"href":"https:\/\/www.ngdcare.nl\/de\/wp-json\/wp\/v2\/product\/11760","targetHints":{"allow":["GET"]}}],"collection":[{"href":"https:\/\/www.ngdcare.nl\/de\/wp-json\/wp\/v2\/product"}],"about":[{"href":"https:\/\/www.ngdcare.nl\/de\/wp-json\/wp\/v2\/types\/product"}],"replies":[{"embeddable":true,"href":"https:\/\/www.ngdcare.nl\/de\/wp-json\/wp\/v2\/comments?post=11760"}],"wp:featuredmedia":[{"embeddable":true,"href":"https:\/\/www.ngdcare.nl\/de\/wp-json\/wp\/v2\/media\/11745"}],"wp:attachment":[{"href":"https:\/\/www.ngdcare.nl\/de\/wp-json\/wp\/v2\/media?parent=11760"}],"wp:term":[{"taxonomy":"product_brand","embeddable":true,"href":"https:\/\/www.ngdcare.nl\/de\/wp-json\/wp\/v2\/product_brand?post=11760"},{"taxonomy":"product_cat","embeddable":true,"href":"https:\/\/www.ngdcare.nl\/de\/wp-json\/wp\/v2\/product_cat?post=11760"},{"taxonomy":"product_tag","embeddable":true,"href":"https:\/\/www.ngdcare.nl\/de\/wp-json\/wp\/v2\/product_tag?post=11760"},{"taxonomy":"merken","embeddable":true,"href":"https:\/\/www.ngdcare.nl\/de\/wp-json\/wp\/v2\/merken?post=11760"}],"curies":[{"name":"wp","href":"https:\/\/api.w.org\/{rel}","templated":true}]}}