{"id":12396,"date":"2026-01-22T21:30:45","date_gmt":"2026-01-22T20:30:45","guid":{"rendered":"https:\/\/www.ngdcare.nl\/product\/unkategorisiert\/microbe-guard-intern\/"},"modified":"2026-01-26T21:52:40","modified_gmt":"2026-01-26T20:52:40","slug":"microbe-guard-intern","status":"publish","type":"product","link":"https:\/\/www.ngdcare.nl\/de\/product\/veterinary-health\/aromatherapie-de\/microbe-guard-intern\/","title":{"rendered":"Microbe Guard \u2013 Intern"},"content":{"rendered":"<p class=\"p1\">Bei anhaltender oder erh\u00f6hter mikrobieller Last kann zus\u00e4tzliche Unterst\u00fctzung erforderlich sein. <strong>Microbe Guard \u2013 Internal<\/strong> wurde als <span class=\"s1\"><b>kompakte, gezielte \u00d6lmischung<\/b><\/span> entwickelt, die systematisch durch orale Verabreichung verf\u00fcgbar wird.<\/p>\n<p class=\"p1\">Die ausgew\u00e4hlten \u00e4therischen \u00d6le enthalten bioaktive Pflanzenverbindungen, die f\u00fcr ihren Einfluss auf bakterielle Membranen, Biofilme und die mikrobielle Umwelt bekannt sind. Aufgrund der begrenzten Zusammensetzung (nur drei \u00d6le) bleibt die Formel \u00fcbersichtlich und besser ertr\u00e4glich als breitere Mischungen, w\u00e4hrend sie die systemische Wirkung beibeh\u00e4lt. <\/p>\n<p class=\"p3\"><b>Die \u00d6le in dieser Formel:<\/b><b><\/b><\/p>\n<ul>\n<li class=\"p1\"><span class=\"s1\"><b>Oregano<\/b><\/span> enth\u00e4lt Carvacrol, das f\u00fcr seine F\u00e4higkeit bekannt ist, bakterielle und Hefemembranen zu st\u00f6ren und Mikroorganismen anf\u00e4llig zu machen.<\/li>\n<li class=\"p1\"><span class=\"s1\"><b>Thymian<\/b><\/span> unterst\u00fctzt die intrazellul\u00e4re Zug\u00e4nglichkeit anderer Substanzen und wirkt synergetisch mit Oregano.<\/li>\n<li class=\"p1\"><span class=\"s1\"><b>Zitrone<\/b><\/span> hat eine milde antimikrobielle Wirkung und unterst\u00fctzt die Leber- und Gallefunktion, was zu einer besseren Toleranz und Verarbeitung der Mischung beitr\u00e4gt.<\/li>\n<\/ul>\n<p class=\"p1\">Microbe Guard \u2013 Internal ist f\u00fcr <span class=\"s1\"><b>eine vor\u00fcbergehende Anwendung von bis zu einer Woche gefolgt von einer Woche<\/b><\/span> Ruhe gedacht, stets zus\u00e4tzlich zu anderen Unterst\u00fctzungsformen wie <a href=\"https:\/\/www.ngdcare.nl\/it\/product\/digestione\/nac-berberina-para-clean\/\">NAC\/Berberin<\/a>, <a href=\"https:\/\/www.ngdcare.nl\/it\/product\/farmacia-per-animali-naturali\/liposomiale\/lattoferrina-liposomale-lattoferrina-liposomiale\/\">Lactoferrin<\/a>, <a href=\"https:\/\/www.ngdcare.nl\/it\/product\/farmacia-per-animali-naturali\/liposomiale\/mix-di-funghi-liposomiali-1-complesso-mico-immunitario-liposomiale\/\">medizinischen Pilzen<\/a> und mikrobiom-gezielten Interventionen wie dem <a href=\"https:\/\/www.ngdcare.nl\/it\/product\/digestione\/protocollo-intestinale\/\">Darmprotokoll<\/a>. Das Produkt ist <strong>nicht f\u00fcr den langfristigen t\u00e4glichen Gebrauch gedacht.<\/strong><\/p>\n<p><b>Was bewirkt Microbe Guard \u2013 Orale Formel?<\/b><\/p>\n<ul>\n<li class=\"p1\">Unterst\u00fctzt den K\u00f6rper im Falle eines mikrobiellen Ungleichgewichts<\/li>\n<li class=\"p1\">Tr\u00e4gt zur St\u00f6rung der bakteriellen und Hefemembranen bei<\/li>\n<li class=\"p1\">Unterst\u00fctzt systematisch die mikrobielle Umwelt<\/li>\n<li class=\"p1\">Kann als tempor\u00e4re zus\u00e4tzliche Unterst\u00fctzung genutzt werden<\/li>\n<li class=\"p1\">Wirkt synergetisch mit NAC\/Berberin, Laktoferrin und Pilzen<\/li>\n<\/ul>\n","protected":false},"excerpt":{"rendered":"<p class=\"p1\"><strong>Microbe Guard \u2013 Internal<\/strong> ist eine sorgf\u00e4ltig formulierte \u00e4therische \u00d6lmischung f\u00fcr den oralen Einnehmen, die <span class=\"s1\"><b>systemische Unterst\u00fctzung <\/b>f\u00fcr mikrobielles Ungleichgewicht bietet<\/span>. Die Kombination aus Oregano, Thymian und Zitrone wurde f\u00fcr <span class=\"s1\"><strong>eine gezielte, kurzfristige<\/strong> Anwendung<\/span> als Erg\u00e4nzung zu bestehenden Nahrungserg\u00e4nzungsmitteln und Protokollen entwickelt. <\/p>\n","protected":false},"featured_media":12398,"comment_status":"open","ping_status":"closed","template":"","meta":{"wds_primary_product_brand":0,"wds_primary_product_cat":0,"wds_primary_merken":0},"product_brand":[],"product_cat":[668,6365],"product_tag":[6367,6375,6369,1706,6371,6373],"merken":[],"class_list":{"0":"post-12396","1":"product","2":"type-product","3":"status-publish","4":"has-post-thumbnail","6":"product_cat-aromatherapie-de","7":"product_cat-atherische-ole","8":"product_tag-atherisches-ol","9":"product_tag-integrative-therapie","10":"product_tag-mikroben-unterstutzung","11":"product_tag-ngd-pflege","12":"product_tag-oreganool","13":"product_tag-systemische-unterstutzung","14":"infinite-scroll-item","15":"sales-flash-overlay","16":"woocommerce-text-align-center","17":"woocommerce-image-align-center","18":"do-quantity-buttons","20":"first","21":"instock","22":"taxable","23":"shipping-taxable","24":"purchasable","25":"product-type-simple"},"_links":{"self":[{"href":"https:\/\/www.ngdcare.nl\/de\/wp-json\/wp\/v2\/product\/12396","targetHints":{"allow":["GET"]}}],"collection":[{"href":"https:\/\/www.ngdcare.nl\/de\/wp-json\/wp\/v2\/product"}],"about":[{"href":"https:\/\/www.ngdcare.nl\/de\/wp-json\/wp\/v2\/types\/product"}],"replies":[{"embeddable":true,"href":"https:\/\/www.ngdcare.nl\/de\/wp-json\/wp\/v2\/comments?post=12396"}],"wp:featuredmedia":[{"embeddable":true,"href":"https:\/\/www.ngdcare.nl\/de\/wp-json\/wp\/v2\/media\/12398"}],"wp:attachment":[{"href":"https:\/\/www.ngdcare.nl\/de\/wp-json\/wp\/v2\/media?parent=12396"}],"wp:term":[{"taxonomy":"product_brand","embeddable":true,"href":"https:\/\/www.ngdcare.nl\/de\/wp-json\/wp\/v2\/product_brand?post=12396"},{"taxonomy":"product_cat","embeddable":true,"href":"https:\/\/www.ngdcare.nl\/de\/wp-json\/wp\/v2\/product_cat?post=12396"},{"taxonomy":"product_tag","embeddable":true,"href":"https:\/\/www.ngdcare.nl\/de\/wp-json\/wp\/v2\/product_tag?post=12396"},{"taxonomy":"merken","embeddable":true,"href":"https:\/\/www.ngdcare.nl\/de\/wp-json\/wp\/v2\/merken?post=12396"}],"curies":[{"name":"wp","href":"https:\/\/api.w.org\/{rel}","templated":true}]}}