{"id":12429,"date":"2026-01-22T21:43:11","date_gmt":"2026-01-22T20:43:11","guid":{"rendered":"https:\/\/www.ngdcare.nl\/product\/unkategorisiert\/microbe-guard-diffusor\/"},"modified":"2026-01-26T21:51:26","modified_gmt":"2026-01-26T20:51:26","slug":"microbe-guard-diffusor","status":"publish","type":"product","link":"https:\/\/www.ngdcare.nl\/de\/product\/atherische-ole\/microbe-guard-diffusor\/","title":{"rendered":"Microbe Guard \u2013 Diffusor"},"content":{"rendered":"<p class=\"p3\"><strong>Microbe Guard \u2013 Diffusor<\/strong> wurde als <span class=\"s2\"><b>vielseitige \u00d6lmischung entwickelt,<\/b><\/span> um die Haut und die Atemwege zu unterst\u00fctzen, ohne Leber und Verdauungssystem zu belasten.<\/p>\n<p><b>Wirkmechanismus und Zusammensetzung<\/b><\/p>\n<p>Fl\u00fcchtige Verbindungen werden durch die Lunge durch Atmung aufgenommen, w\u00e4hrend die topische Anwendung auf Haut- und Lymphniveau Unterst\u00fctzung bietet. Die Kombination aus phenolreichen und milderen \u00d6len beeinflusst indirekt Biofilme, Membranen und das mikrobielle Umfeld. <\/p>\n<ul>\n<li class=\"p1\"><span class=\"s1\"><b>Oregano<\/b><\/span> unterst\u00fctzt das mikrobielle Gleichgewicht durch Membranst\u00f6rung.<\/li>\n<li class=\"p1\"><span class=\"s1\"><b>Thymian-CT. thymol <\/b><\/span>  tr\u00e4gt zur Destabilisierung von Biofilmen bei.<\/li>\n<li class=\"p1\"><span class=\"s1\"><b>Zimtrinde<\/b><\/span> beeinflusst die Enzyme und Energiesysteme von Mikroorganismen.<\/li>\n<li class=\"p1\"><span class=\"s1\"><b>Nelken<\/b><\/span> unterst\u00fctzen Hefen, Pilze und Biofilmstrukturen.<\/li>\n<li class=\"p1\"><span class=\"s1\"><b>Manuka<\/b><\/span> hat eine beruhigende und balancierende Wirkung.<\/li>\n<li class=\"p1\"><span class=\"s1\"><b>Ravintsara<\/b><\/span> unterst\u00fctzt haupts\u00e4chlich die Viruslast und die Atemwege.<\/li>\n<\/ul>\n<p><b>Hinweise<\/b><\/p>\n<ul>\n<li class=\"p1\">Unterst\u00fctzung des mikrobiellen und viralen Drucks<\/li>\n<li class=\"p1\">Addition innerhalb integrativer Trajektorien<\/li>\n<li class=\"p1\">Umweltunterst\u00fctzung mittels Diffusor<\/li>\n<\/ul>\n","protected":false},"excerpt":{"rendered":"<p class=\"p1\"><strong>Microbe Guard Diffuser<\/strong> wurde als <span class=\"s1\">vielseitige \u00e4therische \u00d6lmischung<\/span> f\u00fcr Haut- und Atemwegsunterst\u00fctzung entwickelt, ohne Leber und Verdauungssystem zu belasten. Das macht sie auch f\u00fcr Katzen und empfindliche Tiere geeignet. <\/p>\n","protected":false},"featured_media":12430,"comment_status":"open","ping_status":"closed","template":"","meta":[],"product_brand":[],"product_cat":[6365,668],"product_tag":[6445,6367,1019,6443,6375,6369,1706,6444],"merken":[],"class_list":{"0":"post-12429","1":"product","2":"type-product","3":"status-publish","4":"has-post-thumbnail","6":"product_cat-atherische-ole","7":"product_cat-aromatherapie-de","8":"product_tag-antimikrobielles-ol","9":"product_tag-atherisches-ol","10":"product_tag-biofilm-de","11":"product_tag-diffusorol","12":"product_tag-integrative-therapie","13":"product_tag-mikroben-unterstutzung","14":"product_tag-ngd-pflege","15":"product_tag-topisches-atherisches-ol","16":"infinite-scroll-item","17":"sales-flash-overlay","18":"woocommerce-text-align-center","19":"woocommerce-image-align-center","20":"do-quantity-buttons","22":"first","23":"instock","24":"taxable","25":"shipping-taxable","26":"purchasable","27":"product-type-simple"},"_links":{"self":[{"href":"https:\/\/www.ngdcare.nl\/de\/wp-json\/wp\/v2\/product\/12429","targetHints":{"allow":["GET"]}}],"collection":[{"href":"https:\/\/www.ngdcare.nl\/de\/wp-json\/wp\/v2\/product"}],"about":[{"href":"https:\/\/www.ngdcare.nl\/de\/wp-json\/wp\/v2\/types\/product"}],"replies":[{"embeddable":true,"href":"https:\/\/www.ngdcare.nl\/de\/wp-json\/wp\/v2\/comments?post=12429"}],"wp:featuredmedia":[{"embeddable":true,"href":"https:\/\/www.ngdcare.nl\/de\/wp-json\/wp\/v2\/media\/12430"}],"wp:attachment":[{"href":"https:\/\/www.ngdcare.nl\/de\/wp-json\/wp\/v2\/media?parent=12429"}],"wp:term":[{"taxonomy":"product_brand","embeddable":true,"href":"https:\/\/www.ngdcare.nl\/de\/wp-json\/wp\/v2\/product_brand?post=12429"},{"taxonomy":"product_cat","embeddable":true,"href":"https:\/\/www.ngdcare.nl\/de\/wp-json\/wp\/v2\/product_cat?post=12429"},{"taxonomy":"product_tag","embeddable":true,"href":"https:\/\/www.ngdcare.nl\/de\/wp-json\/wp\/v2\/product_tag?post=12429"},{"taxonomy":"merken","embeddable":true,"href":"https:\/\/www.ngdcare.nl\/de\/wp-json\/wp\/v2\/merken?post=12429"}],"curies":[{"name":"wp","href":"https:\/\/api.w.org\/{rel}","templated":true}]}}